{"id":1388,"date":"2009-05-12T13:02:27","date_gmt":"2009-05-12T11:02:27","guid":{"rendered":"http:\/\/www.rheinvalley.li\/?page_id=1388"},"modified":"2015-12-25T12:49:35","modified_gmt":"2015-12-25T10:49:35","slug":"mallorca-line-dance-wochen","status":"publish","type":"page","link":"https:\/\/www.rheinvalley.li\/?page_id=1388","title":{"rendered":"Mallorca Line Dance Wochen 2008 &#8211; 2011"},"content":{"rendered":"<p><strong>8. Mallorca Line Dance Woche<\/strong> 2. &#8211; 9. Oktober 2011<br \/>\nSonntag, 2. Oktober: Ankunft, Begr\u00fcssung und erstes Tanzen<\/p>ngg_shortcode_0_placeholder<p>&nbsp;<\/p>\n<p>&nbsp;<\/p>\n<p>&nbsp;<\/p>\n<p>&nbsp;<\/p>\n<p>&nbsp;<\/p>\n<p>&nbsp;<\/p>\n<p>&nbsp;<\/p>\n<p>Montag, 3. Oktober: Tanzen bei herrlichstem Wetter auf der sch\u00f6nen Terrasse<\/p>ngg_shortcode_1_placeholder<p>&nbsp;<\/p>\n<p>&nbsp;<\/p>\n<p>&nbsp;<\/p>\n<p>&nbsp;<\/p>\n<p>&nbsp;<\/p>\n<p>&nbsp;<\/p>\n<p>&nbsp;<\/p>\n<p>Dienstag, 4. Oktober: Bereits viele T\u00e4nze gelernt und dies am eigentlich erst zweiten Kurstag<\/p>ngg_shortcode_2_placeholder<p>&nbsp;<\/p>\n<p>&nbsp;<\/p>\n<p>&nbsp;<\/p>\n<p>&nbsp;<\/p>\n<p>&nbsp;<\/p>\n<p>&nbsp;<\/p>\n<p>&nbsp;<\/p>\n<p>Mittwoch, 5. Oktober: Lustiger Tag und spezielles Abendprogramm mit Max und Ren\u00e9 im Mittelpunkt \ud83d\ude42<\/p>ngg_shortcode_3_placeholder<p>&nbsp;<\/p>\n<p>&nbsp;<\/p>\n<p>&nbsp;<\/p>\n<p>&nbsp;<\/p>\n<p>&nbsp;<\/p>\n<p>&nbsp;<\/p>\n<p>Donnerstag, 6. Oktober: Ausflug &#8211; Inca &#8211; Tony Mora &#8211; Fabrica de las botas &#8211; Palma &#8211; Castel de Bellver &#8211; und Tanzen<\/p>ngg_shortcode_4_placeholder<p>&nbsp;<\/p>\n<p>&nbsp;<\/p>\n<p>&nbsp;<\/p>\n<p>&nbsp;<\/p>\n<p>&nbsp;<\/p>\n<p>&nbsp;<\/p>\n<p>Freitag, 7. Oktober:<\/p>ngg_shortcode_5_placeholder<p>Samstag, 8. Oktober:<\/p>ngg_shortcode_6_placeholder<p>Sonntag, 9. Oktober:<\/p>ngg_shortcode_7_placeholder<p><strong>Mallorca Line Dance Woche Oktober<\/strong>: 2. &#8211; 9.10.2011 : Fotos aufgenommen von Urs St\u00e4uble &#8211; vielen herzlichen Dank daf\u00fcr.<\/p>ngg_shortcode_8_placeholder<p><strong>Montag, 10.10.11:<\/strong> Hotel Marqu\u00e9s<\/p>ngg_shortcode_9_placeholder<p>&nbsp;<\/p>\n<p><strong>7. Mallorca Line Dance Woche \u00a08.-15. Mai 2011 <\/strong> Vom 8. Mai: Ankunft, Begr\u00fcssung und Diner im Hotel Marqu\u00e9s, Colonia St. Jordi \u00fcber Ausflug nach Inca, Palma bis zum Abschlusstag am 14. Mai und Heimreise am 15. Mai 11<\/p>ngg_shortcode_10_placeholder<p>&nbsp;<\/p>\n<p>&nbsp;<\/p>\n<p>&nbsp;<\/p>\n<p>&nbsp;<\/p>\n<p>&nbsp;<\/p>\n<p>&nbsp;<\/p>\n<p>&nbsp;<\/p>\n<p>&nbsp;<\/p>ngg_shortcode_11_placeholder<p>&nbsp;<\/p>\n<p>&nbsp;<\/p>\n<p>&nbsp;<\/p>\n<p>&nbsp;<\/p>\n<p>&nbsp;<\/p>\n<p>&nbsp;<\/p>\n<p>&nbsp;<\/p>\n<p>&nbsp;<\/p>ngg_shortcode_12_placeholder<p>&nbsp;<\/p>\n<p>&nbsp;<\/p>\n<p>&nbsp;<\/p>\n<p>&nbsp;<\/p>\n<p>&nbsp;<\/p>\n<p>&nbsp;<\/p>\n<p>&nbsp;<\/p>\n<p>&nbsp;<\/p>ngg_shortcode_13_placeholder<p>&nbsp;<\/p>\n<p>&nbsp;<\/p>\n<p>&nbsp;<\/p>\n<p>&nbsp;<\/p>\n<p>&nbsp;<\/p>\n<p>&nbsp;<\/p>\n<p>&nbsp;<\/p>\n<p>&nbsp;<\/p>ngg_shortcode_14_placeholder<p>&nbsp;<\/p>\n<p>&nbsp;<\/p>\n<p>&nbsp;<\/p>\n<p>&nbsp;<\/p>\n<p>&nbsp;<\/p>\n<p>&nbsp;<\/p>\n<p>&nbsp;<\/p>\n<p>&nbsp;<\/p>ngg_shortcode_15_placeholder<p>&nbsp;<\/p>\n<p>&nbsp;<\/p>\n<p>&nbsp;<\/p>\n<p>&nbsp;<\/p>\n<p>&nbsp;<\/p>\n<p>&nbsp;<\/p>\n<p>&nbsp;<\/p>\n<p>&nbsp;<\/p>ngg_shortcode_16_placeholder<p>&nbsp;<\/p>\n<p>&nbsp;<\/p>\n<p>&nbsp;<\/p>\n<p>&nbsp;<\/p>\n<p>&nbsp;<\/p>\n<p>&nbsp;<\/p>\n<p>&nbsp;<\/p>\n<p>&nbsp;<\/p>ngg_shortcode_17_placeholder<p>&nbsp;<\/p>\n<p>&nbsp;<\/p>\n<p>&nbsp;<\/p>\n<p>&nbsp;<\/p>\n<p>&nbsp;<\/p>\n<p>&nbsp;<\/p>\n<p>&nbsp;<\/p>\n<p>&nbsp;<\/p>\n<p><strong><strong>6. Mallorca Line Dance Woche 3. und 4. Oktober 2010<\/strong><br \/>\nWir hatten vom 3. &#8211; 10.10.10 eine tolle sagenhaft wundersch\u00f6ne Line Dance Woche auf Mallorca. Viele neue T\u00e4nze wurden gelernt, Ausflug nach Inca, Palma, Auftritt der Rhein Valley Line Dance Group mit Special Amy &amp; Amy, Line Dance Abschluss mit Ingrid und den Mallorca Line Dancern. Die Fotos werden nach und nach unter Mallorca Line Dance Wochen zu besichtigen sein. Danke allen Teilnehmerinnen und Teilnehmern.<\/strong><\/p>ngg_shortcode_18_placeholder<p>&nbsp;<\/p>\n<p>&nbsp;<\/p>\n<p>&nbsp;<\/p>\n<p>&nbsp;<\/p>\n<p>&nbsp;<\/p>\n<p>&nbsp;<\/p>\n<p>&nbsp;<\/p>\n<p>&nbsp;<\/p>\n<p>&nbsp;<\/p>\n<p>&nbsp;<\/p>\n<p>&nbsp;<\/p>\n<p><strong><strong>5. und 6. Oktober 2010<\/strong><\/strong><\/p>\n<p>&nbsp;<\/p>ngg_shortcode_19_placeholder<p><strong>7. und 8. Oktober 2010<\/strong><\/p>ngg_shortcode_20_placeholder<p>&nbsp;<\/p>\n<p>&nbsp;<\/p>\n<p>&nbsp;<\/p>\n<p>&nbsp;<\/p>\n<p>&nbsp;<\/p>\n<p>&nbsp;<\/p>\n<p>&nbsp;<\/p>\n<p>&nbsp;<\/p>\n<p>&nbsp;<\/p>\n<p>&nbsp;<\/p>\n<p>&nbsp;<\/p>\n<p><strong><strong>9. Oktober 2010 &#8211; tags\u00fcber<\/strong><\/strong><\/p>ngg_shortcode_21_placeholder<p>&nbsp;<\/p>\n<p>&nbsp;<\/p>\n<p>&nbsp;<\/p>\n<p>&nbsp;<\/p>\n<p>&nbsp;<\/p>\n<p>&nbsp;<\/p>\n<p>&nbsp;<\/p>\n<p>&nbsp;<\/p>\n<p>&nbsp;<\/p>\n<p><strong><strong>9. Oktober 2010 &#8211; Abend<br \/>\n<\/strong><br \/>\n<\/strong><\/p>ngg_shortcode_22_placeholder<p>&nbsp;<\/p>\n<p>&nbsp;<\/p>\n<p>&nbsp;<\/p>\n<p>&nbsp;<\/p>\n<p>&nbsp;<\/p>\n<p>&nbsp;<\/p>\n<p>&nbsp;<\/p>\n<p>&nbsp;<\/p>\n<p><strong><strong>9. und 10. Oktober 2010<br \/>\n<\/strong><br \/>\n<\/strong><\/p>ngg_shortcode_23_placeholder<p>&nbsp;<\/p>\n<p>&nbsp;<\/p>\n<p>&nbsp;<\/p>\n<p>&nbsp;<\/p>\n<p>&nbsp;<\/p>\n<p>&nbsp;<\/p>\n<p>&nbsp;<\/p>\n<p><strong>9. Oktober 2010 &#8211; Nacht<br \/>\n<\/strong><\/p>ngg_shortcode_24_placeholder<p><strong>5. Mallorca Line Dance Woche 9. Mai 2010<\/strong><\/p>ngg_shortcode_25_placeholder<p><strong>10. Mai 2010<\/strong><\/p>ngg_shortcode_26_placeholder<p><strong>11. Mai 2010<\/strong><\/p>ngg_shortcode_27_placeholder<p><strong>12. Mai 2010<\/strong><\/p>ngg_shortcode_28_placeholder<p><strong>13. Mai 2010<\/strong><\/p>ngg_shortcode_29_placeholder<p><strong>14. Mai 2010<\/strong><\/p>ngg_shortcode_30_placeholder<p><strong>15. Mai 2010<\/strong><\/p>ngg_shortcode_31_placeholder<p><strong>16. Mai 2010<\/strong><\/p>ngg_shortcode_32_placeholder<p><strong>4. Mallorca Line Dance Woche 4.10.09 <\/strong><\/p>ngg_shortcode_33_placeholder<p><strong>Mallorca Line Dance Woche 5.10.09 <\/strong><\/p>ngg_shortcode_34_placeholder<p><strong>Mallorca Line Dance Woche 6.10., 7.10., 8.10.09<\/strong><\/p>ngg_shortcode_35_placeholder<p><strong>Mallorca Line Dance Woche Okt.09, Fotos Astrid 1. Teil<\/strong><\/p>ngg_shortcode_36_placeholder<p><strong>Mallorca Line Dance Woche Okt.09, Fotos Astrid 2. Teil<\/strong><\/p>ngg_shortcode_37_placeholder<p><strong>Mallorca Line Dance Woche Okt.09 letzter Teil mit Diplom\u00fcbergabe<\/strong><\/p>ngg_shortcode_38_placeholder<p><strong>Mallorca Line Dance Woche 03.05.09<\/strong><\/p>ngg_shortcode_39_placeholder<p><strong>Mallorca Line Dance Woche 04.05.09<\/strong><\/p>ngg_shortcode_40_placeholder<p><strong>Mallorca Line Dance Woche 05.05.09<\/strong><\/p>ngg_shortcode_41_placeholder<p><strong>Mallorca Line Dance Woche 06.05.09 <\/strong><\/p>ngg_shortcode_42_placeholder<p><strong>Mallorca Line Dance Woche 07.05.09 Markt Inca-Fabrik Alaro<\/strong><\/p>ngg_shortcode_43_placeholder<p><strong>Mallorca Line Dance Woche 07.05.09 Stadt Palma-Kathedrale<\/strong><\/p>ngg_shortcode_44_placeholder<p><strong>Mallorca Line Dance Woche 07.05.09 La Bandera<\/strong><\/p>ngg_shortcode_45_placeholder<p><strong>Mallorca Line Dance Woche 08.05.09 Auftritt im Romantica<\/strong><\/p>ngg_shortcode_46_placeholder<p><strong>Mallorca Line Dance Woche 09.05.09<\/strong><\/p>ngg_shortcode_47_placeholder<p><strong>Mallorca Line Dance Woche 09.05.09 2. Teil<\/strong><\/p>ngg_shortcode_48_placeholder<p><strong>Mallorca Line Dance Woche 10.05.09<\/strong><\/p>ngg_shortcode_49_placeholder<p><strong>Mallorca Line Dance Woche Oktober 2008 Bilderserie Teil 1<\/strong><\/p>ngg_shortcode_50_placeholder<p>&nbsp;<\/p>\n<p>&nbsp;<\/p>\n","protected":false},"excerpt":{"rendered":"<p>8. Mallorca Line Dance Woche 2. &#8211; 9. Oktober 2011 Sonntag, 2. Oktober: Ankunft, Begr\u00fcssung und erstes Tanzen &nbsp; &nbsp; &nbsp; &nbsp; &nbsp; &nbsp; &nbsp; Montag, 3. Oktober: Tanzen bei herrlichstem Wetter auf der sch\u00f6nen Terrasse &nbsp; &nbsp; &nbsp; &nbsp; &nbsp; &nbsp; &nbsp; Dienstag, 4. Oktober: Bereits viele T\u00e4nze gelernt und dies am eigentlich erst [&hellip;]<\/p>\n","protected":false},"author":2,"featured_media":0,"parent":5468,"menu_order":0,"comment_status":"open","ping_status":"closed","template":"","meta":{"ngg_post_thumbnail":0,"footnotes":""},"class_list":["post-1388","page","type-page","status-publish","hentry"],"yoast_head":"<!-- This site is optimized with the Yoast SEO plugin v26.7 - https:\/\/yoast.com\/wordpress\/plugins\/seo\/ -->\n<title>Mallorca Line Dance Wochen 2008 - 2011 - Rhein Valley Line Dance Group<\/title>\n<meta name=\"robots\" content=\"index, follow, max-snippet:-1, max-image-preview:large, max-video-preview:-1\" \/>\n<link rel=\"canonical\" href=\"https:\/\/www.rheinvalley.li\/?page_id=1388\" \/>\n<meta property=\"og:locale\" content=\"de_DE\" \/>\n<meta property=\"og:type\" content=\"article\" \/>\n<meta property=\"og:title\" content=\"Mallorca Line Dance Wochen 2008 - 2011 - Rhein Valley Line Dance Group\" \/>\n<meta property=\"og:description\" content=\"8. Mallorca Line Dance Woche 2. &#8211; 9. Oktober 2011 Sonntag, 2. Oktober: Ankunft, Begr\u00fcssung und erstes Tanzen &nbsp; &nbsp; &nbsp; &nbsp; &nbsp; &nbsp; &nbsp; Montag, 3. Oktober: Tanzen bei herrlichstem Wetter auf der sch\u00f6nen Terrasse &nbsp; &nbsp; &nbsp; &nbsp; &nbsp; &nbsp; &nbsp; Dienstag, 4. Oktober: Bereits viele T\u00e4nze gelernt und dies am eigentlich erst [&hellip;]\" \/>\n<meta property=\"og:url\" content=\"https:\/\/www.rheinvalley.li\/?page_id=1388\" \/>\n<meta property=\"og:site_name\" content=\"Rhein Valley Line Dance Group\" \/>\n<meta property=\"article:modified_time\" content=\"2015-12-25T10:49:35+00:00\" \/>\n<meta name=\"twitter:label1\" content=\"Gesch\u00e4tzte Lesezeit\" \/>\n\t<meta name=\"twitter:data1\" content=\"3\u00a0Minuten\" \/>\n<script type=\"application\/ld+json\" class=\"yoast-schema-graph\">{\"@context\":\"https:\/\/schema.org\",\"@graph\":[{\"@type\":\"WebPage\",\"@id\":\"https:\/\/www.rheinvalley.li\/?page_id=1388\",\"url\":\"https:\/\/www.rheinvalley.li\/?page_id=1388\",\"name\":\"Mallorca Line Dance Wochen 2008 - 2011 - Rhein Valley Line Dance Group\",\"isPartOf\":{\"@id\":\"https:\/\/www.rheinvalley.li\/#website\"},\"datePublished\":\"2009-05-12T11:02:27+00:00\",\"dateModified\":\"2015-12-25T10:49:35+00:00\",\"breadcrumb\":{\"@id\":\"https:\/\/www.rheinvalley.li\/?page_id=1388#breadcrumb\"},\"inLanguage\":\"de\",\"potentialAction\":[{\"@type\":\"ReadAction\",\"target\":[\"https:\/\/www.rheinvalley.li\/?page_id=1388\"]}]},{\"@type\":\"BreadcrumbList\",\"@id\":\"https:\/\/www.rheinvalley.li\/?page_id=1388#breadcrumb\",\"itemListElement\":[{\"@type\":\"ListItem\",\"position\":1,\"name\":\"Home\",\"item\":\"https:\/\/www.rheinvalley.li\/\"},{\"@type\":\"ListItem\",\"position\":2,\"name\":\"Mallorca\",\"item\":\"https:\/\/www.rheinvalley.li\/?page_id=5468\"},{\"@type\":\"ListItem\",\"position\":3,\"name\":\"Mallorca Line Dance Wochen 2008 &#8211; 2011\"}]},{\"@type\":\"WebSite\",\"@id\":\"https:\/\/www.rheinvalley.li\/#website\",\"url\":\"https:\/\/www.rheinvalley.li\/\",\"name\":\"Rhein Valley Line Dance Group\",\"description\":\"Weil Tanzen einfach Spass macht...(Schweiz-Liechtenstein-Mallorca)\",\"publisher\":{\"@id\":\"https:\/\/www.rheinvalley.li\/#organization\"},\"potentialAction\":[{\"@type\":\"SearchAction\",\"target\":{\"@type\":\"EntryPoint\",\"urlTemplate\":\"https:\/\/www.rheinvalley.li\/?s={search_term_string}\"},\"query-input\":{\"@type\":\"PropertyValueSpecification\",\"valueRequired\":true,\"valueName\":\"search_term_string\"}}],\"inLanguage\":\"de\"},{\"@type\":\"Organization\",\"@id\":\"https:\/\/www.rheinvalley.li\/#organization\",\"name\":\"Rhein Valley Line Dance Group\",\"url\":\"https:\/\/www.rheinvalley.li\/\",\"logo\":{\"@type\":\"ImageObject\",\"inLanguage\":\"de\",\"@id\":\"https:\/\/www.rheinvalley.li\/#\/schema\/logo\/image\/\",\"url\":\"https:\/\/www.rheinvalley.li\/wp-content\/uploads\/2008\/08\/rheinvalley-hell.jpg\",\"contentUrl\":\"https:\/\/www.rheinvalley.li\/wp-content\/uploads\/2008\/08\/rheinvalley-hell.jpg\",\"width\":112,\"height\":100,\"caption\":\"Rhein Valley Line Dance Group\"},\"image\":{\"@id\":\"https:\/\/www.rheinvalley.li\/#\/schema\/logo\/image\/\"}}]}<\/script>\n<!-- \/ Yoast SEO plugin. -->","yoast_head_json":{"title":"Mallorca Line Dance Wochen 2008 - 2011 - Rhein Valley Line Dance Group","robots":{"index":"index","follow":"follow","max-snippet":"max-snippet:-1","max-image-preview":"max-image-preview:large","max-video-preview":"max-video-preview:-1"},"canonical":"https:\/\/www.rheinvalley.li\/?page_id=1388","og_locale":"de_DE","og_type":"article","og_title":"Mallorca Line Dance Wochen 2008 - 2011 - Rhein Valley Line Dance Group","og_description":"8. Mallorca Line Dance Woche 2. &#8211; 9. Oktober 2011 Sonntag, 2. Oktober: Ankunft, Begr\u00fcssung und erstes Tanzen &nbsp; &nbsp; &nbsp; &nbsp; &nbsp; &nbsp; &nbsp; Montag, 3. Oktober: Tanzen bei herrlichstem Wetter auf der sch\u00f6nen Terrasse &nbsp; &nbsp; &nbsp; &nbsp; &nbsp; &nbsp; &nbsp; Dienstag, 4. Oktober: Bereits viele T\u00e4nze gelernt und dies am eigentlich erst [&hellip;]","og_url":"https:\/\/www.rheinvalley.li\/?page_id=1388","og_site_name":"Rhein Valley Line Dance Group","article_modified_time":"2015-12-25T10:49:35+00:00","twitter_misc":{"Gesch\u00e4tzte Lesezeit":"3\u00a0Minuten"},"schema":{"@context":"https:\/\/schema.org","@graph":[{"@type":"WebPage","@id":"https:\/\/www.rheinvalley.li\/?page_id=1388","url":"https:\/\/www.rheinvalley.li\/?page_id=1388","name":"Mallorca Line Dance Wochen 2008 - 2011 - Rhein Valley Line Dance Group","isPartOf":{"@id":"https:\/\/www.rheinvalley.li\/#website"},"datePublished":"2009-05-12T11:02:27+00:00","dateModified":"2015-12-25T10:49:35+00:00","breadcrumb":{"@id":"https:\/\/www.rheinvalley.li\/?page_id=1388#breadcrumb"},"inLanguage":"de","potentialAction":[{"@type":"ReadAction","target":["https:\/\/www.rheinvalley.li\/?page_id=1388"]}]},{"@type":"BreadcrumbList","@id":"https:\/\/www.rheinvalley.li\/?page_id=1388#breadcrumb","itemListElement":[{"@type":"ListItem","position":1,"name":"Home","item":"https:\/\/www.rheinvalley.li\/"},{"@type":"ListItem","position":2,"name":"Mallorca","item":"https:\/\/www.rheinvalley.li\/?page_id=5468"},{"@type":"ListItem","position":3,"name":"Mallorca Line Dance Wochen 2008 &#8211; 2011"}]},{"@type":"WebSite","@id":"https:\/\/www.rheinvalley.li\/#website","url":"https:\/\/www.rheinvalley.li\/","name":"Rhein Valley Line Dance Group","description":"Weil Tanzen einfach Spass macht...(Schweiz-Liechtenstein-Mallorca)","publisher":{"@id":"https:\/\/www.rheinvalley.li\/#organization"},"potentialAction":[{"@type":"SearchAction","target":{"@type":"EntryPoint","urlTemplate":"https:\/\/www.rheinvalley.li\/?s={search_term_string}"},"query-input":{"@type":"PropertyValueSpecification","valueRequired":true,"valueName":"search_term_string"}}],"inLanguage":"de"},{"@type":"Organization","@id":"https:\/\/www.rheinvalley.li\/#organization","name":"Rhein Valley Line Dance Group","url":"https:\/\/www.rheinvalley.li\/","logo":{"@type":"ImageObject","inLanguage":"de","@id":"https:\/\/www.rheinvalley.li\/#\/schema\/logo\/image\/","url":"https:\/\/www.rheinvalley.li\/wp-content\/uploads\/2008\/08\/rheinvalley-hell.jpg","contentUrl":"https:\/\/www.rheinvalley.li\/wp-content\/uploads\/2008\/08\/rheinvalley-hell.jpg","width":112,"height":100,"caption":"Rhein Valley Line Dance Group"},"image":{"@id":"https:\/\/www.rheinvalley.li\/#\/schema\/logo\/image\/"}}]}},"_links":{"self":[{"href":"https:\/\/www.rheinvalley.li\/index.php?rest_route=\/wp\/v2\/pages\/1388","targetHints":{"allow":["GET"]}}],"collection":[{"href":"https:\/\/www.rheinvalley.li\/index.php?rest_route=\/wp\/v2\/pages"}],"about":[{"href":"https:\/\/www.rheinvalley.li\/index.php?rest_route=\/wp\/v2\/types\/page"}],"author":[{"embeddable":true,"href":"https:\/\/www.rheinvalley.li\/index.php?rest_route=\/wp\/v2\/users\/2"}],"replies":[{"embeddable":true,"href":"https:\/\/www.rheinvalley.li\/index.php?rest_route=%2Fwp%2Fv2%2Fcomments&post=1388"}],"version-history":[{"count":114,"href":"https:\/\/www.rheinvalley.li\/index.php?rest_route=\/wp\/v2\/pages\/1388\/revisions"}],"predecessor-version":[{"id":26628,"href":"https:\/\/www.rheinvalley.li\/index.php?rest_route=\/wp\/v2\/pages\/1388\/revisions\/26628"}],"up":[{"embeddable":true,"href":"https:\/\/www.rheinvalley.li\/index.php?rest_route=\/wp\/v2\/pages\/5468"}],"wp:attachment":[{"href":"https:\/\/www.rheinvalley.li\/index.php?rest_route=%2Fwp%2Fv2%2Fmedia&parent=1388"}],"curies":[{"name":"wp","href":"https:\/\/api.w.org\/{rel}","templated":true}]}}