{"id":1725,"date":"2010-01-23T19:41:56","date_gmt":"2010-01-23T17:41:56","guid":{"rendered":"http:\/\/www.rheinvalley.li\/?page_id=1725"},"modified":"2014-01-25T11:27:03","modified_gmt":"2014-01-25T09:27:03","slug":"kurse-2010","status":"publish","type":"page","link":"https:\/\/www.rheinvalley.li\/?page_id=1725","title":{"rendered":"Kurse 2010"},"content":{"rendered":"<p>27.11.10: Workshop bei den Mavericks Line Dancers, anl\u00e4sslich dem 10j\u00e4hrigen Jubil\u00e4um, anschliessend Dance Night<\/p>ngg_shortcode_0_placeholder<p>06.11.10: Workshop f\u00fcr den Eisclub Chur<\/p>ngg_shortcode_1_placeholder<p>05.11.10: Kurs Chur Caf\u00e9 Samba<\/p>ngg_shortcode_2_placeholder<p>02.11.10: Kurs Bendern<\/p>ngg_shortcode_3_placeholder<p>26.09.10: Tagesworkshop in Samedan &#8211; Danke allen die dabei waren! Ihr habt das super gemacht!<\/p>ngg_shortcode_4_placeholder<p>22.06.10: Vormittagskurs am Dienstag-Impressionen<\/p>ngg_shortcode_5_placeholder<p>20.06.10: Workshoptag in Samedan \u00a0&#8211; Toll war es wieder! \ud83d\ude42<\/p>ngg_shortcode_6_placeholder<p>27.03.10: Workshop Samedan 12.30 &#8211; 14.40 Uhr, 15.30 &#8211; 18.00 Uhr<\/p>ngg_shortcode_7_placeholder<p>11.03.10: Workshop &#8211; Internationales Frauencaf\u00e9<br \/>\nJugendraum GZResch, Schaan 9 &#8211; 11 Uhr<\/p>ngg_shortcode_8_placeholder<p>Kurs \u00fcber den Seniorenbund Liechtenstein<br \/>\n09.02. bis 16.03.10, Dance Hall Bendern<\/p>ngg_shortcode_9_placeholder<p>Kurs Chur 03.03.10 Rheinkrone<\/p>ngg_shortcode_10_placeholder<p>14.01.10 MusicalKids Kurzkurs Line Dance Nendeln<\/p>ngg_shortcode_11_placeholder<p>16.01.10 Workshop in Samedan<\/p>ngg_shortcode_12_placeholder<p>17.01.10 Workshop in Samedan 2. Tag<\/p>ngg_shortcode_13_placeholder<p>18.01.10 KidsKurs Dance Hall Bendern mit 1FL TV<\/p>ngg_shortcode_14_placeholder<p>20.01.10 Kurs Chur<\/p>ngg_shortcode_15_placeholder<p>23.01.10 Workshop Klubschule<\/p>ngg_shortcode_16_placeholder","protected":false},"excerpt":{"rendered":"<p>27.11.10: Workshop bei den Mavericks Line Dancers, anl\u00e4sslich dem 10j\u00e4hrigen Jubil\u00e4um, anschliessend Dance Night 06.11.10: Workshop f\u00fcr den Eisclub Chur 05.11.10: Kurs Chur Caf\u00e9 Samba 02.11.10: Kurs Bendern 26.09.10: Tagesworkshop in Samedan &#8211; Danke allen die dabei waren! Ihr habt das super gemacht! 22.06.10: Vormittagskurs am Dienstag-Impressionen 20.06.10: Workshoptag in Samedan \u00a0&#8211; Toll war es [&hellip;]<\/p>\n","protected":false},"author":2,"featured_media":0,"parent":153,"menu_order":23,"comment_status":"open","ping_status":"closed","template":"","meta":{"ngg_post_thumbnail":0,"footnotes":""},"class_list":["post-1725","page","type-page","status-publish","hentry"],"yoast_head":"<!-- This site is optimized with the Yoast SEO plugin v26.7 - https:\/\/yoast.com\/wordpress\/plugins\/seo\/ -->\n<title>Kurse 2010 - Rhein Valley Line Dance Group<\/title>\n<meta name=\"robots\" content=\"index, follow, max-snippet:-1, max-image-preview:large, max-video-preview:-1\" \/>\n<link rel=\"canonical\" href=\"https:\/\/www.rheinvalley.li\/?page_id=1725\" \/>\n<meta property=\"og:locale\" content=\"de_DE\" \/>\n<meta property=\"og:type\" content=\"article\" \/>\n<meta property=\"og:title\" content=\"Kurse 2010 - Rhein Valley Line Dance Group\" \/>\n<meta property=\"og:description\" content=\"27.11.10: Workshop bei den Mavericks Line Dancers, anl\u00e4sslich dem 10j\u00e4hrigen Jubil\u00e4um, anschliessend Dance Night 06.11.10: Workshop f\u00fcr den Eisclub Chur 05.11.10: Kurs Chur Caf\u00e9 Samba 02.11.10: Kurs Bendern 26.09.10: Tagesworkshop in Samedan &#8211; Danke allen die dabei waren! Ihr habt das super gemacht! 22.06.10: Vormittagskurs am Dienstag-Impressionen 20.06.10: Workshoptag in Samedan \u00a0&#8211; Toll war es [&hellip;]\" \/>\n<meta property=\"og:url\" content=\"https:\/\/www.rheinvalley.li\/?page_id=1725\" \/>\n<meta property=\"og:site_name\" content=\"Rhein Valley Line Dance Group\" \/>\n<meta property=\"article:modified_time\" content=\"2014-01-25T09:27:03+00:00\" \/>\n<meta name=\"twitter:label1\" content=\"Gesch\u00e4tzte Lesezeit\" \/>\n\t<meta name=\"twitter:data1\" content=\"1\u00a0Minute\" \/>\n<script type=\"application\/ld+json\" class=\"yoast-schema-graph\">{\"@context\":\"https:\/\/schema.org\",\"@graph\":[{\"@type\":\"WebPage\",\"@id\":\"https:\/\/www.rheinvalley.li\/?page_id=1725\",\"url\":\"https:\/\/www.rheinvalley.li\/?page_id=1725\",\"name\":\"Kurse 2010 - Rhein Valley Line Dance Group\",\"isPartOf\":{\"@id\":\"https:\/\/www.rheinvalley.li\/#website\"},\"datePublished\":\"2010-01-23T17:41:56+00:00\",\"dateModified\":\"2014-01-25T09:27:03+00:00\",\"breadcrumb\":{\"@id\":\"https:\/\/www.rheinvalley.li\/?page_id=1725#breadcrumb\"},\"inLanguage\":\"de\",\"potentialAction\":[{\"@type\":\"ReadAction\",\"target\":[\"https:\/\/www.rheinvalley.li\/?page_id=1725\"]}]},{\"@type\":\"BreadcrumbList\",\"@id\":\"https:\/\/www.rheinvalley.li\/?page_id=1725#breadcrumb\",\"itemListElement\":[{\"@type\":\"ListItem\",\"position\":1,\"name\":\"Home\",\"item\":\"https:\/\/www.rheinvalley.li\/\"},{\"@type\":\"ListItem\",\"position\":2,\"name\":\"Fotos\",\"item\":\"https:\/\/www.rheinvalley.li\/?page_id=153\"},{\"@type\":\"ListItem\",\"position\":3,\"name\":\"Kurse 2010\"}]},{\"@type\":\"WebSite\",\"@id\":\"https:\/\/www.rheinvalley.li\/#website\",\"url\":\"https:\/\/www.rheinvalley.li\/\",\"name\":\"Rhein Valley Line Dance Group\",\"description\":\"Weil Tanzen einfach Spass macht...(Schweiz-Liechtenstein-Mallorca)\",\"publisher\":{\"@id\":\"https:\/\/www.rheinvalley.li\/#organization\"},\"potentialAction\":[{\"@type\":\"SearchAction\",\"target\":{\"@type\":\"EntryPoint\",\"urlTemplate\":\"https:\/\/www.rheinvalley.li\/?s={search_term_string}\"},\"query-input\":{\"@type\":\"PropertyValueSpecification\",\"valueRequired\":true,\"valueName\":\"search_term_string\"}}],\"inLanguage\":\"de\"},{\"@type\":\"Organization\",\"@id\":\"https:\/\/www.rheinvalley.li\/#organization\",\"name\":\"Rhein Valley Line Dance Group\",\"url\":\"https:\/\/www.rheinvalley.li\/\",\"logo\":{\"@type\":\"ImageObject\",\"inLanguage\":\"de\",\"@id\":\"https:\/\/www.rheinvalley.li\/#\/schema\/logo\/image\/\",\"url\":\"https:\/\/www.rheinvalley.li\/wp-content\/uploads\/2008\/08\/rheinvalley-hell.jpg\",\"contentUrl\":\"https:\/\/www.rheinvalley.li\/wp-content\/uploads\/2008\/08\/rheinvalley-hell.jpg\",\"width\":112,\"height\":100,\"caption\":\"Rhein Valley Line Dance Group\"},\"image\":{\"@id\":\"https:\/\/www.rheinvalley.li\/#\/schema\/logo\/image\/\"}}]}<\/script>\n<!-- \/ Yoast SEO plugin. -->","yoast_head_json":{"title":"Kurse 2010 - Rhein Valley Line Dance Group","robots":{"index":"index","follow":"follow","max-snippet":"max-snippet:-1","max-image-preview":"max-image-preview:large","max-video-preview":"max-video-preview:-1"},"canonical":"https:\/\/www.rheinvalley.li\/?page_id=1725","og_locale":"de_DE","og_type":"article","og_title":"Kurse 2010 - Rhein Valley Line Dance Group","og_description":"27.11.10: Workshop bei den Mavericks Line Dancers, anl\u00e4sslich dem 10j\u00e4hrigen Jubil\u00e4um, anschliessend Dance Night 06.11.10: Workshop f\u00fcr den Eisclub Chur 05.11.10: Kurs Chur Caf\u00e9 Samba 02.11.10: Kurs Bendern 26.09.10: Tagesworkshop in Samedan &#8211; Danke allen die dabei waren! Ihr habt das super gemacht! 22.06.10: Vormittagskurs am Dienstag-Impressionen 20.06.10: Workshoptag in Samedan \u00a0&#8211; Toll war es [&hellip;]","og_url":"https:\/\/www.rheinvalley.li\/?page_id=1725","og_site_name":"Rhein Valley Line Dance Group","article_modified_time":"2014-01-25T09:27:03+00:00","twitter_misc":{"Gesch\u00e4tzte Lesezeit":"1\u00a0Minute"},"schema":{"@context":"https:\/\/schema.org","@graph":[{"@type":"WebPage","@id":"https:\/\/www.rheinvalley.li\/?page_id=1725","url":"https:\/\/www.rheinvalley.li\/?page_id=1725","name":"Kurse 2010 - Rhein Valley Line Dance Group","isPartOf":{"@id":"https:\/\/www.rheinvalley.li\/#website"},"datePublished":"2010-01-23T17:41:56+00:00","dateModified":"2014-01-25T09:27:03+00:00","breadcrumb":{"@id":"https:\/\/www.rheinvalley.li\/?page_id=1725#breadcrumb"},"inLanguage":"de","potentialAction":[{"@type":"ReadAction","target":["https:\/\/www.rheinvalley.li\/?page_id=1725"]}]},{"@type":"BreadcrumbList","@id":"https:\/\/www.rheinvalley.li\/?page_id=1725#breadcrumb","itemListElement":[{"@type":"ListItem","position":1,"name":"Home","item":"https:\/\/www.rheinvalley.li\/"},{"@type":"ListItem","position":2,"name":"Fotos","item":"https:\/\/www.rheinvalley.li\/?page_id=153"},{"@type":"ListItem","position":3,"name":"Kurse 2010"}]},{"@type":"WebSite","@id":"https:\/\/www.rheinvalley.li\/#website","url":"https:\/\/www.rheinvalley.li\/","name":"Rhein Valley Line Dance Group","description":"Weil Tanzen einfach Spass macht...(Schweiz-Liechtenstein-Mallorca)","publisher":{"@id":"https:\/\/www.rheinvalley.li\/#organization"},"potentialAction":[{"@type":"SearchAction","target":{"@type":"EntryPoint","urlTemplate":"https:\/\/www.rheinvalley.li\/?s={search_term_string}"},"query-input":{"@type":"PropertyValueSpecification","valueRequired":true,"valueName":"search_term_string"}}],"inLanguage":"de"},{"@type":"Organization","@id":"https:\/\/www.rheinvalley.li\/#organization","name":"Rhein Valley Line Dance Group","url":"https:\/\/www.rheinvalley.li\/","logo":{"@type":"ImageObject","inLanguage":"de","@id":"https:\/\/www.rheinvalley.li\/#\/schema\/logo\/image\/","url":"https:\/\/www.rheinvalley.li\/wp-content\/uploads\/2008\/08\/rheinvalley-hell.jpg","contentUrl":"https:\/\/www.rheinvalley.li\/wp-content\/uploads\/2008\/08\/rheinvalley-hell.jpg","width":112,"height":100,"caption":"Rhein Valley Line Dance Group"},"image":{"@id":"https:\/\/www.rheinvalley.li\/#\/schema\/logo\/image\/"}}]}},"_links":{"self":[{"href":"https:\/\/www.rheinvalley.li\/index.php?rest_route=\/wp\/v2\/pages\/1725","targetHints":{"allow":["GET"]}}],"collection":[{"href":"https:\/\/www.rheinvalley.li\/index.php?rest_route=\/wp\/v2\/pages"}],"about":[{"href":"https:\/\/www.rheinvalley.li\/index.php?rest_route=\/wp\/v2\/types\/page"}],"author":[{"embeddable":true,"href":"https:\/\/www.rheinvalley.li\/index.php?rest_route=\/wp\/v2\/users\/2"}],"replies":[{"embeddable":true,"href":"https:\/\/www.rheinvalley.li\/index.php?rest_route=%2Fwp%2Fv2%2Fcomments&post=1725"}],"version-history":[{"count":21,"href":"https:\/\/www.rheinvalley.li\/index.php?rest_route=\/wp\/v2\/pages\/1725\/revisions"}],"predecessor-version":[{"id":3498,"href":"https:\/\/www.rheinvalley.li\/index.php?rest_route=\/wp\/v2\/pages\/1725\/revisions\/3498"}],"up":[{"embeddable":true,"href":"https:\/\/www.rheinvalley.li\/index.php?rest_route=\/wp\/v2\/pages\/153"}],"wp:attachment":[{"href":"https:\/\/www.rheinvalley.li\/index.php?rest_route=%2Fwp%2Fv2%2Fmedia&parent=1725"}],"curies":[{"name":"wp","href":"https:\/\/api.w.org\/{rel}","templated":true}]}}