{"id":2310,"date":"2011-01-10T11:41:51","date_gmt":"2011-01-10T09:41:51","guid":{"rendered":"http:\/\/www.rheinvalley.li\/?page_id=2310"},"modified":"2014-01-25T11:33:50","modified_gmt":"2014-01-25T09:33:50","slug":"line-dance-nights-2011","status":"publish","type":"page","link":"https:\/\/www.rheinvalley.li\/?page_id=2310","title":{"rendered":"Line Dance Nights 2011"},"content":{"rendered":"<p><strong>16.12.11: x-mas line dance night<\/strong> (35. Dance Night) in der Dance Hall in Bendern ab 20 Uhr mit Ueberraschungen und Workshoptanz: x-Mas Rock. Die Dance Hall war voll mit lieben Line Dancern die von nah und fern angereist sind. Danke allen f\u00fcrs Kommen. Als Dankesch\u00f6n f\u00fcr die Treue das ganze Jahr \u00fcber war die Dance Night gratis sowie auch die verschiedenen Leckereien. Danke allen die dazu beigetragen haben. Danke auch Anita Marxer f\u00fcr das kleine Konzert am Alphorn. Ein paar Fotos von diesem Abend sind bereits hier abrufbereit. Danke an den Fotographen Peter Kuhn. Viel Spass beim Durchschauen.<br \/>ngg_shortcode_0_placeholder\n<p><strong>3. BIG LINE DANCE NIGHT<\/strong> &#8211; Samstag, 22. Oktober 2011 im Forum im Ried mit Marco Gottardi &amp; The Silver Dollar Band (34. Dance Night) Workshops mit Ingrid Monti und Patricia Foi &#8211; Workshops: Love Bucket, I&#8217;m Yours, I&#8217;m No Good (mehr Fotos folgen)<br \/>ngg_shortcode_1_placeholder\n<p><strong>22.10.11:<\/strong> Fotos von Monica Gmeiner:<br \/>ngg_shortcode_2_placeholder\n<p><strong>3. Big Line :<\/strong> Fotos von Katharina Weiss:<br \/>ngg_shortcode_3_placeholderngg_shortcode_4_placeholder\n<p>33. Rhein Valley Line Dance Night &#8211; 23. September 2011 &#8211; Danke allen f\u00fcr den wundersch\u00f6nen Abend \ud83d\ude42 Workshoptanz: Bruno&#8217;s Way<\/p>ngg_shortcode_5_placeholder<p>32. Rhein Valley Line Dance Night &#8211; 27. Mai 2011 &#8211; Der Workshoptanz: Angelina Cha Cha<\/p>ngg_shortcode_6_placeholder<p>31. Rhein Valley Line Dance Night &#8211; 25. M\u00e4rz 2011 &#8211; Schon wieder ist ein toller stimmiger Abend vorbei. Danke Euch allen. Der Workshoptanz: Cabo San Lucas<\/p>ngg_shortcode_7_placeholder<p>30. Rhein Valley Line Dance Night &#8211; 25. Februar 2011 &#8211; Danke allen die dabei waren. Es war super mit Euch. Der Workshoptanz: Stomp &amp; Kick<\/p>ngg_shortcode_8_placeholder","protected":false},"excerpt":{"rendered":"<p>16.12.11: x-mas line dance night (35. Dance Night) in der Dance Hall in Bendern ab 20 Uhr mit Ueberraschungen und Workshoptanz: x-Mas Rock. Die Dance Hall war voll mit lieben Line Dancern die von nah und fern angereist sind. Danke allen f\u00fcrs Kommen. Als Dankesch\u00f6n f\u00fcr die Treue das ganze Jahr \u00fcber war die Dance [&hellip;]<\/p>\n","protected":false},"author":2,"featured_media":0,"parent":153,"menu_order":64,"comment_status":"open","ping_status":"closed","template":"","meta":{"ngg_post_thumbnail":0,"footnotes":""},"class_list":["post-2310","page","type-page","status-publish","hentry"],"yoast_head":"<!-- This site is optimized with the Yoast SEO plugin v26.7 - https:\/\/yoast.com\/wordpress\/plugins\/seo\/ -->\n<title>Line Dance Nights 2011 - Rhein Valley Line Dance Group<\/title>\n<meta name=\"robots\" content=\"index, follow, max-snippet:-1, max-image-preview:large, max-video-preview:-1\" \/>\n<link rel=\"canonical\" href=\"https:\/\/www.rheinvalley.li\/?page_id=2310\" \/>\n<meta property=\"og:locale\" content=\"de_DE\" \/>\n<meta property=\"og:type\" content=\"article\" \/>\n<meta property=\"og:title\" content=\"Line Dance Nights 2011 - Rhein Valley Line Dance Group\" \/>\n<meta property=\"og:description\" content=\"16.12.11: x-mas line dance night (35. Dance Night) in der Dance Hall in Bendern ab 20 Uhr mit Ueberraschungen und Workshoptanz: x-Mas Rock. Die Dance Hall war voll mit lieben Line Dancern die von nah und fern angereist sind. Danke allen f\u00fcrs Kommen. Als Dankesch\u00f6n f\u00fcr die Treue das ganze Jahr \u00fcber war die Dance [&hellip;]\" \/>\n<meta property=\"og:url\" content=\"https:\/\/www.rheinvalley.li\/?page_id=2310\" \/>\n<meta property=\"og:site_name\" content=\"Rhein Valley Line Dance Group\" \/>\n<meta property=\"article:modified_time\" content=\"2014-01-25T09:33:50+00:00\" \/>\n<meta name=\"twitter:label1\" content=\"Gesch\u00e4tzte Lesezeit\" \/>\n\t<meta name=\"twitter:data1\" content=\"1\u00a0Minute\" \/>\n<script type=\"application\/ld+json\" class=\"yoast-schema-graph\">{\"@context\":\"https:\/\/schema.org\",\"@graph\":[{\"@type\":\"WebPage\",\"@id\":\"https:\/\/www.rheinvalley.li\/?page_id=2310\",\"url\":\"https:\/\/www.rheinvalley.li\/?page_id=2310\",\"name\":\"Line Dance Nights 2011 - Rhein Valley Line Dance Group\",\"isPartOf\":{\"@id\":\"https:\/\/www.rheinvalley.li\/#website\"},\"datePublished\":\"2011-01-10T09:41:51+00:00\",\"dateModified\":\"2014-01-25T09:33:50+00:00\",\"breadcrumb\":{\"@id\":\"https:\/\/www.rheinvalley.li\/?page_id=2310#breadcrumb\"},\"inLanguage\":\"de\",\"potentialAction\":[{\"@type\":\"ReadAction\",\"target\":[\"https:\/\/www.rheinvalley.li\/?page_id=2310\"]}]},{\"@type\":\"BreadcrumbList\",\"@id\":\"https:\/\/www.rheinvalley.li\/?page_id=2310#breadcrumb\",\"itemListElement\":[{\"@type\":\"ListItem\",\"position\":1,\"name\":\"Home\",\"item\":\"https:\/\/www.rheinvalley.li\/\"},{\"@type\":\"ListItem\",\"position\":2,\"name\":\"Fotos\",\"item\":\"https:\/\/www.rheinvalley.li\/?page_id=153\"},{\"@type\":\"ListItem\",\"position\":3,\"name\":\"Line Dance Nights 2011\"}]},{\"@type\":\"WebSite\",\"@id\":\"https:\/\/www.rheinvalley.li\/#website\",\"url\":\"https:\/\/www.rheinvalley.li\/\",\"name\":\"Rhein Valley Line Dance Group\",\"description\":\"Weil Tanzen einfach Spass macht...(Schweiz-Liechtenstein-Mallorca)\",\"publisher\":{\"@id\":\"https:\/\/www.rheinvalley.li\/#organization\"},\"potentialAction\":[{\"@type\":\"SearchAction\",\"target\":{\"@type\":\"EntryPoint\",\"urlTemplate\":\"https:\/\/www.rheinvalley.li\/?s={search_term_string}\"},\"query-input\":{\"@type\":\"PropertyValueSpecification\",\"valueRequired\":true,\"valueName\":\"search_term_string\"}}],\"inLanguage\":\"de\"},{\"@type\":\"Organization\",\"@id\":\"https:\/\/www.rheinvalley.li\/#organization\",\"name\":\"Rhein Valley Line Dance Group\",\"url\":\"https:\/\/www.rheinvalley.li\/\",\"logo\":{\"@type\":\"ImageObject\",\"inLanguage\":\"de\",\"@id\":\"https:\/\/www.rheinvalley.li\/#\/schema\/logo\/image\/\",\"url\":\"https:\/\/www.rheinvalley.li\/wp-content\/uploads\/2008\/08\/rheinvalley-hell.jpg\",\"contentUrl\":\"https:\/\/www.rheinvalley.li\/wp-content\/uploads\/2008\/08\/rheinvalley-hell.jpg\",\"width\":112,\"height\":100,\"caption\":\"Rhein Valley Line Dance Group\"},\"image\":{\"@id\":\"https:\/\/www.rheinvalley.li\/#\/schema\/logo\/image\/\"}}]}<\/script>\n<!-- \/ Yoast SEO plugin. -->","yoast_head_json":{"title":"Line Dance Nights 2011 - Rhein Valley Line Dance Group","robots":{"index":"index","follow":"follow","max-snippet":"max-snippet:-1","max-image-preview":"max-image-preview:large","max-video-preview":"max-video-preview:-1"},"canonical":"https:\/\/www.rheinvalley.li\/?page_id=2310","og_locale":"de_DE","og_type":"article","og_title":"Line Dance Nights 2011 - Rhein Valley Line Dance Group","og_description":"16.12.11: x-mas line dance night (35. Dance Night) in der Dance Hall in Bendern ab 20 Uhr mit Ueberraschungen und Workshoptanz: x-Mas Rock. Die Dance Hall war voll mit lieben Line Dancern die von nah und fern angereist sind. Danke allen f\u00fcrs Kommen. Als Dankesch\u00f6n f\u00fcr die Treue das ganze Jahr \u00fcber war die Dance [&hellip;]","og_url":"https:\/\/www.rheinvalley.li\/?page_id=2310","og_site_name":"Rhein Valley Line Dance Group","article_modified_time":"2014-01-25T09:33:50+00:00","twitter_misc":{"Gesch\u00e4tzte Lesezeit":"1\u00a0Minute"},"schema":{"@context":"https:\/\/schema.org","@graph":[{"@type":"WebPage","@id":"https:\/\/www.rheinvalley.li\/?page_id=2310","url":"https:\/\/www.rheinvalley.li\/?page_id=2310","name":"Line Dance Nights 2011 - Rhein Valley Line Dance Group","isPartOf":{"@id":"https:\/\/www.rheinvalley.li\/#website"},"datePublished":"2011-01-10T09:41:51+00:00","dateModified":"2014-01-25T09:33:50+00:00","breadcrumb":{"@id":"https:\/\/www.rheinvalley.li\/?page_id=2310#breadcrumb"},"inLanguage":"de","potentialAction":[{"@type":"ReadAction","target":["https:\/\/www.rheinvalley.li\/?page_id=2310"]}]},{"@type":"BreadcrumbList","@id":"https:\/\/www.rheinvalley.li\/?page_id=2310#breadcrumb","itemListElement":[{"@type":"ListItem","position":1,"name":"Home","item":"https:\/\/www.rheinvalley.li\/"},{"@type":"ListItem","position":2,"name":"Fotos","item":"https:\/\/www.rheinvalley.li\/?page_id=153"},{"@type":"ListItem","position":3,"name":"Line Dance Nights 2011"}]},{"@type":"WebSite","@id":"https:\/\/www.rheinvalley.li\/#website","url":"https:\/\/www.rheinvalley.li\/","name":"Rhein Valley Line Dance Group","description":"Weil Tanzen einfach Spass macht...(Schweiz-Liechtenstein-Mallorca)","publisher":{"@id":"https:\/\/www.rheinvalley.li\/#organization"},"potentialAction":[{"@type":"SearchAction","target":{"@type":"EntryPoint","urlTemplate":"https:\/\/www.rheinvalley.li\/?s={search_term_string}"},"query-input":{"@type":"PropertyValueSpecification","valueRequired":true,"valueName":"search_term_string"}}],"inLanguage":"de"},{"@type":"Organization","@id":"https:\/\/www.rheinvalley.li\/#organization","name":"Rhein Valley Line Dance Group","url":"https:\/\/www.rheinvalley.li\/","logo":{"@type":"ImageObject","inLanguage":"de","@id":"https:\/\/www.rheinvalley.li\/#\/schema\/logo\/image\/","url":"https:\/\/www.rheinvalley.li\/wp-content\/uploads\/2008\/08\/rheinvalley-hell.jpg","contentUrl":"https:\/\/www.rheinvalley.li\/wp-content\/uploads\/2008\/08\/rheinvalley-hell.jpg","width":112,"height":100,"caption":"Rhein Valley Line Dance Group"},"image":{"@id":"https:\/\/www.rheinvalley.li\/#\/schema\/logo\/image\/"}}]}},"_links":{"self":[{"href":"https:\/\/www.rheinvalley.li\/index.php?rest_route=\/wp\/v2\/pages\/2310","targetHints":{"allow":["GET"]}}],"collection":[{"href":"https:\/\/www.rheinvalley.li\/index.php?rest_route=\/wp\/v2\/pages"}],"about":[{"href":"https:\/\/www.rheinvalley.li\/index.php?rest_route=\/wp\/v2\/types\/page"}],"author":[{"embeddable":true,"href":"https:\/\/www.rheinvalley.li\/index.php?rest_route=\/wp\/v2\/users\/2"}],"replies":[{"embeddable":true,"href":"https:\/\/www.rheinvalley.li\/index.php?rest_route=%2Fwp%2Fv2%2Fcomments&post=2310"}],"version-history":[{"count":16,"href":"https:\/\/www.rheinvalley.li\/index.php?rest_route=\/wp\/v2\/pages\/2310\/revisions"}],"predecessor-version":[{"id":3515,"href":"https:\/\/www.rheinvalley.li\/index.php?rest_route=\/wp\/v2\/pages\/2310\/revisions\/3515"}],"up":[{"embeddable":true,"href":"https:\/\/www.rheinvalley.li\/index.php?rest_route=\/wp\/v2\/pages\/153"}],"wp:attachment":[{"href":"https:\/\/www.rheinvalley.li\/index.php?rest_route=%2Fwp%2Fv2%2Fmedia&parent=2310"}],"curies":[{"name":"wp","href":"https:\/\/api.w.org\/{rel}","templated":true}]}}