{"id":2314,"date":"2011-01-10T11:44:35","date_gmt":"2011-01-10T09:44:35","guid":{"rendered":"http:\/\/www.rheinvalley.li\/?page_id=2314"},"modified":"2014-01-25T11:27:21","modified_gmt":"2014-01-25T09:27:21","slug":"kurse-2011","status":"publish","type":"page","link":"https:\/\/www.rheinvalley.li\/?page_id=2314","title":{"rendered":"Kurse 2011"},"content":{"rendered":"<p><strong>Freitag, 30.12.11:<\/strong> Workshoptag in Rheineck &#8211; Thal &#8211; Landjugend in zwei Gruppen. 1. Gruppe am Vormittag:<br \/>ngg_shortcode_0_placeholder\n2. Gruppe am Nachmittag:<br \/>ngg_shortcode_1_placeholder\nDanke allen f\u00fcr den sch\u00f6nen Tag bei und mit Euch &#8211; Lizzy, Christopher und Victoria<\/p>\n<p><strong>Mittwoch, 21.12.11:<\/strong> Projekttage Realschule Vaduz &#8211; 1. Tag: 9.15 &#8211; 11.15 Uhr<br \/>\nRealsch\u00fcler aus Vaduz tanzen Line Dance &#8211; super gut!!!!!!!!! Anbei ein paar Fotoimpressionen<br \/>ngg_shortcode_2_placeholder\n<p><strong>Freitag, 23.12.11:<\/strong> Am zweiten Vormittag wurde wiederholt und neues einstudiert. \ud83d\ude42<br \/>ngg_shortcode_3_placeholder\n<p><strong>27.11.11:<\/strong> Workshoptag in Samedan<br \/>ngg_shortcode_4_placeholder\n<p><strong>12.11.11:<\/strong> 10 Jahre Tanzclub Engadin &#8211; Workshops tags\u00fcber und Gala-Abend im wundersch\u00f6nen Rondo Pontresina &#8211; 9 Uhr Vormittag bis 02.00 Uhr in der Nacht. Verschiedene Auff\u00fchrungen, u.a. auch &#8222;meine&#8220; Engiadina Line Dancers. \ud83d\ude42<br \/>ngg_shortcode_5_placeholder\n<p><strong>18.06.11:<\/strong> Sommernachtsball in Schaan, Auftritt von Victoria<br \/>\n<strong>19.06.11:<\/strong> Workshoptag in Samedan\/Engadin<br \/>ngg_shortcode_6_placeholder\n<p><strong>27.05.11: Tanzen in der Grossab\u00fcnt <\/strong>&#8211; Premiere 9-11 Uhr<br \/>ngg_shortcode_7_placeholder\n<p><strong>16.01.11<\/strong>: Workshoptag in Samedan<br \/>ngg_shortcode_8_placeholder\n<p><strong>06.01.11<\/strong><\/p>\n<p><strong> <span style=\"font-weight: normal;\">3-K\u00f6nigs-Line-Dance in der Dance Hall in Bendern<\/span><\/strong><\/p>\n<p><strong> <\/strong><strong>ngg_shortcode_9_placeholder\n<p><\/strong><\/p>\n<p>&nbsp;<\/p>\n<p>&nbsp;<\/p>\n<p>&nbsp;<\/p>\n<p>&nbsp;<\/p>\n<p>&nbsp;<\/p>\n<p>&nbsp;<\/p>\n<p>&nbsp;<\/p>\n","protected":false},"excerpt":{"rendered":"<p>Freitag, 30.12.11: Workshoptag in Rheineck &#8211; Thal &#8211; Landjugend in zwei Gruppen. 1. Gruppe am Vormittag: 2. Gruppe am Nachmittag: Danke allen f\u00fcr den sch\u00f6nen Tag bei und mit Euch &#8211; Lizzy, Christopher und Victoria Mittwoch, 21.12.11: Projekttage Realschule Vaduz &#8211; 1. Tag: 9.15 &#8211; 11.15 Uhr Realsch\u00fcler aus Vaduz tanzen Line Dance &#8211; super [&hellip;]<\/p>\n","protected":false},"author":2,"featured_media":0,"parent":153,"menu_order":24,"comment_status":"open","ping_status":"closed","template":"","meta":{"ngg_post_thumbnail":0,"footnotes":""},"class_list":["post-2314","page","type-page","status-publish","hentry"],"yoast_head":"<!-- This site is optimized with the Yoast SEO plugin v26.7 - https:\/\/yoast.com\/wordpress\/plugins\/seo\/ -->\n<title>Kurse 2011 - Rhein Valley Line Dance Group<\/title>\n<meta name=\"robots\" content=\"index, follow, max-snippet:-1, max-image-preview:large, max-video-preview:-1\" \/>\n<link rel=\"canonical\" href=\"https:\/\/www.rheinvalley.li\/?page_id=2314\" \/>\n<meta property=\"og:locale\" content=\"de_DE\" \/>\n<meta property=\"og:type\" content=\"article\" \/>\n<meta property=\"og:title\" content=\"Kurse 2011 - Rhein Valley Line Dance Group\" \/>\n<meta property=\"og:description\" content=\"Freitag, 30.12.11: Workshoptag in Rheineck &#8211; Thal &#8211; Landjugend in zwei Gruppen. 1. Gruppe am Vormittag: 2. Gruppe am Nachmittag: Danke allen f\u00fcr den sch\u00f6nen Tag bei und mit Euch &#8211; Lizzy, Christopher und Victoria Mittwoch, 21.12.11: Projekttage Realschule Vaduz &#8211; 1. Tag: 9.15 &#8211; 11.15 Uhr Realsch\u00fcler aus Vaduz tanzen Line Dance &#8211; super [&hellip;]\" \/>\n<meta property=\"og:url\" content=\"https:\/\/www.rheinvalley.li\/?page_id=2314\" \/>\n<meta property=\"og:site_name\" content=\"Rhein Valley Line Dance Group\" \/>\n<meta property=\"article:modified_time\" content=\"2014-01-25T09:27:21+00:00\" \/>\n<meta name=\"twitter:label1\" content=\"Gesch\u00e4tzte Lesezeit\" \/>\n\t<meta name=\"twitter:data1\" content=\"1\u00a0Minute\" \/>\n<script type=\"application\/ld+json\" class=\"yoast-schema-graph\">{\"@context\":\"https:\/\/schema.org\",\"@graph\":[{\"@type\":\"WebPage\",\"@id\":\"https:\/\/www.rheinvalley.li\/?page_id=2314\",\"url\":\"https:\/\/www.rheinvalley.li\/?page_id=2314\",\"name\":\"Kurse 2011 - Rhein Valley Line Dance Group\",\"isPartOf\":{\"@id\":\"https:\/\/www.rheinvalley.li\/#website\"},\"datePublished\":\"2011-01-10T09:44:35+00:00\",\"dateModified\":\"2014-01-25T09:27:21+00:00\",\"breadcrumb\":{\"@id\":\"https:\/\/www.rheinvalley.li\/?page_id=2314#breadcrumb\"},\"inLanguage\":\"de\",\"potentialAction\":[{\"@type\":\"ReadAction\",\"target\":[\"https:\/\/www.rheinvalley.li\/?page_id=2314\"]}]},{\"@type\":\"BreadcrumbList\",\"@id\":\"https:\/\/www.rheinvalley.li\/?page_id=2314#breadcrumb\",\"itemListElement\":[{\"@type\":\"ListItem\",\"position\":1,\"name\":\"Home\",\"item\":\"https:\/\/www.rheinvalley.li\/\"},{\"@type\":\"ListItem\",\"position\":2,\"name\":\"Fotos\",\"item\":\"https:\/\/www.rheinvalley.li\/?page_id=153\"},{\"@type\":\"ListItem\",\"position\":3,\"name\":\"Kurse 2011\"}]},{\"@type\":\"WebSite\",\"@id\":\"https:\/\/www.rheinvalley.li\/#website\",\"url\":\"https:\/\/www.rheinvalley.li\/\",\"name\":\"Rhein Valley Line Dance Group\",\"description\":\"Weil Tanzen einfach Spass macht...(Schweiz-Liechtenstein-Mallorca)\",\"publisher\":{\"@id\":\"https:\/\/www.rheinvalley.li\/#organization\"},\"potentialAction\":[{\"@type\":\"SearchAction\",\"target\":{\"@type\":\"EntryPoint\",\"urlTemplate\":\"https:\/\/www.rheinvalley.li\/?s={search_term_string}\"},\"query-input\":{\"@type\":\"PropertyValueSpecification\",\"valueRequired\":true,\"valueName\":\"search_term_string\"}}],\"inLanguage\":\"de\"},{\"@type\":\"Organization\",\"@id\":\"https:\/\/www.rheinvalley.li\/#organization\",\"name\":\"Rhein Valley Line Dance Group\",\"url\":\"https:\/\/www.rheinvalley.li\/\",\"logo\":{\"@type\":\"ImageObject\",\"inLanguage\":\"de\",\"@id\":\"https:\/\/www.rheinvalley.li\/#\/schema\/logo\/image\/\",\"url\":\"https:\/\/www.rheinvalley.li\/wp-content\/uploads\/2008\/08\/rheinvalley-hell.jpg\",\"contentUrl\":\"https:\/\/www.rheinvalley.li\/wp-content\/uploads\/2008\/08\/rheinvalley-hell.jpg\",\"width\":112,\"height\":100,\"caption\":\"Rhein Valley Line Dance Group\"},\"image\":{\"@id\":\"https:\/\/www.rheinvalley.li\/#\/schema\/logo\/image\/\"}}]}<\/script>\n<!-- \/ Yoast SEO plugin. -->","yoast_head_json":{"title":"Kurse 2011 - Rhein Valley Line Dance Group","robots":{"index":"index","follow":"follow","max-snippet":"max-snippet:-1","max-image-preview":"max-image-preview:large","max-video-preview":"max-video-preview:-1"},"canonical":"https:\/\/www.rheinvalley.li\/?page_id=2314","og_locale":"de_DE","og_type":"article","og_title":"Kurse 2011 - Rhein Valley Line Dance Group","og_description":"Freitag, 30.12.11: Workshoptag in Rheineck &#8211; Thal &#8211; Landjugend in zwei Gruppen. 1. Gruppe am Vormittag: 2. Gruppe am Nachmittag: Danke allen f\u00fcr den sch\u00f6nen Tag bei und mit Euch &#8211; Lizzy, Christopher und Victoria Mittwoch, 21.12.11: Projekttage Realschule Vaduz &#8211; 1. Tag: 9.15 &#8211; 11.15 Uhr Realsch\u00fcler aus Vaduz tanzen Line Dance &#8211; super [&hellip;]","og_url":"https:\/\/www.rheinvalley.li\/?page_id=2314","og_site_name":"Rhein Valley Line Dance Group","article_modified_time":"2014-01-25T09:27:21+00:00","twitter_misc":{"Gesch\u00e4tzte Lesezeit":"1\u00a0Minute"},"schema":{"@context":"https:\/\/schema.org","@graph":[{"@type":"WebPage","@id":"https:\/\/www.rheinvalley.li\/?page_id=2314","url":"https:\/\/www.rheinvalley.li\/?page_id=2314","name":"Kurse 2011 - Rhein Valley Line Dance Group","isPartOf":{"@id":"https:\/\/www.rheinvalley.li\/#website"},"datePublished":"2011-01-10T09:44:35+00:00","dateModified":"2014-01-25T09:27:21+00:00","breadcrumb":{"@id":"https:\/\/www.rheinvalley.li\/?page_id=2314#breadcrumb"},"inLanguage":"de","potentialAction":[{"@type":"ReadAction","target":["https:\/\/www.rheinvalley.li\/?page_id=2314"]}]},{"@type":"BreadcrumbList","@id":"https:\/\/www.rheinvalley.li\/?page_id=2314#breadcrumb","itemListElement":[{"@type":"ListItem","position":1,"name":"Home","item":"https:\/\/www.rheinvalley.li\/"},{"@type":"ListItem","position":2,"name":"Fotos","item":"https:\/\/www.rheinvalley.li\/?page_id=153"},{"@type":"ListItem","position":3,"name":"Kurse 2011"}]},{"@type":"WebSite","@id":"https:\/\/www.rheinvalley.li\/#website","url":"https:\/\/www.rheinvalley.li\/","name":"Rhein Valley Line Dance Group","description":"Weil Tanzen einfach Spass macht...(Schweiz-Liechtenstein-Mallorca)","publisher":{"@id":"https:\/\/www.rheinvalley.li\/#organization"},"potentialAction":[{"@type":"SearchAction","target":{"@type":"EntryPoint","urlTemplate":"https:\/\/www.rheinvalley.li\/?s={search_term_string}"},"query-input":{"@type":"PropertyValueSpecification","valueRequired":true,"valueName":"search_term_string"}}],"inLanguage":"de"},{"@type":"Organization","@id":"https:\/\/www.rheinvalley.li\/#organization","name":"Rhein Valley Line Dance Group","url":"https:\/\/www.rheinvalley.li\/","logo":{"@type":"ImageObject","inLanguage":"de","@id":"https:\/\/www.rheinvalley.li\/#\/schema\/logo\/image\/","url":"https:\/\/www.rheinvalley.li\/wp-content\/uploads\/2008\/08\/rheinvalley-hell.jpg","contentUrl":"https:\/\/www.rheinvalley.li\/wp-content\/uploads\/2008\/08\/rheinvalley-hell.jpg","width":112,"height":100,"caption":"Rhein Valley Line Dance Group"},"image":{"@id":"https:\/\/www.rheinvalley.li\/#\/schema\/logo\/image\/"}}]}},"_links":{"self":[{"href":"https:\/\/www.rheinvalley.li\/index.php?rest_route=\/wp\/v2\/pages\/2314","targetHints":{"allow":["GET"]}}],"collection":[{"href":"https:\/\/www.rheinvalley.li\/index.php?rest_route=\/wp\/v2\/pages"}],"about":[{"href":"https:\/\/www.rheinvalley.li\/index.php?rest_route=\/wp\/v2\/types\/page"}],"author":[{"embeddable":true,"href":"https:\/\/www.rheinvalley.li\/index.php?rest_route=\/wp\/v2\/users\/2"}],"replies":[{"embeddable":true,"href":"https:\/\/www.rheinvalley.li\/index.php?rest_route=%2Fwp%2Fv2%2Fcomments&post=2314"}],"version-history":[{"count":15,"href":"https:\/\/www.rheinvalley.li\/index.php?rest_route=\/wp\/v2\/pages\/2314\/revisions"}],"predecessor-version":[{"id":3499,"href":"https:\/\/www.rheinvalley.li\/index.php?rest_route=\/wp\/v2\/pages\/2314\/revisions\/3499"}],"up":[{"embeddable":true,"href":"https:\/\/www.rheinvalley.li\/index.php?rest_route=\/wp\/v2\/pages\/153"}],"wp:attachment":[{"href":"https:\/\/www.rheinvalley.li\/index.php?rest_route=%2Fwp%2Fv2%2Fmedia&parent=2314"}],"curies":[{"name":"wp","href":"https:\/\/api.w.org\/{rel}","templated":true}]}}