{"id":2371,"date":"2011-02-26T12:29:57","date_gmt":"2011-02-26T10:29:57","guid":{"rendered":"http:\/\/www.rheinvalley.li\/?page_id=2371"},"modified":"2012-01-23T14:38:47","modified_gmt":"2012-01-23T12:38:47","slug":"events-2011","status":"publish","type":"page","link":"https:\/\/www.rheinvalley.li\/?page_id=2371","title":{"rendered":"Events 2011"},"content":{"rendered":"<p><strong>Sonntag, 9. Januar 2011<\/strong><\/p>\n<p>11.30 Uhr: Auftritt in Heiligkreuz (geschlossene Gesellschaft)<\/p>\n<p><strong>Tag der offenen T\u00fcr &#8211; Dance Hall Bendern<\/strong><br \/>\n13 &#8211; 18 Uhr Tanznachmittag (29. Dance Afternoon)bei Kaffee und Kuchen<br \/>\nWorkshop (ca 15 Uhr) um Line Dancing kennen zu lernen<br \/>\nErm\u00e4ssigungen und vieles mehr<\/p>\n<p><strong>Mittwoch, 12. Januar 2011<\/strong><br \/>\nKursstart Anf\u00e4nger 19 Uhr in der Dance Hall in Bendern<\/p>\n<p><strong>Sonntag, 16. Januar 2011<\/strong><br \/>\nWorkshoptag in Samedan mit Lizzy<\/p>\n<p><strong>Samstag, 11. Februar 2011<\/strong><br \/>\nAuftritt beim Frauenverein Igis<\/p>\n<p><strong>Sonntag, 13. Februar 2011<\/strong><br \/>\nAuftritte in Eich\/Luzern (Tanznachmittag muss leider entfallen, daf\u00fcr &#8212; siehe 25.2.)<\/p>\n<p><strong>Freitag, 25. Februar 2011<\/strong><br \/>\n30. Line Dance Night &#8211; ab 20 Uhr in der Dance Hall in Bendern mit integriertem Workshop<\/p>\n<p><strong><span style=\"color: #ff6600;\">Mittwoch, 16. M\u00e4rz 2011<br \/>\n<\/span><\/strong>Kursstart Line Dance \u00fcber die Erwachsenenbildung Stein Egerta &#8211; Vereinshaus Gamprin &#8211;<br \/>\n10 &#8211; 11 Uhr<\/p>\n<p><strong><span style=\"color: #ff6600;\">Freitag, 25. M\u00e4rz 2011<\/span><\/strong><br \/>\n31. Line Dance Night &#8211; ab 20 Uhr in der Dance Hall in Bendern<br \/>\nmit integriertem Workshop<\/p>\n<p><strong><span style=\"color: #ff6600;\">Samstag, 26. M\u00e4rz 2011<\/span><\/strong><br \/>\nAuftritt an der Delegierten-Versammlung des Samaritervereins St. Gallen und Liechtenstein<br \/>\nDorfsaal Triesenberg, 21 Uhr (geschlossene Gesellschaft)<\/p>\n<p><span style=\"color: #ff6600;\"><strong>Samstag, 30. April 2011<\/strong><\/span><br \/>\nAuftritte in Gamprin\/FL &#8211; Er\u00f6ffnung Grossab\u00fcnt &#8211; um 14.45 und 15.50 Uhr<br \/>\nGrosses Volksfest startet um 12.30 Uhr<\/p>\n<p><span style=\"color: #ff6600;\"><strong>Samstag, 07. Mai 2011<\/strong><\/span><br \/>\nAuftritt in Sevelen (19.45)- Hotel Drei K\u00f6nige<br \/>\nBenefiz-Veranstaltung: Kinderh\u00fceti Solemio<br \/>\nT\u00fcr\u00f6ffnung 18.30 Uhr, u.a. mit Zauberer Danini<\/p>\n<p><span style=\"color: #ff6600;\"><strong>08. &#8211; 15. Mai 2011<\/strong><\/span><br \/>\n7. Rhein Valley Line Dance Woche auf Mallorca<\/p>\n<p><span style=\"color: #ff6600;\"><strong>Freitag, 27. Mai 2011<\/strong><\/span><br \/>\n32. Line Dance Night in der Dance Hall in Bendern, ab 20 Uhr<br \/>\nmit integriertem Workshop (Angelina Cha Cha)<\/p>\n<p><span style=\"color: #ff6600;\"><strong>Montag, 30. Mai 2011<br \/>\n<\/strong><\/span>Auftritt an der Er\u00f6ffnung der Lie-Games &#8211; Rheinpark Stadion Vaduz &#8211; Beginn 20 Uhr<br \/>\nT\u00fcr\u00f6ffnung 19 Uhr<\/p>\n<p><span style=\"color: #ff6600;\"><strong>Freitag, 17. Juni 2011<\/strong><\/span><br \/>\nAuftritte am Jugendfest in Menziken\/Aargau: 20, 21 und 22 Uhr<\/p>\n<p><span style=\"color: #ff6600;\"><strong>Sonntag, 19. Juni 2011<\/strong><\/span><br \/>\nWorkshoptag mit Elisabeth Elkuch-Heid in Samedan\/GR<\/p>\n<p><span style=\"color: #ff6600;\"><strong>Sonntag, 26. Juni 2011<\/strong><\/span><br \/>\n10.30 Vorspielstunde der Rhein Valley Music School in Eschen<br \/>\n(Musikschule Eschen, Peter-Kaiser Saal) Klavier-und Keyboardsch\u00fcler von Elisabeth Elkuch-Heid<\/p>\n<p>Freitag, 01. Juli 2011:\u00a0Line Dance bei Karin M\u00fcntener in Sennwald, abends ab 19 Uhr (G\u00e4rtnereistrasse, 9466 Sennwald) (bei schlechtem Wetter bei Fernando in der A Fragata)<\/p>\n<p>Dienstags und Donnerstags: 09.30 &#8211; 11.00 Uhr Tanzen in der Badi, Tanzen mit Karin im Freibad Salez (7.7., 12.7., 14.7., 19.7., 21.7., 26.7., 9.8., 11.8.)<br \/>\nDonnerstag abends: ab 18 Uhr (7.7., 14.7, und 21.7.)<\/p>\n<p><span style=\"color: #ff6600;\"><strong>Samstag, 23. Juli 2011<\/strong><\/span><br \/>\nAuftritte im Maislabyrinth Vaduz &#8211; 10 Jahre Erlebniswelt &#8211; Ridamm-City &#8211; 23 Uhr<\/p>\n<p><span style=\"color: #ff6600;\"><strong>Montag, 22. August 2011:<\/strong><\/span> Kursstart Line Dance mit dem Liechtensteinischen Seniorenbund &#8211; Fitness 50+ in der Dance Hall in Bendern, Eschnerstr. 64, 14 &#8211; 15 Uhr (6x)<\/p>\n<p><strong><span style=\"color: #ff6600;\">Freitag, 26. August und Samstag, 27. August 2011<\/span><\/strong><br \/>\nAuftritte und Workshops in Mont-Crosin (Country Event, geschlossene Gesellschaft)<\/p>\n<p><strong><span style=\"color: #ff6600;\">Dienstag, 30. August 2011:<\/span><\/strong> Kursstart in Bendern 9 &#8211; 10 Uhr, Kursstart in Landquart 18-19 Uhr, danach jeweils weiterf\u00fchrende Kurse<\/p>\n<p><span style=\"color: #ff6600;\"><strong>Mittwoch, 31. August 2011:<\/strong><\/span> Kursstart in Bendern 18-19 Uhr, danach weiterf\u00fchrende Kurse<\/p>\n<p><strong><span style=\"color: #ff6600;\">Donnerstag, 01. September 2011:<\/span><\/strong> Kursstart in Bendern 18-19 Uhr, danach weiterf\u00fchrende Kurse<\/p>\n<p><span style=\"color: #ff6600;\"><strong>Montag, 05. September 2011:<\/strong><\/span> Auftritt an der WIGA, 9470 Buchs\/SG<br \/>\n21.30 &#8211; 22.30 Uhr im Festzelt<\/p>\n<p><span style=\"color: #ff6600;\"><strong>Mittwoch, 07. September 2011<\/strong><\/span>:\u00a0Auftritt an der WIGA, 9470 Buchs\/SG<br \/>\n19 &#8211; 20 Uhr im Festzelt<\/p>\n<p><span style=\"color: #ff6600;\"><strong>Freitag, 23. September 2011<br \/>\n<\/strong><\/span>33. Line Dance Night in der Dance Hall in Bendern, 20 Uhr<br \/>\nmit integriertem Workshop<\/p>\n<p><span style=\"color: #ff6600;\"><strong>02. &#8211; 09. Oktober 2011<\/strong><\/span><br \/>\n8. Rhein Valley Line Dance Woche auf Mallorca<\/p>\n<p><span style=\"color: #ff6600;\"><strong>Samstag, 22. Oktober 2011<\/strong><\/span><br \/>\n3. BIG LINE DANCE NIGHT (34. Dance Night) \u00a0im Forum im Ried in Landquart<br \/>\nab 18 Uhr; Marco Gottardi &amp; The Silver Dollar Band, Workshops, Auftritte von verschiedenen Gruppen und der Rhein Valley Line Dance Group, Tanzen bis zum Umfallen<br \/>\n\ud83d\ude42<\/p>\n<p><span style=\"color: #ff6600;\"><strong>Samstag, 12. November 2011<\/strong><br \/>\n<span style=\"color: #000000;\">10 Jahre Tanzclub Samedan &#8211; verschiedene Workshops und Shows &#8211; u.a. Line Dance Workshop mit Elisabeth Elkuch-Heid \u00a0 \u00a0 \u00a0 \u00a0 \u00a0 \u00a0 \u00a0 \u00a0 \u00a0 \u00a0 \u00a0 \u00a0 \u00a0 \u00a0 \u00a0 \u00a0 \u00a0 \u00a0 \u00a0 \u00a0 \u00a0 \u00a0 \u00a0 \u00a0 \u00a0 \u00a0 \u00a0 \u00a0 \u00a0 \u00a0 \u00a0 \u00a0 \u00a0 \u00a0 \u00a0 \u00a0 \u00a0 \u00a0 \u00a0 \u00a0 \u00a0 \u00a0 \u00a0 \u00a0 \u00a0 \u00a0 \u00a0 \u00a0 \u00a0 \u00a0 \u00a0 \u00a0 \u00a0 \u00a0 \u00a0 \u00a0 \u00a0 \u00a0 \u00a0 \u00a0 \u00a0 \u00a0 \u00a0 \u00a0 \u00a0 \u00a0 \u00a0 \u00a0 \u00a0 \u00a0 \u00a0 \u00a0 \u00a0 \u00a0 \u00a0 \u00a0 \u00a0 \u00a0 \u00a0 \u00a0 \u00a0 \u00a0 \u00a0 \u00a0 \u00a0 \u00a0 \u00a0 \u00a0 \u00a0 \u00a0 \u00a0 \u00a0 \u00a0 \u00a0 \u00a0 \u00a0 \u00a0 \u00a0 \u00a0 \u00a0<br \/>\n<span style=\"color: #ff6600;\"><strong>Freitag, 25. November 2011<\/strong><\/span><br \/>\nAuftritte \u00a0+ Workshop um 19.30 und 20.30Uhr:\u00a0Wirz Wietlisbach Dialog AG &#8211; Chlausf\u00e4scht (Firmenevent, geschlossene Gesellschaft)<\/span><\/span><\/p>\n<p>22 Uhr: \u00a0Weihnachtsessen der Sydbank (Schweiz) AG (Firmenevent, geschlossene Gesellschaft)<br \/>\nFirmenworkshop mit Elisabeth Elkuch-Heid in St. Gallen (Dance Night muss leider entfallen, daf\u00fcr gibt es am 16. Dezember eine Dance Night &#8211; Weihnachts-Dance Night &#8211; Gratis f\u00fcr alle als Dankesch\u00f6n f\u00fcr das ganze Jahr)<\/p>\n<p><span style=\"color: #ff6600;\">S<\/span><span style=\"color: #ff6600;\"><strong><span style=\"color: #ff6600;\">onntag, 27. November 2011:<br \/>\n<\/span><\/strong><\/span>Workshoptag in Samedan mit Elisabeth Elkuch-Heid<\/p>\n<p><strong><span style=\"color: #ff6600;\">Samstag, 03. Dezember 2011:<br \/>\n<\/span><\/strong><span style=\"color: #ff6600;\"><span style=\"color: #000000;\">Showgruppen-Weihnachtsessen\u00a0<\/span><\/span><\/p>\n<p><strong><span style=\"color: #ff6600;\">Freitag, 16. Dezember 2011:<\/span><\/strong><br \/>\n35. Dance Night &#8211; Weihnachtsdancenight &#8211; in der Dance Hall in Bendern<br \/>\nab 20 Uhr mit integriertem Workshop &#8211; Gratis f\u00fcr alle als Dankesch\u00f6n f\u00fcr das ganze Jahr, auch gratis Leckereien und Ueberraschungen<\/p>\n<p><span style=\"color: #ff6600;\"><strong>Mittwoch, 21. Dezember und Freitag, 23. Dezember 2011:<br \/>\n<\/strong><span style=\"color: #000000;\">Projekttage Realschule Vaduz: Line Dance Workshops in der Dance Hall, jeweils 9-11 Uhr mit Elisabeth Elkuch-Heid \u00a0 \u00a0 \u00a0 \u00a0 \u00a0 \u00a0 \u00a0 \u00a0 \u00a0 \u00a0 \u00a0 \u00a0 \u00a0 \u00a0 \u00a0 \u00a0 \u00a0<\/span><\/span><\/p>\n<p><strong><span style=\"color: #ff6600;\">Freitag, 30. Dezember 2011:<br \/>\n<\/span><\/strong><span style=\"color: #ff6600;\"><span style=\"color: #000000;\">Workshoptag in Rheineck mit Elisabeth Elkuch-Heid, Start 9 Uhr bis 17 Uhr\u00a0<\/span><\/span><\/p>\n","protected":false},"excerpt":{"rendered":"<p>Sonntag, 9. Januar 2011 11.30 Uhr: Auftritt in Heiligkreuz (geschlossene Gesellschaft) Tag der offenen T\u00fcr &#8211; Dance Hall Bendern 13 &#8211; 18 Uhr Tanznachmittag (29. Dance Afternoon)bei Kaffee und Kuchen Workshop (ca 15 Uhr) um Line Dancing kennen zu lernen Erm\u00e4ssigungen und vieles mehr Mittwoch, 12. Januar 2011 Kursstart Anf\u00e4nger 19 Uhr in der Dance [&hellip;]<\/p>\n","protected":false},"author":2,"featured_media":0,"parent":249,"menu_order":9,"comment_status":"open","ping_status":"closed","template":"","meta":{"ngg_post_thumbnail":0,"footnotes":""},"class_list":["post-2371","page","type-page","status-publish","hentry"],"yoast_head":"<!-- This site is optimized with the Yoast SEO plugin v26.7 - https:\/\/yoast.com\/wordpress\/plugins\/seo\/ -->\n<title>Events 2011 - Rhein Valley Line Dance Group<\/title>\n<meta name=\"robots\" content=\"index, follow, max-snippet:-1, max-image-preview:large, max-video-preview:-1\" \/>\n<link rel=\"canonical\" href=\"https:\/\/www.rheinvalley.li\/?page_id=2371\" \/>\n<meta property=\"og:locale\" content=\"de_DE\" \/>\n<meta property=\"og:type\" content=\"article\" \/>\n<meta property=\"og:title\" content=\"Events 2011 - Rhein Valley Line Dance Group\" \/>\n<meta property=\"og:description\" content=\"Sonntag, 9. Januar 2011 11.30 Uhr: Auftritt in Heiligkreuz (geschlossene Gesellschaft) Tag der offenen T\u00fcr &#8211; Dance Hall Bendern 13 &#8211; 18 Uhr Tanznachmittag (29. Dance Afternoon)bei Kaffee und Kuchen Workshop (ca 15 Uhr) um Line Dancing kennen zu lernen Erm\u00e4ssigungen und vieles mehr Mittwoch, 12. Januar 2011 Kursstart Anf\u00e4nger 19 Uhr in der Dance [&hellip;]\" \/>\n<meta property=\"og:url\" content=\"https:\/\/www.rheinvalley.li\/?page_id=2371\" \/>\n<meta property=\"og:site_name\" content=\"Rhein Valley Line Dance Group\" \/>\n<meta property=\"article:modified_time\" content=\"2012-01-23T12:38:47+00:00\" \/>\n<meta name=\"twitter:label1\" content=\"Gesch\u00e4tzte Lesezeit\" \/>\n\t<meta name=\"twitter:data1\" content=\"3\u00a0Minuten\" \/>\n<script type=\"application\/ld+json\" class=\"yoast-schema-graph\">{\"@context\":\"https:\/\/schema.org\",\"@graph\":[{\"@type\":\"WebPage\",\"@id\":\"https:\/\/www.rheinvalley.li\/?page_id=2371\",\"url\":\"https:\/\/www.rheinvalley.li\/?page_id=2371\",\"name\":\"Events 2011 - Rhein Valley Line Dance Group\",\"isPartOf\":{\"@id\":\"https:\/\/www.rheinvalley.li\/#website\"},\"datePublished\":\"2011-02-26T10:29:57+00:00\",\"dateModified\":\"2012-01-23T12:38:47+00:00\",\"breadcrumb\":{\"@id\":\"https:\/\/www.rheinvalley.li\/?page_id=2371#breadcrumb\"},\"inLanguage\":\"de\",\"potentialAction\":[{\"@type\":\"ReadAction\",\"target\":[\"https:\/\/www.rheinvalley.li\/?page_id=2371\"]}]},{\"@type\":\"BreadcrumbList\",\"@id\":\"https:\/\/www.rheinvalley.li\/?page_id=2371#breadcrumb\",\"itemListElement\":[{\"@type\":\"ListItem\",\"position\":1,\"name\":\"Home\",\"item\":\"https:\/\/www.rheinvalley.li\/\"},{\"@type\":\"ListItem\",\"position\":2,\"name\":\"Events &#8211; R\u00fcckblick\",\"item\":\"https:\/\/www.rheinvalley.li\/?page_id=249\"},{\"@type\":\"ListItem\",\"position\":3,\"name\":\"Events 2011\"}]},{\"@type\":\"WebSite\",\"@id\":\"https:\/\/www.rheinvalley.li\/#website\",\"url\":\"https:\/\/www.rheinvalley.li\/\",\"name\":\"Rhein Valley Line Dance Group\",\"description\":\"Weil Tanzen einfach Spass macht...(Schweiz-Liechtenstein-Mallorca)\",\"publisher\":{\"@id\":\"https:\/\/www.rheinvalley.li\/#organization\"},\"potentialAction\":[{\"@type\":\"SearchAction\",\"target\":{\"@type\":\"EntryPoint\",\"urlTemplate\":\"https:\/\/www.rheinvalley.li\/?s={search_term_string}\"},\"query-input\":{\"@type\":\"PropertyValueSpecification\",\"valueRequired\":true,\"valueName\":\"search_term_string\"}}],\"inLanguage\":\"de\"},{\"@type\":\"Organization\",\"@id\":\"https:\/\/www.rheinvalley.li\/#organization\",\"name\":\"Rhein Valley Line Dance Group\",\"url\":\"https:\/\/www.rheinvalley.li\/\",\"logo\":{\"@type\":\"ImageObject\",\"inLanguage\":\"de\",\"@id\":\"https:\/\/www.rheinvalley.li\/#\/schema\/logo\/image\/\",\"url\":\"https:\/\/www.rheinvalley.li\/wp-content\/uploads\/2008\/08\/rheinvalley-hell.jpg\",\"contentUrl\":\"https:\/\/www.rheinvalley.li\/wp-content\/uploads\/2008\/08\/rheinvalley-hell.jpg\",\"width\":112,\"height\":100,\"caption\":\"Rhein Valley Line Dance Group\"},\"image\":{\"@id\":\"https:\/\/www.rheinvalley.li\/#\/schema\/logo\/image\/\"}}]}<\/script>\n<!-- \/ Yoast SEO plugin. -->","yoast_head_json":{"title":"Events 2011 - Rhein Valley Line Dance Group","robots":{"index":"index","follow":"follow","max-snippet":"max-snippet:-1","max-image-preview":"max-image-preview:large","max-video-preview":"max-video-preview:-1"},"canonical":"https:\/\/www.rheinvalley.li\/?page_id=2371","og_locale":"de_DE","og_type":"article","og_title":"Events 2011 - Rhein Valley Line Dance Group","og_description":"Sonntag, 9. Januar 2011 11.30 Uhr: Auftritt in Heiligkreuz (geschlossene Gesellschaft) Tag der offenen T\u00fcr &#8211; Dance Hall Bendern 13 &#8211; 18 Uhr Tanznachmittag (29. Dance Afternoon)bei Kaffee und Kuchen Workshop (ca 15 Uhr) um Line Dancing kennen zu lernen Erm\u00e4ssigungen und vieles mehr Mittwoch, 12. Januar 2011 Kursstart Anf\u00e4nger 19 Uhr in der Dance [&hellip;]","og_url":"https:\/\/www.rheinvalley.li\/?page_id=2371","og_site_name":"Rhein Valley Line Dance Group","article_modified_time":"2012-01-23T12:38:47+00:00","twitter_misc":{"Gesch\u00e4tzte Lesezeit":"3\u00a0Minuten"},"schema":{"@context":"https:\/\/schema.org","@graph":[{"@type":"WebPage","@id":"https:\/\/www.rheinvalley.li\/?page_id=2371","url":"https:\/\/www.rheinvalley.li\/?page_id=2371","name":"Events 2011 - Rhein Valley Line Dance Group","isPartOf":{"@id":"https:\/\/www.rheinvalley.li\/#website"},"datePublished":"2011-02-26T10:29:57+00:00","dateModified":"2012-01-23T12:38:47+00:00","breadcrumb":{"@id":"https:\/\/www.rheinvalley.li\/?page_id=2371#breadcrumb"},"inLanguage":"de","potentialAction":[{"@type":"ReadAction","target":["https:\/\/www.rheinvalley.li\/?page_id=2371"]}]},{"@type":"BreadcrumbList","@id":"https:\/\/www.rheinvalley.li\/?page_id=2371#breadcrumb","itemListElement":[{"@type":"ListItem","position":1,"name":"Home","item":"https:\/\/www.rheinvalley.li\/"},{"@type":"ListItem","position":2,"name":"Events &#8211; R\u00fcckblick","item":"https:\/\/www.rheinvalley.li\/?page_id=249"},{"@type":"ListItem","position":3,"name":"Events 2011"}]},{"@type":"WebSite","@id":"https:\/\/www.rheinvalley.li\/#website","url":"https:\/\/www.rheinvalley.li\/","name":"Rhein Valley Line Dance Group","description":"Weil Tanzen einfach Spass macht...(Schweiz-Liechtenstein-Mallorca)","publisher":{"@id":"https:\/\/www.rheinvalley.li\/#organization"},"potentialAction":[{"@type":"SearchAction","target":{"@type":"EntryPoint","urlTemplate":"https:\/\/www.rheinvalley.li\/?s={search_term_string}"},"query-input":{"@type":"PropertyValueSpecification","valueRequired":true,"valueName":"search_term_string"}}],"inLanguage":"de"},{"@type":"Organization","@id":"https:\/\/www.rheinvalley.li\/#organization","name":"Rhein Valley Line Dance Group","url":"https:\/\/www.rheinvalley.li\/","logo":{"@type":"ImageObject","inLanguage":"de","@id":"https:\/\/www.rheinvalley.li\/#\/schema\/logo\/image\/","url":"https:\/\/www.rheinvalley.li\/wp-content\/uploads\/2008\/08\/rheinvalley-hell.jpg","contentUrl":"https:\/\/www.rheinvalley.li\/wp-content\/uploads\/2008\/08\/rheinvalley-hell.jpg","width":112,"height":100,"caption":"Rhein Valley Line Dance Group"},"image":{"@id":"https:\/\/www.rheinvalley.li\/#\/schema\/logo\/image\/"}}]}},"_links":{"self":[{"href":"https:\/\/www.rheinvalley.li\/index.php?rest_route=\/wp\/v2\/pages\/2371","targetHints":{"allow":["GET"]}}],"collection":[{"href":"https:\/\/www.rheinvalley.li\/index.php?rest_route=\/wp\/v2\/pages"}],"about":[{"href":"https:\/\/www.rheinvalley.li\/index.php?rest_route=\/wp\/v2\/types\/page"}],"author":[{"embeddable":true,"href":"https:\/\/www.rheinvalley.li\/index.php?rest_route=\/wp\/v2\/users\/2"}],"replies":[{"embeddable":true,"href":"https:\/\/www.rheinvalley.li\/index.php?rest_route=%2Fwp%2Fv2%2Fcomments&post=2371"}],"version-history":[{"count":15,"href":"https:\/\/www.rheinvalley.li\/index.php?rest_route=\/wp\/v2\/pages\/2371\/revisions"}],"predecessor-version":[{"id":2382,"href":"https:\/\/www.rheinvalley.li\/index.php?rest_route=\/wp\/v2\/pages\/2371\/revisions\/2382"}],"up":[{"embeddable":true,"href":"https:\/\/www.rheinvalley.li\/index.php?rest_route=\/wp\/v2\/pages\/249"}],"wp:attachment":[{"href":"https:\/\/www.rheinvalley.li\/index.php?rest_route=%2Fwp%2Fv2%2Fmedia&parent=2371"}],"curies":[{"name":"wp","href":"https:\/\/api.w.org\/{rel}","templated":true}]}}