{"id":252,"date":"2008-08-16T10:50:43","date_gmt":"2008-08-16T08:50:43","guid":{"rendered":"http:\/\/www.elkuch-heid.li\/?page_id=252"},"modified":"2009-01-08T23:55:16","modified_gmt":"2009-01-08T21:55:16","slug":"events-2008","status":"publish","type":"page","link":"https:\/\/www.rheinvalley.li\/?page_id=252","title":{"rendered":"Events 2008"},"content":{"rendered":"<p><strong>25. Januar 2008<\/strong><\/p>\n<p>BZB, Januaressen, Firmenanlass, Buchs\/SG\u00a0<br \/>\n(Auftritte: 20.30 und 21.45 Uhr)<\/p>\n<p><strong>27. Januar 2008<\/strong><\/p>\n<p>Rathaus, Seniorenfasnacht, Schaan\/FL<br \/>\n(Auftritte: 16.00 und 16.50 Uhr)<\/p>\n<p><strong>31. Januar 2008<\/strong><\/p>\n<p>11. Rhein Valley Line Dance Night, Hotel Buchserhof, Buchs\/SG<br \/>\n(Spezial-Fasnachts-Line Dance Abend ab 20.00 Uhr)<\/p>\n<p><strong>16. Februar 2008<\/strong><\/p>\n<p>Bal Mascra, Country Western Maskenball, Ftan, Unterengadin<br \/>\n(Auftritte: 20.30 und 21.15 Uhr)<\/p>\n<p><strong>07. M\u00e4rz 2008<\/strong><\/p>\n<p>Auftritt an Hochzeitsfeier, Wattwil, Toggeburg, abends<\/p>\n<p><strong>09. M\u00e4rz 2008<\/strong><\/p>\n<p>Hotel Mohren, Huttwil\/Bern<br \/>\nGeburtstagsfest (Auftritt 14.00 Uhr)<\/p>\n<p><strong>15. M\u00e4rz 2008<\/strong><\/p>\n<p>Tag der offenen T\u00fcr im Projekt: Dance for Passion in Gossau\/SG,<br \/>\n14.00 bis ca. 16.30 Uhr<\/p>\n<p><strong>18. M\u00e4rz 2008<\/strong><\/p>\n<p>Tag der offenen T\u00fcr im Projekt: Dance for Passion in Landquart\/GR,\u00a0<br \/>\nForum im Ried, 17.30 &#8211; 18.30 Uhr<\/p>\n<p><strong>07. April 2008<\/strong><\/p>\n<p>Auftritte im Badrutts Palace, St. Moritz<br \/>\n(Personalfest, geschlossene Gesellschaft), abends<\/p>\n<p><strong>11. April 2008<\/strong><\/p>\n<p>Tanztag in Rh\u00e4z\u00fcns, Line Dance Workshops am Nachmittag im Kindergarten (14.15 bis 16.15 Uhr, 17.20 Uhr Vorf\u00fchrungen der Workshops) und Show am Abend (19.20 &#8211; 19.50 Uhr) Schule Rh\u00e4z\u00fcns\/GR<\/p>\n<p><strong>18. April 2008<\/strong><\/p>\n<p>Auftritte im Versuchsstollen Hagerbach, Flums<br \/>\n(geschlossene Gesellschaft), abends<\/p>\n<p><strong>04. &#8211; 11. Mai 2008<\/strong><\/p>\n<p>1. Rhein Valley Line Dance Woche auf Mallorca<\/p>\n<p><strong>08. Mai 2008<\/strong><\/p>\n<p>12. Rhein Valley Line Dance Night in Sennwald mit Karin\u00a0<br \/>\n(inklusive Workshop)<\/p>\n<p><strong>21. Mai 2008<\/strong><\/p>\n<p>Beginn Line Dance Kurs in Tr\u00fcbbach\/Azmoos, 18.45 Uhr<\/p>\n<p><strong>24. Mai 2008<\/strong><\/p>\n<p>Auftritt an Geburtstagsfeier, Grabs\/SG abends<\/p>\n<p><strong>10. Juni 2008<\/strong><\/p>\n<p>Line Dance Workshops, Primarschule Resch, Schaan\/FL<br \/>\n(Dienstag Vor-und Nachmittag)<\/p>\n<p><strong>20. Juni 2008<\/strong><\/p>\n<p>Rhein Valley Hospital: Auftritt mit Nicolas Senn<br \/>\nWeingut Tobias Schmid, Berneck\/SG\u00a0<\/p>\n<p><span style=\"color:#ff6600;\"><strong>26. Juni 2008<\/strong><\/span><\/p>\n<p>13. Rhein Valley Line Dance Night<br \/>\nHotel Buchserhof in Buchs\/SG ab 20.00 Uhr<br \/>\nf\u00fcr alle Tanzbegeisterten mit integriertem Workshop\u00a0<\/p>\n<p><span style=\"color:#ff6600;\"><strong>2<\/strong><\/span><span style=\"color:#ff6600;\"><strong>9. Juni 2008<\/strong><\/span><\/p>\n<p>Workshop und Auftritt am Internationalen Trucker &amp; Country Festival<br \/>\nin Interlaken (12.30-13.00 Uhr und 15.15 bis 15.45 Uhr)\u00a0<\/p>\n<p><span style=\"color:#ff6600;\"><strong>04. Juli 2008<\/strong><\/span><\/p>\n<p>Auftritt in Uzwil<br \/>\nFirmenanlass, Benninger Guss, geschlossene Gesellschaft\u00a0<\/p>\n<p><span style=\"color:#ff6600;\"><strong>12. Juli 2008<\/strong><\/span><\/p>\n<p>Auftritte am Sommernachtsfest<br \/>\nin Hemberg\/SG\u00a0<\/p>\n<p><span style=\"color:#ff6600;\"><strong>19. Juli 2008<\/strong><\/span><\/p>\n<p>Auftritt auf Mallorca<br \/>\nJubil\u00e4umsanlass, abends\u00a0<\/p>\n<p><span style=\"color:#ff6600;\"><strong>23. August 2008<\/strong><\/span><\/p>\n<p>Auftritte an der ArteNotturna\u00a0<br \/>\nin Gossau\/SG, 22.05 und 23.30 Uhr<\/p>\n<p><span><strong>30. August 2008<\/strong><\/span><\/p>\n<p>Auftritte am Country-Abend des femotion-Clubs Gossau<br \/>\n1. Auftritt ca. 21.00 Uhr, 9200 Gossau\u00a0<br \/>\n(geschlossene Gesellschaft)<\/p>\n<p><span style=\"color:#ff6600;\"><strong>10. September 2008<\/strong><\/span><\/p>\n<p>20 Jahre Musikschule Elisabeth Elkuch-Heid &#8212; Rhein Valley Music School<br \/>\nVorspielabend &#8211; Vereinshaus Gamprin, 19.00 Uhr\u00a0<\/p>\n<p><span style=\"color:#ff6600;\"><strong>12. September 2008<\/strong><\/span><\/p>\n<p><span style=\"color:#ff6600;\"><span style=\"color: #000000;\">Auftritt bei Radio Liechtenstein, 19.30 Uhr<br \/>\n<\/span>Lihga Halle 3<\/span><\/p>\n<p>Auftritt an der\u00a0<a href=\"http:\/\/www.lihga.li\/t3\/index.php?id=15\">LIHGA<\/a>\u00a0in Schaan\u00a0<br \/>\nWirtschaftszelt, 21.00-22.00 Uhr<\/p>\n<p><strong>25. September 2008<br \/>\n<span style=\"color: #000000; font-weight: normal;\"><span style=\"color: #ff6600;\">Kurs-Worksho<\/span><span style=\"color: #ff6600;\">p mit Lizzy in der Realschule in F<\/span><span style=\"color: #ff6600;\">lums\u00a0<br \/>\nVormittag 9.30 &#8211; 11.40 Uhr\u00a0<br \/>\n<span style=\"color: #000000;\">14. Rhein Valley Line Dance Night mit Karin<br \/>\nin der a Fragata in Sennwald ab 20.00 Uhr<br \/>\nf\u00fcr alle Tanzbegeisterten mit integriertem Workshop<\/span><\/span><\/span><\/strong><\/p>\n<p><span style=\"color: #ff6600;\"><strong>05. &#8211; 12. Oktober 2008<\/strong><\/span><br \/>\n<span style=\"color:#000000;\">2. Rhein Valley Line Dance Woche auf Mallorca<br \/>\nin Zusammenarbeit mit Universal-Reisen<\/span><\/p>\n<p><span style=\"color:#ff6600;\"><strong>25. Oktober 2008<\/strong><br \/>\n<\/span>Auftritte im Pizol Park, (Migros) Mels\/Sargans<br \/>\n11.00, 14.00 und 16.00 Uhr\u00a0<\/p>\n<p><span style=\"color: #ff6600;\"><strong>07. November 2008<\/strong><\/span><br \/>\nAuftritte an der Jubilarenfeier Hilcona AG, Ballenlager, Spoerry-Areal, Vaduz<br \/>\n(abends, geschlossene Gesellschaft)<\/p>\n<p><span><span style=\"color: #ff6600;\"><strong>21. November 2008<\/strong><\/span><br \/>\n<\/span>Auftritte an der Personalfeier Haus St. Martin<br \/>\nLandhaus Nendeln, 21.30 Uhr (geschlossene Gesellschaft)<\/p>\n<p><strong>21. November 2008<\/strong><br \/>\nTanztreff in Untervaz<br \/>\nRestaurant Bahnhof ab 20.00 Uhr<br \/>\nmit integriertem Workshop\u00a0<\/p>\n<p><span><strong>27. November 2008<\/strong><\/span><br \/>\n15. Rhein Valley Line Dance Night im<br \/>\nHotel Buchserhof in Buchs\/SG f\u00fcr alle Tanzbegeisterten<br \/>\nmit integriertem Workshop, ab 20.00 Uhr (zuvor ab 18.00 Uhr normaler Kursbetrieb)<\/p>\n<p><span><strong>13. Dezember 2008<\/strong><br \/>\n<span>Workshops mit Lizzy an der Crossroads-Weihnachtsgala<br \/>\nSp\u00f6rry-Saal, Vaduz, ab 15.00 Uhr<\/span><\/span><\/p>\n<p><span><span><span><strong>17. Dezember 2008<\/strong><br \/>\n<span>Line Dance Hall Bendern: 17.15 Workshops (geschlossene Gesellschaft)<\/span>\u00a0<br \/>\nTanzap\u00e9ro\u00a0<\/span><\/span><\/span><\/p>\n","protected":false},"excerpt":{"rendered":"<p>25. Januar 2008 BZB, Januaressen, Firmenanlass, Buchs\/SG\u00a0 (Auftritte: 20.30 und 21.45 Uhr) 27. Januar 2008 Rathaus, Seniorenfasnacht, Schaan\/FL (Auftritte: 16.00 und 16.50 Uhr) 31. Januar 2008 11. Rhein Valley Line Dance Night, Hotel Buchserhof, Buchs\/SG (Spezial-Fasnachts-Line Dance Abend ab 20.00 Uhr) 16. Februar 2008 Bal Mascra, Country Western Maskenball, Ftan, Unterengadin (Auftritte: 20.30 und 21.15 [&hellip;]<\/p>\n","protected":false},"author":2,"featured_media":0,"parent":249,"menu_order":0,"comment_status":"open","ping_status":"closed","template":"","meta":{"ngg_post_thumbnail":0,"footnotes":""},"class_list":["post-252","page","type-page","status-publish","hentry"],"yoast_head":"<!-- This site is optimized with the Yoast SEO plugin v26.7 - https:\/\/yoast.com\/wordpress\/plugins\/seo\/ -->\n<title>Events 2008 - Rhein Valley Line Dance Group<\/title>\n<meta name=\"robots\" content=\"index, follow, max-snippet:-1, max-image-preview:large, max-video-preview:-1\" \/>\n<link rel=\"canonical\" href=\"https:\/\/www.rheinvalley.li\/?page_id=252\" \/>\n<meta property=\"og:locale\" content=\"de_DE\" \/>\n<meta property=\"og:type\" content=\"article\" \/>\n<meta property=\"og:title\" content=\"Events 2008 - Rhein Valley Line Dance Group\" \/>\n<meta property=\"og:description\" content=\"25. Januar 2008 BZB, Januaressen, Firmenanlass, Buchs\/SG\u00a0 (Auftritte: 20.30 und 21.45 Uhr) 27. Januar 2008 Rathaus, Seniorenfasnacht, Schaan\/FL (Auftritte: 16.00 und 16.50 Uhr) 31. Januar 2008 11. Rhein Valley Line Dance Night, Hotel Buchserhof, Buchs\/SG (Spezial-Fasnachts-Line Dance Abend ab 20.00 Uhr) 16. Februar 2008 Bal Mascra, Country Western Maskenball, Ftan, Unterengadin (Auftritte: 20.30 und 21.15 [&hellip;]\" \/>\n<meta property=\"og:url\" content=\"https:\/\/www.rheinvalley.li\/?page_id=252\" \/>\n<meta property=\"og:site_name\" content=\"Rhein Valley Line Dance Group\" \/>\n<meta property=\"article:modified_time\" content=\"2009-01-08T21:55:16+00:00\" \/>\n<meta name=\"twitter:label1\" content=\"Gesch\u00e4tzte Lesezeit\" \/>\n\t<meta name=\"twitter:data1\" content=\"2\u00a0Minuten\" \/>\n<script type=\"application\/ld+json\" class=\"yoast-schema-graph\">{\"@context\":\"https:\/\/schema.org\",\"@graph\":[{\"@type\":\"WebPage\",\"@id\":\"https:\/\/www.rheinvalley.li\/?page_id=252\",\"url\":\"https:\/\/www.rheinvalley.li\/?page_id=252\",\"name\":\"Events 2008 - Rhein Valley Line Dance Group\",\"isPartOf\":{\"@id\":\"https:\/\/www.rheinvalley.li\/#website\"},\"datePublished\":\"2008-08-16T08:50:43+00:00\",\"dateModified\":\"2009-01-08T21:55:16+00:00\",\"breadcrumb\":{\"@id\":\"https:\/\/www.rheinvalley.li\/?page_id=252#breadcrumb\"},\"inLanguage\":\"de\",\"potentialAction\":[{\"@type\":\"ReadAction\",\"target\":[\"https:\/\/www.rheinvalley.li\/?page_id=252\"]}]},{\"@type\":\"BreadcrumbList\",\"@id\":\"https:\/\/www.rheinvalley.li\/?page_id=252#breadcrumb\",\"itemListElement\":[{\"@type\":\"ListItem\",\"position\":1,\"name\":\"Home\",\"item\":\"https:\/\/www.rheinvalley.li\/\"},{\"@type\":\"ListItem\",\"position\":2,\"name\":\"Events &#8211; R\u00fcckblick\",\"item\":\"https:\/\/www.rheinvalley.li\/?page_id=249\"},{\"@type\":\"ListItem\",\"position\":3,\"name\":\"Events 2008\"}]},{\"@type\":\"WebSite\",\"@id\":\"https:\/\/www.rheinvalley.li\/#website\",\"url\":\"https:\/\/www.rheinvalley.li\/\",\"name\":\"Rhein Valley Line Dance Group\",\"description\":\"Weil Tanzen einfach Spass macht...(Schweiz-Liechtenstein-Mallorca)\",\"publisher\":{\"@id\":\"https:\/\/www.rheinvalley.li\/#organization\"},\"potentialAction\":[{\"@type\":\"SearchAction\",\"target\":{\"@type\":\"EntryPoint\",\"urlTemplate\":\"https:\/\/www.rheinvalley.li\/?s={search_term_string}\"},\"query-input\":{\"@type\":\"PropertyValueSpecification\",\"valueRequired\":true,\"valueName\":\"search_term_string\"}}],\"inLanguage\":\"de\"},{\"@type\":\"Organization\",\"@id\":\"https:\/\/www.rheinvalley.li\/#organization\",\"name\":\"Rhein Valley Line Dance Group\",\"url\":\"https:\/\/www.rheinvalley.li\/\",\"logo\":{\"@type\":\"ImageObject\",\"inLanguage\":\"de\",\"@id\":\"https:\/\/www.rheinvalley.li\/#\/schema\/logo\/image\/\",\"url\":\"https:\/\/www.rheinvalley.li\/wp-content\/uploads\/2008\/08\/rheinvalley-hell.jpg\",\"contentUrl\":\"https:\/\/www.rheinvalley.li\/wp-content\/uploads\/2008\/08\/rheinvalley-hell.jpg\",\"width\":112,\"height\":100,\"caption\":\"Rhein Valley Line Dance Group\"},\"image\":{\"@id\":\"https:\/\/www.rheinvalley.li\/#\/schema\/logo\/image\/\"}}]}<\/script>\n<!-- \/ Yoast SEO plugin. -->","yoast_head_json":{"title":"Events 2008 - Rhein Valley Line Dance Group","robots":{"index":"index","follow":"follow","max-snippet":"max-snippet:-1","max-image-preview":"max-image-preview:large","max-video-preview":"max-video-preview:-1"},"canonical":"https:\/\/www.rheinvalley.li\/?page_id=252","og_locale":"de_DE","og_type":"article","og_title":"Events 2008 - Rhein Valley Line Dance Group","og_description":"25. Januar 2008 BZB, Januaressen, Firmenanlass, Buchs\/SG\u00a0 (Auftritte: 20.30 und 21.45 Uhr) 27. Januar 2008 Rathaus, Seniorenfasnacht, Schaan\/FL (Auftritte: 16.00 und 16.50 Uhr) 31. Januar 2008 11. Rhein Valley Line Dance Night, Hotel Buchserhof, Buchs\/SG (Spezial-Fasnachts-Line Dance Abend ab 20.00 Uhr) 16. Februar 2008 Bal Mascra, Country Western Maskenball, Ftan, Unterengadin (Auftritte: 20.30 und 21.15 [&hellip;]","og_url":"https:\/\/www.rheinvalley.li\/?page_id=252","og_site_name":"Rhein Valley Line Dance Group","article_modified_time":"2009-01-08T21:55:16+00:00","twitter_misc":{"Gesch\u00e4tzte Lesezeit":"2\u00a0Minuten"},"schema":{"@context":"https:\/\/schema.org","@graph":[{"@type":"WebPage","@id":"https:\/\/www.rheinvalley.li\/?page_id=252","url":"https:\/\/www.rheinvalley.li\/?page_id=252","name":"Events 2008 - Rhein Valley Line Dance Group","isPartOf":{"@id":"https:\/\/www.rheinvalley.li\/#website"},"datePublished":"2008-08-16T08:50:43+00:00","dateModified":"2009-01-08T21:55:16+00:00","breadcrumb":{"@id":"https:\/\/www.rheinvalley.li\/?page_id=252#breadcrumb"},"inLanguage":"de","potentialAction":[{"@type":"ReadAction","target":["https:\/\/www.rheinvalley.li\/?page_id=252"]}]},{"@type":"BreadcrumbList","@id":"https:\/\/www.rheinvalley.li\/?page_id=252#breadcrumb","itemListElement":[{"@type":"ListItem","position":1,"name":"Home","item":"https:\/\/www.rheinvalley.li\/"},{"@type":"ListItem","position":2,"name":"Events &#8211; R\u00fcckblick","item":"https:\/\/www.rheinvalley.li\/?page_id=249"},{"@type":"ListItem","position":3,"name":"Events 2008"}]},{"@type":"WebSite","@id":"https:\/\/www.rheinvalley.li\/#website","url":"https:\/\/www.rheinvalley.li\/","name":"Rhein Valley Line Dance Group","description":"Weil Tanzen einfach Spass macht...(Schweiz-Liechtenstein-Mallorca)","publisher":{"@id":"https:\/\/www.rheinvalley.li\/#organization"},"potentialAction":[{"@type":"SearchAction","target":{"@type":"EntryPoint","urlTemplate":"https:\/\/www.rheinvalley.li\/?s={search_term_string}"},"query-input":{"@type":"PropertyValueSpecification","valueRequired":true,"valueName":"search_term_string"}}],"inLanguage":"de"},{"@type":"Organization","@id":"https:\/\/www.rheinvalley.li\/#organization","name":"Rhein Valley Line Dance Group","url":"https:\/\/www.rheinvalley.li\/","logo":{"@type":"ImageObject","inLanguage":"de","@id":"https:\/\/www.rheinvalley.li\/#\/schema\/logo\/image\/","url":"https:\/\/www.rheinvalley.li\/wp-content\/uploads\/2008\/08\/rheinvalley-hell.jpg","contentUrl":"https:\/\/www.rheinvalley.li\/wp-content\/uploads\/2008\/08\/rheinvalley-hell.jpg","width":112,"height":100,"caption":"Rhein Valley Line Dance Group"},"image":{"@id":"https:\/\/www.rheinvalley.li\/#\/schema\/logo\/image\/"}}]}},"_links":{"self":[{"href":"https:\/\/www.rheinvalley.li\/index.php?rest_route=\/wp\/v2\/pages\/252","targetHints":{"allow":["GET"]}}],"collection":[{"href":"https:\/\/www.rheinvalley.li\/index.php?rest_route=\/wp\/v2\/pages"}],"about":[{"href":"https:\/\/www.rheinvalley.li\/index.php?rest_route=\/wp\/v2\/types\/page"}],"author":[{"embeddable":true,"href":"https:\/\/www.rheinvalley.li\/index.php?rest_route=\/wp\/v2\/users\/2"}],"replies":[{"embeddable":true,"href":"https:\/\/www.rheinvalley.li\/index.php?rest_route=%2Fwp%2Fv2%2Fcomments&post=252"}],"version-history":[{"count":20,"href":"https:\/\/www.rheinvalley.li\/index.php?rest_route=\/wp\/v2\/pages\/252\/revisions"}],"predecessor-version":[{"id":261,"href":"https:\/\/www.rheinvalley.li\/index.php?rest_route=\/wp\/v2\/pages\/252\/revisions\/261"}],"up":[{"embeddable":true,"href":"https:\/\/www.rheinvalley.li\/index.php?rest_route=\/wp\/v2\/pages\/249"}],"wp:attachment":[{"href":"https:\/\/www.rheinvalley.li\/index.php?rest_route=%2Fwp%2Fv2%2Fmedia&parent=252"}],"curies":[{"name":"wp","href":"https:\/\/api.w.org\/{rel}","templated":true}]}}