{"id":27012,"date":"2016-01-17T15:18:11","date_gmt":"2016-01-17T13:18:11","guid":{"rendered":"http:\/\/www.rheinvalley.li\/?page_id=27012"},"modified":"2017-04-10T08:36:33","modified_gmt":"2017-04-10T06:36:33","slug":"events-2016","status":"publish","type":"page","link":"https:\/\/www.rheinvalley.li\/?page_id=27012","title":{"rendered":"Events 2016"},"content":{"rendered":"<p><strong>Freitag, 29. Januar 2016<\/strong>: Fasnachts-Line-Dance-Party in der Dance Hall in Bendern (55. Line Dance Night) &#8211; inklusive Workshop &#8211; f\u00fcr Speis und Trank ist gesorgt<\/p>\n<p><strong>Freitag, 22. Januar 2016:<\/strong> Auftritt und Workshop in Z\u00fcrich &#8211; Seniorama im Tiergarten &#8211; Mitarbeiterfest &#8211; Jahresabschluss 2015<\/p>\n<p><strong>Samstag, 16. Januar 2016:<\/strong> Workshoptag in Aarau<\/p>\n<p><strong>Mittwoch, 16. M\u00e4rz 2016:<\/strong> Neuer Kurs &#8211; ab 18 Uhr &#8211; Dance Hall, Bendern<\/p>\n<p><strong>Freitag, 08. April 2016:<\/strong> 56. Rhein Valley Line Dance Night, Dance Hall, Eschnerstrasse 64, 9487 Bendern, ab 19:30 Uhr T\u00fcr\u00f6ffnung &#8211; Eintritt: CHF 5.&#8211; -F\u00fcr Speis und Trank ist reichlich gesorgt und einen Workshop gibt es nat\u00fcrlich auch.<\/p>\n<p><strong>Sonntag, 8. &#8211; 15. Mai 2016:<\/strong> 24. Mallorca Line Dance Woche &#8211; Hotel Marqu\u00e9s, Colonia St. Jordi<\/p>\n<p><strong>Sonntag, 15. &#8211; 22. Mai 2016:<\/strong> 25. Mallorca Line Dance Woche &#8211; Hotel Romantica, Colonia St. Jordi<\/p>\n<p><strong>Freitag, 10. Juni 2016:<\/strong> Auftritt im B\u00fcndnerland mit der Nevada Band (n\u00e4here Angaben folgen)<\/p>\n<p><strong>Samstag, 25. Juni 2016:<\/strong> Auftritte am Truckerfestival in Interlaken &#8211; tags\u00fcber (genaue Zeiten folgen)<br \/>\n<strong>Samstag, 25. Juni 2016:<\/strong> Auftritt in Ramsei &#8211; Betriebsfest &#8211; geschlossene Gesellschaft &#8211; <\/p>\n<p><strong>Montag, 01. August 2016:<\/strong> Auftritte an der Bundesfeier in Z\u00fcrich &#8211; Moderation Monika Fasnacht &#8211; B\u00fcrkliplatz &#8211; tags\u00fcber 12 &#8211; 16 Uhr<\/p>\n<p><strong>Samstag, 20. August 2016:<\/strong> Auftritt anl\u00e4sslich &#8211; Gamprin musiziert,singt und tanzt: Grossab\u00fcnt Gamprin\/Liechtenstein ab 17 Uhr &#8211; <strong>ABGESAGT<\/strong> WEGEN SCHLECHTEM WETTER!<\/p>\n<p><strong>Freitag, 26. August 2016:<\/strong> Auftritt am Personalfest Motto Wild West &#8211; Regionales Pflegezentrum Baden AG, in Baden\/Schweiz (geschlossene Gesellschaft) <\/p>\n<p><strong>Sonntag, 28. August 2016: <\/strong>Auftritt und Workshop in Rapperswil\/Jona: Jucker Farm &#8211; tags\u00fcber ab ca 14 Uhr (geschlossene Gesellschaft)<\/p>\n<p><strong>Montag, 29. August 2016:<\/strong> Workshop in Z\u00fcrich (geschlossene Gesellschaft) 20:30 Uhr<\/p>\n<p><strong>Freitag, 02. September 2016:<\/strong> Auftritt in Benken &#8211; 21 Uhr &#8211; http:\/\/www.benken2016.ch\/programm<\/p>\n<p><strong>Mittwoch, 07. September 2016:<\/strong> neuer Line Dance Kurs in der Dance Hall ab 18 Uhr, Eschnerstrasse 64, Bendern<\/p>\n<p><strong>Freitag, 30. September 2016:<\/strong> 57. Rhein Valley Line Dance Night, inklusive Workshop und f\u00fcr Speis und Trank ist auch gesorgt, ab 20 Uhr in der Dance Hall in Bendern\/Liechtenstein<\/p>\n<p><strong>Sonntag, 02. &#8211; 09. Oktober 2016:<\/strong> 26. Mallorca Line Dance Woche &#8211; Hotel Florida, Magaluf<\/p>\n<p><strong>Sonntag, 09. &#8211; 16. Oktober 2016:<\/strong> 27. Mallorca Line Dance Woche &#8211; Hotel Laguna, Canyamel<\/p>\n<p><strong>Freitag, 09. Dezember 2016:<\/strong> x-Mas Line Dance Party &#8211; 58. Rhein Valley Line Dance Night &#8211; T\u00fcr\u00f6ffnung ab 19:30, Start: 20 Uhr, f\u00fcr Speis und Trank ist gesorgt  &#8211;  in der Dance Hall in Bendern (Eschnerstrasse 64)<\/p>\n<p><strong>Freitag, 16. Dezember 2016:<\/strong> Auftritt und Workshop in Lausanne &#8211; ca 19 Uhr (geschlossene Gesellschaft)<\/p>\n<p><strong>Samstag, 17. Dezember 2016:<\/strong> Weihnachtsessen (geschlossene Gesellschaft)<\/p>\n","protected":false},"excerpt":{"rendered":"<p>Freitag, 29. Januar 2016: Fasnachts-Line-Dance-Party in der Dance Hall in Bendern (55. Line Dance Night) &#8211; inklusive Workshop &#8211; f\u00fcr Speis und Trank ist gesorgt Freitag, 22. Januar 2016: Auftritt und Workshop in Z\u00fcrich &#8211; Seniorama im Tiergarten &#8211; Mitarbeiterfest &#8211; Jahresabschluss 2015 Samstag, 16. Januar 2016: Workshoptag in Aarau Mittwoch, 16. M\u00e4rz 2016: Neuer [&hellip;]<\/p>\n","protected":false},"author":2,"featured_media":0,"parent":249,"menu_order":14,"comment_status":"closed","ping_status":"closed","template":"","meta":{"ngg_post_thumbnail":0,"footnotes":""},"class_list":["post-27012","page","type-page","status-publish","hentry"],"yoast_head":"<!-- This site is optimized with the Yoast SEO plugin v26.7 - https:\/\/yoast.com\/wordpress\/plugins\/seo\/ -->\n<title>Events 2016 - Rhein Valley Line Dance Group<\/title>\n<meta name=\"robots\" content=\"index, follow, max-snippet:-1, max-image-preview:large, max-video-preview:-1\" \/>\n<link rel=\"canonical\" href=\"https:\/\/www.rheinvalley.li\/?page_id=27012\" \/>\n<meta property=\"og:locale\" content=\"de_DE\" \/>\n<meta property=\"og:type\" content=\"article\" \/>\n<meta property=\"og:title\" content=\"Events 2016 - Rhein Valley Line Dance Group\" \/>\n<meta property=\"og:description\" content=\"Freitag, 29. Januar 2016: Fasnachts-Line-Dance-Party in der Dance Hall in Bendern (55. Line Dance Night) &#8211; inklusive Workshop &#8211; f\u00fcr Speis und Trank ist gesorgt Freitag, 22. Januar 2016: Auftritt und Workshop in Z\u00fcrich &#8211; Seniorama im Tiergarten &#8211; Mitarbeiterfest &#8211; Jahresabschluss 2015 Samstag, 16. Januar 2016: Workshoptag in Aarau Mittwoch, 16. M\u00e4rz 2016: Neuer [&hellip;]\" \/>\n<meta property=\"og:url\" content=\"https:\/\/www.rheinvalley.li\/?page_id=27012\" \/>\n<meta property=\"og:site_name\" content=\"Rhein Valley Line Dance Group\" \/>\n<meta property=\"article:modified_time\" content=\"2017-04-10T06:36:33+00:00\" \/>\n<meta name=\"twitter:label1\" content=\"Gesch\u00e4tzte Lesezeit\" \/>\n\t<meta name=\"twitter:data1\" content=\"2\u00a0Minuten\" \/>\n<script type=\"application\/ld+json\" class=\"yoast-schema-graph\">{\"@context\":\"https:\/\/schema.org\",\"@graph\":[{\"@type\":\"WebPage\",\"@id\":\"https:\/\/www.rheinvalley.li\/?page_id=27012\",\"url\":\"https:\/\/www.rheinvalley.li\/?page_id=27012\",\"name\":\"Events 2016 - Rhein Valley Line Dance Group\",\"isPartOf\":{\"@id\":\"https:\/\/www.rheinvalley.li\/#website\"},\"datePublished\":\"2016-01-17T13:18:11+00:00\",\"dateModified\":\"2017-04-10T06:36:33+00:00\",\"breadcrumb\":{\"@id\":\"https:\/\/www.rheinvalley.li\/?page_id=27012#breadcrumb\"},\"inLanguage\":\"de\",\"potentialAction\":[{\"@type\":\"ReadAction\",\"target\":[\"https:\/\/www.rheinvalley.li\/?page_id=27012\"]}]},{\"@type\":\"BreadcrumbList\",\"@id\":\"https:\/\/www.rheinvalley.li\/?page_id=27012#breadcrumb\",\"itemListElement\":[{\"@type\":\"ListItem\",\"position\":1,\"name\":\"Home\",\"item\":\"https:\/\/www.rheinvalley.li\/\"},{\"@type\":\"ListItem\",\"position\":2,\"name\":\"Events &#8211; R\u00fcckblick\",\"item\":\"https:\/\/www.rheinvalley.li\/?page_id=249\"},{\"@type\":\"ListItem\",\"position\":3,\"name\":\"Events 2016\"}]},{\"@type\":\"WebSite\",\"@id\":\"https:\/\/www.rheinvalley.li\/#website\",\"url\":\"https:\/\/www.rheinvalley.li\/\",\"name\":\"Rhein Valley Line Dance Group\",\"description\":\"Weil Tanzen einfach Spass macht...(Schweiz-Liechtenstein-Mallorca)\",\"publisher\":{\"@id\":\"https:\/\/www.rheinvalley.li\/#organization\"},\"potentialAction\":[{\"@type\":\"SearchAction\",\"target\":{\"@type\":\"EntryPoint\",\"urlTemplate\":\"https:\/\/www.rheinvalley.li\/?s={search_term_string}\"},\"query-input\":{\"@type\":\"PropertyValueSpecification\",\"valueRequired\":true,\"valueName\":\"search_term_string\"}}],\"inLanguage\":\"de\"},{\"@type\":\"Organization\",\"@id\":\"https:\/\/www.rheinvalley.li\/#organization\",\"name\":\"Rhein Valley Line Dance Group\",\"url\":\"https:\/\/www.rheinvalley.li\/\",\"logo\":{\"@type\":\"ImageObject\",\"inLanguage\":\"de\",\"@id\":\"https:\/\/www.rheinvalley.li\/#\/schema\/logo\/image\/\",\"url\":\"https:\/\/www.rheinvalley.li\/wp-content\/uploads\/2008\/08\/rheinvalley-hell.jpg\",\"contentUrl\":\"https:\/\/www.rheinvalley.li\/wp-content\/uploads\/2008\/08\/rheinvalley-hell.jpg\",\"width\":112,\"height\":100,\"caption\":\"Rhein Valley Line Dance Group\"},\"image\":{\"@id\":\"https:\/\/www.rheinvalley.li\/#\/schema\/logo\/image\/\"}}]}<\/script>\n<!-- \/ Yoast SEO plugin. -->","yoast_head_json":{"title":"Events 2016 - Rhein Valley Line Dance Group","robots":{"index":"index","follow":"follow","max-snippet":"max-snippet:-1","max-image-preview":"max-image-preview:large","max-video-preview":"max-video-preview:-1"},"canonical":"https:\/\/www.rheinvalley.li\/?page_id=27012","og_locale":"de_DE","og_type":"article","og_title":"Events 2016 - Rhein Valley Line Dance Group","og_description":"Freitag, 29. Januar 2016: Fasnachts-Line-Dance-Party in der Dance Hall in Bendern (55. Line Dance Night) &#8211; inklusive Workshop &#8211; f\u00fcr Speis und Trank ist gesorgt Freitag, 22. Januar 2016: Auftritt und Workshop in Z\u00fcrich &#8211; Seniorama im Tiergarten &#8211; Mitarbeiterfest &#8211; Jahresabschluss 2015 Samstag, 16. Januar 2016: Workshoptag in Aarau Mittwoch, 16. M\u00e4rz 2016: Neuer [&hellip;]","og_url":"https:\/\/www.rheinvalley.li\/?page_id=27012","og_site_name":"Rhein Valley Line Dance Group","article_modified_time":"2017-04-10T06:36:33+00:00","twitter_misc":{"Gesch\u00e4tzte Lesezeit":"2\u00a0Minuten"},"schema":{"@context":"https:\/\/schema.org","@graph":[{"@type":"WebPage","@id":"https:\/\/www.rheinvalley.li\/?page_id=27012","url":"https:\/\/www.rheinvalley.li\/?page_id=27012","name":"Events 2016 - Rhein Valley Line Dance Group","isPartOf":{"@id":"https:\/\/www.rheinvalley.li\/#website"},"datePublished":"2016-01-17T13:18:11+00:00","dateModified":"2017-04-10T06:36:33+00:00","breadcrumb":{"@id":"https:\/\/www.rheinvalley.li\/?page_id=27012#breadcrumb"},"inLanguage":"de","potentialAction":[{"@type":"ReadAction","target":["https:\/\/www.rheinvalley.li\/?page_id=27012"]}]},{"@type":"BreadcrumbList","@id":"https:\/\/www.rheinvalley.li\/?page_id=27012#breadcrumb","itemListElement":[{"@type":"ListItem","position":1,"name":"Home","item":"https:\/\/www.rheinvalley.li\/"},{"@type":"ListItem","position":2,"name":"Events &#8211; R\u00fcckblick","item":"https:\/\/www.rheinvalley.li\/?page_id=249"},{"@type":"ListItem","position":3,"name":"Events 2016"}]},{"@type":"WebSite","@id":"https:\/\/www.rheinvalley.li\/#website","url":"https:\/\/www.rheinvalley.li\/","name":"Rhein Valley Line Dance Group","description":"Weil Tanzen einfach Spass macht...(Schweiz-Liechtenstein-Mallorca)","publisher":{"@id":"https:\/\/www.rheinvalley.li\/#organization"},"potentialAction":[{"@type":"SearchAction","target":{"@type":"EntryPoint","urlTemplate":"https:\/\/www.rheinvalley.li\/?s={search_term_string}"},"query-input":{"@type":"PropertyValueSpecification","valueRequired":true,"valueName":"search_term_string"}}],"inLanguage":"de"},{"@type":"Organization","@id":"https:\/\/www.rheinvalley.li\/#organization","name":"Rhein Valley Line Dance Group","url":"https:\/\/www.rheinvalley.li\/","logo":{"@type":"ImageObject","inLanguage":"de","@id":"https:\/\/www.rheinvalley.li\/#\/schema\/logo\/image\/","url":"https:\/\/www.rheinvalley.li\/wp-content\/uploads\/2008\/08\/rheinvalley-hell.jpg","contentUrl":"https:\/\/www.rheinvalley.li\/wp-content\/uploads\/2008\/08\/rheinvalley-hell.jpg","width":112,"height":100,"caption":"Rhein Valley Line Dance Group"},"image":{"@id":"https:\/\/www.rheinvalley.li\/#\/schema\/logo\/image\/"}}]}},"_links":{"self":[{"href":"https:\/\/www.rheinvalley.li\/index.php?rest_route=\/wp\/v2\/pages\/27012","targetHints":{"allow":["GET"]}}],"collection":[{"href":"https:\/\/www.rheinvalley.li\/index.php?rest_route=\/wp\/v2\/pages"}],"about":[{"href":"https:\/\/www.rheinvalley.li\/index.php?rest_route=\/wp\/v2\/types\/page"}],"author":[{"embeddable":true,"href":"https:\/\/www.rheinvalley.li\/index.php?rest_route=\/wp\/v2\/users\/2"}],"replies":[{"embeddable":true,"href":"https:\/\/www.rheinvalley.li\/index.php?rest_route=%2Fwp%2Fv2%2Fcomments&post=27012"}],"version-history":[{"count":16,"href":"https:\/\/www.rheinvalley.li\/index.php?rest_route=\/wp\/v2\/pages\/27012\/revisions"}],"predecessor-version":[{"id":38459,"href":"https:\/\/www.rheinvalley.li\/index.php?rest_route=\/wp\/v2\/pages\/27012\/revisions\/38459"}],"up":[{"embeddable":true,"href":"https:\/\/www.rheinvalley.li\/index.php?rest_route=\/wp\/v2\/pages\/249"}],"wp:attachment":[{"href":"https:\/\/www.rheinvalley.li\/index.php?rest_route=%2Fwp%2Fv2%2Fmedia&parent=27012"}],"curies":[{"name":"wp","href":"https:\/\/api.w.org\/{rel}","templated":true}]}}