{"id":27031,"date":"2016-01-17T16:17:46","date_gmt":"2016-01-17T14:17:46","guid":{"rendered":"http:\/\/www.rheinvalley.li\/?page_id=27031"},"modified":"2016-12-17T13:43:51","modified_gmt":"2016-12-17T11:43:51","slug":"auftritte-2016","status":"publish","type":"page","link":"https:\/\/www.rheinvalley.li\/?page_id=27031","title":{"rendered":"Auftritte 2016"},"content":{"rendered":"<p><strong>Freitag, 16. Dezember 2016:<\/strong> Auftritte und Workshops in Lausanne &#8211; (Firmenanlass, geschlossene Gesellschaft)<br \/>ngg_shortcode_0_placeholder\n<p><strong>Freitag, 02. September 2016:<\/strong> Auftritt und Workshop in Benken (8717 Benken) 1275 Jahre Benken &#8211; super sch\u00f6ner Anlass &#8211;<br \/>ngg_shortcode_1_placeholder\n<p><strong>Montag, 29. August 2016<\/strong>: Workshop f\u00fcr die Firma Roche &#8211; Eventalm in R\u00fcmlang &#8211; Z\u00fcrich<br \/>ngg_shortcode_2_placeholder\n<p><strong>Sonntag, 28. August 2016: <\/strong>Auftritte f\u00fcr Julius B\u00e4r &#8211; Familientag &#8211; Jucker Farm &#8211; B\u00e4chlihof in Rapperswil\/Jona &#8211; 14 Uhr &#8211; super sch\u00f6ner Anlass bei super sch\u00f6nem heissen Wetter &#8211; danke allen die dabei waren und danke an den Fotografen \ud83d\ude09<br \/>ngg_shortcode_3_placeholder\n<p><strong>Freitag, 26. August 2016:<\/strong> Auftritte Plegezentrum Baden AG, in Baden &#8211; Mitarbeiterfest &#8211; tolles Ambiente &#8211; danke<br \/>ngg_shortcode_4_placeholder\n<p><strong>Montag, 01. August 2016:<\/strong> Auftritte an der Bundesfeier &#8211; 1. Augustfeier in Z\u00fcrich am B\u00fcrkliplatz &#8211; 12:15 &#8211; 15:30 Uhr immer wieder &#8211; insgesamt viermal in verschiedenen Outfits und verschiedene Musik. Soooo viele Leute sind gekommen &#8211; danke allen, dass ihr da ward. Danke an J\u00fcrg Bay, danke an Monika Fasnacht f\u00fcr die Moderation, danke an Reto f\u00fcr die Fotos, danke Tom f\u00fcr die Technik, danke Roswita f\u00fcrs Filmen, danke an meine Showgruppe &#8211; es war wie immer toll mit euch.<br \/>ngg_shortcode_5_placeholder\n<p><strong>Samstag, 25. Juni 2016:<\/strong> Betriebsfest in Ramsei\/Be &#8211; cool war es &#8211; so tolles Team &#8211; Danke<\/p>ngg_shortcode_6_placeholder<p><strong>Freitag, 10. Juni 2016:<\/strong> Trumpf &#8211; Grillfest, Mitarbeiterfest in Gr\u00fcsch\/GR mit der Nevada Band<\/p>ngg_shortcode_7_placeholder<p><strong>Freitag, 22. Januar 2016<\/strong>: Auftritt und Workshop am Jahresabschlussessen &#8211; Mitarbeiterfest &#8211; Seniorama Im Tiergarten &#8211; 8055 Z\u00fcrich:\u00a0Tolles Ambiente an diesem gut organisierten Event<\/p>ngg_shortcode_8_placeholder","protected":false},"excerpt":{"rendered":"<p>Freitag, 16. Dezember 2016: Auftritte und Workshops in Lausanne &#8211; (Firmenanlass, geschlossene Gesellschaft) Freitag, 02. September 2016: Auftritt und Workshop in Benken (8717 Benken) 1275 Jahre Benken &#8211; super sch\u00f6ner Anlass &#8211; Montag, 29. August 2016: Workshop f\u00fcr die Firma Roche &#8211; Eventalm in R\u00fcmlang &#8211; Z\u00fcrich Sonntag, 28. August 2016: Auftritte f\u00fcr Julius B\u00e4r [&hellip;]<\/p>\n","protected":false},"author":2,"featured_media":0,"parent":153,"menu_order":0,"comment_status":"closed","ping_status":"closed","template":"","meta":{"ngg_post_thumbnail":0,"footnotes":""},"class_list":["post-27031","page","type-page","status-publish","hentry"],"yoast_head":"<!-- This site is optimized with the Yoast SEO plugin v26.7 - https:\/\/yoast.com\/wordpress\/plugins\/seo\/ -->\n<title>Auftritte 2016 - Rhein Valley Line Dance Group<\/title>\n<meta name=\"robots\" content=\"index, follow, max-snippet:-1, max-image-preview:large, max-video-preview:-1\" \/>\n<link rel=\"canonical\" href=\"https:\/\/www.rheinvalley.li\/?page_id=27031\" \/>\n<meta property=\"og:locale\" content=\"de_DE\" \/>\n<meta property=\"og:type\" content=\"article\" \/>\n<meta property=\"og:title\" content=\"Auftritte 2016 - Rhein Valley Line Dance Group\" \/>\n<meta property=\"og:description\" content=\"Freitag, 16. Dezember 2016: Auftritte und Workshops in Lausanne &#8211; (Firmenanlass, geschlossene Gesellschaft) Freitag, 02. September 2016: Auftritt und Workshop in Benken (8717 Benken) 1275 Jahre Benken &#8211; super sch\u00f6ner Anlass &#8211; Montag, 29. August 2016: Workshop f\u00fcr die Firma Roche &#8211; Eventalm in R\u00fcmlang &#8211; Z\u00fcrich Sonntag, 28. August 2016: Auftritte f\u00fcr Julius B\u00e4r [&hellip;]\" \/>\n<meta property=\"og:url\" content=\"https:\/\/www.rheinvalley.li\/?page_id=27031\" \/>\n<meta property=\"og:site_name\" content=\"Rhein Valley Line Dance Group\" \/>\n<meta property=\"article:modified_time\" content=\"2016-12-17T11:43:51+00:00\" \/>\n<meta name=\"twitter:label1\" content=\"Gesch\u00e4tzte Lesezeit\" \/>\n\t<meta name=\"twitter:data1\" content=\"1\u00a0Minute\" \/>\n<script type=\"application\/ld+json\" class=\"yoast-schema-graph\">{\"@context\":\"https:\/\/schema.org\",\"@graph\":[{\"@type\":\"WebPage\",\"@id\":\"https:\/\/www.rheinvalley.li\/?page_id=27031\",\"url\":\"https:\/\/www.rheinvalley.li\/?page_id=27031\",\"name\":\"Auftritte 2016 - Rhein Valley Line Dance Group\",\"isPartOf\":{\"@id\":\"https:\/\/www.rheinvalley.li\/#website\"},\"datePublished\":\"2016-01-17T14:17:46+00:00\",\"dateModified\":\"2016-12-17T11:43:51+00:00\",\"breadcrumb\":{\"@id\":\"https:\/\/www.rheinvalley.li\/?page_id=27031#breadcrumb\"},\"inLanguage\":\"de\",\"potentialAction\":[{\"@type\":\"ReadAction\",\"target\":[\"https:\/\/www.rheinvalley.li\/?page_id=27031\"]}]},{\"@type\":\"BreadcrumbList\",\"@id\":\"https:\/\/www.rheinvalley.li\/?page_id=27031#breadcrumb\",\"itemListElement\":[{\"@type\":\"ListItem\",\"position\":1,\"name\":\"Home\",\"item\":\"https:\/\/www.rheinvalley.li\/\"},{\"@type\":\"ListItem\",\"position\":2,\"name\":\"Fotos\",\"item\":\"https:\/\/www.rheinvalley.li\/?page_id=153\"},{\"@type\":\"ListItem\",\"position\":3,\"name\":\"Auftritte 2016\"}]},{\"@type\":\"WebSite\",\"@id\":\"https:\/\/www.rheinvalley.li\/#website\",\"url\":\"https:\/\/www.rheinvalley.li\/\",\"name\":\"Rhein Valley Line Dance Group\",\"description\":\"Weil Tanzen einfach Spass macht...(Schweiz-Liechtenstein-Mallorca)\",\"publisher\":{\"@id\":\"https:\/\/www.rheinvalley.li\/#organization\"},\"potentialAction\":[{\"@type\":\"SearchAction\",\"target\":{\"@type\":\"EntryPoint\",\"urlTemplate\":\"https:\/\/www.rheinvalley.li\/?s={search_term_string}\"},\"query-input\":{\"@type\":\"PropertyValueSpecification\",\"valueRequired\":true,\"valueName\":\"search_term_string\"}}],\"inLanguage\":\"de\"},{\"@type\":\"Organization\",\"@id\":\"https:\/\/www.rheinvalley.li\/#organization\",\"name\":\"Rhein Valley Line Dance Group\",\"url\":\"https:\/\/www.rheinvalley.li\/\",\"logo\":{\"@type\":\"ImageObject\",\"inLanguage\":\"de\",\"@id\":\"https:\/\/www.rheinvalley.li\/#\/schema\/logo\/image\/\",\"url\":\"https:\/\/www.rheinvalley.li\/wp-content\/uploads\/2008\/08\/rheinvalley-hell.jpg\",\"contentUrl\":\"https:\/\/www.rheinvalley.li\/wp-content\/uploads\/2008\/08\/rheinvalley-hell.jpg\",\"width\":112,\"height\":100,\"caption\":\"Rhein Valley Line Dance Group\"},\"image\":{\"@id\":\"https:\/\/www.rheinvalley.li\/#\/schema\/logo\/image\/\"}}]}<\/script>\n<!-- \/ Yoast SEO plugin. -->","yoast_head_json":{"title":"Auftritte 2016 - Rhein Valley Line Dance Group","robots":{"index":"index","follow":"follow","max-snippet":"max-snippet:-1","max-image-preview":"max-image-preview:large","max-video-preview":"max-video-preview:-1"},"canonical":"https:\/\/www.rheinvalley.li\/?page_id=27031","og_locale":"de_DE","og_type":"article","og_title":"Auftritte 2016 - Rhein Valley Line Dance Group","og_description":"Freitag, 16. Dezember 2016: Auftritte und Workshops in Lausanne &#8211; (Firmenanlass, geschlossene Gesellschaft) Freitag, 02. September 2016: Auftritt und Workshop in Benken (8717 Benken) 1275 Jahre Benken &#8211; super sch\u00f6ner Anlass &#8211; Montag, 29. August 2016: Workshop f\u00fcr die Firma Roche &#8211; Eventalm in R\u00fcmlang &#8211; Z\u00fcrich Sonntag, 28. August 2016: Auftritte f\u00fcr Julius B\u00e4r [&hellip;]","og_url":"https:\/\/www.rheinvalley.li\/?page_id=27031","og_site_name":"Rhein Valley Line Dance Group","article_modified_time":"2016-12-17T11:43:51+00:00","twitter_misc":{"Gesch\u00e4tzte Lesezeit":"1\u00a0Minute"},"schema":{"@context":"https:\/\/schema.org","@graph":[{"@type":"WebPage","@id":"https:\/\/www.rheinvalley.li\/?page_id=27031","url":"https:\/\/www.rheinvalley.li\/?page_id=27031","name":"Auftritte 2016 - Rhein Valley Line Dance Group","isPartOf":{"@id":"https:\/\/www.rheinvalley.li\/#website"},"datePublished":"2016-01-17T14:17:46+00:00","dateModified":"2016-12-17T11:43:51+00:00","breadcrumb":{"@id":"https:\/\/www.rheinvalley.li\/?page_id=27031#breadcrumb"},"inLanguage":"de","potentialAction":[{"@type":"ReadAction","target":["https:\/\/www.rheinvalley.li\/?page_id=27031"]}]},{"@type":"BreadcrumbList","@id":"https:\/\/www.rheinvalley.li\/?page_id=27031#breadcrumb","itemListElement":[{"@type":"ListItem","position":1,"name":"Home","item":"https:\/\/www.rheinvalley.li\/"},{"@type":"ListItem","position":2,"name":"Fotos","item":"https:\/\/www.rheinvalley.li\/?page_id=153"},{"@type":"ListItem","position":3,"name":"Auftritte 2016"}]},{"@type":"WebSite","@id":"https:\/\/www.rheinvalley.li\/#website","url":"https:\/\/www.rheinvalley.li\/","name":"Rhein Valley Line Dance Group","description":"Weil Tanzen einfach Spass macht...(Schweiz-Liechtenstein-Mallorca)","publisher":{"@id":"https:\/\/www.rheinvalley.li\/#organization"},"potentialAction":[{"@type":"SearchAction","target":{"@type":"EntryPoint","urlTemplate":"https:\/\/www.rheinvalley.li\/?s={search_term_string}"},"query-input":{"@type":"PropertyValueSpecification","valueRequired":true,"valueName":"search_term_string"}}],"inLanguage":"de"},{"@type":"Organization","@id":"https:\/\/www.rheinvalley.li\/#organization","name":"Rhein Valley Line Dance Group","url":"https:\/\/www.rheinvalley.li\/","logo":{"@type":"ImageObject","inLanguage":"de","@id":"https:\/\/www.rheinvalley.li\/#\/schema\/logo\/image\/","url":"https:\/\/www.rheinvalley.li\/wp-content\/uploads\/2008\/08\/rheinvalley-hell.jpg","contentUrl":"https:\/\/www.rheinvalley.li\/wp-content\/uploads\/2008\/08\/rheinvalley-hell.jpg","width":112,"height":100,"caption":"Rhein Valley Line Dance Group"},"image":{"@id":"https:\/\/www.rheinvalley.li\/#\/schema\/logo\/image\/"}}]}},"_links":{"self":[{"href":"https:\/\/www.rheinvalley.li\/index.php?rest_route=\/wp\/v2\/pages\/27031","targetHints":{"allow":["GET"]}}],"collection":[{"href":"https:\/\/www.rheinvalley.li\/index.php?rest_route=\/wp\/v2\/pages"}],"about":[{"href":"https:\/\/www.rheinvalley.li\/index.php?rest_route=\/wp\/v2\/types\/page"}],"author":[{"embeddable":true,"href":"https:\/\/www.rheinvalley.li\/index.php?rest_route=\/wp\/v2\/users\/2"}],"replies":[{"embeddable":true,"href":"https:\/\/www.rheinvalley.li\/index.php?rest_route=%2Fwp%2Fv2%2Fcomments&post=27031"}],"version-history":[{"count":11,"href":"https:\/\/www.rheinvalley.li\/index.php?rest_route=\/wp\/v2\/pages\/27031\/revisions"}],"predecessor-version":[{"id":37176,"href":"https:\/\/www.rheinvalley.li\/index.php?rest_route=\/wp\/v2\/pages\/27031\/revisions\/37176"}],"up":[{"embeddable":true,"href":"https:\/\/www.rheinvalley.li\/index.php?rest_route=\/wp\/v2\/pages\/153"}],"wp:attachment":[{"href":"https:\/\/www.rheinvalley.li\/index.php?rest_route=%2Fwp%2Fv2%2Fmedia&parent=27031"}],"curies":[{"name":"wp","href":"https:\/\/api.w.org\/{rel}","templated":true}]}}