{"id":2756,"date":"2012-01-15T22:59:07","date_gmt":"2012-01-15T20:59:07","guid":{"rendered":"http:\/\/www.rheinvalley.li\/?page_id=2756"},"modified":"2014-01-25T11:33:58","modified_gmt":"2014-01-25T09:33:58","slug":"line-dance-nights-2012","status":"publish","type":"page","link":"https:\/\/www.rheinvalley.li\/?page_id=2756","title":{"rendered":"Line Dance Nights 2012"},"content":{"rendered":"<p><strong>Freitag, 30.11.2012:<\/strong> 40. Rhein Valley Line Dance Night, ab 19.30 Uhr mit intergriertem Workshop: Ready To Roll. Jubil\u00e4ums-Weihnachts-Jahresabschluss-Line Dance Night zum 10-j\u00e4hrigen Bestehen der Line Dance Group, gratis Eintritt f\u00fcr alle, als Dankesch\u00f6n f\u00fcr die ganz Zeit, Geschenk f\u00fcr alle und \u00dcberraschungen.<br \/>ngg_shortcode_0_placeholder\n<p><strong>Freitag, 29.06.2012:<\/strong> 39. Rhein Valley Line Dance Night, ab 20 Uhr mit integriertem Workshop: Just A Memory<br \/>ngg_shortcode_1_placeholder\n<p><strong>Freitag, 25.05.2012:<\/strong> 38. Rhein Valley Line Dance Night &#8211; Spezial, ab 20 Uhr mit Spezial-Workshop, gesungen von Victoria Elkuch: My Heart Skips A Beat<br \/>ngg_shortcode_2_placeholder\n<p><strong>Freitag, 23. M\u00e4rz 2012:<\/strong><strong> 37. Rhein Valley Line Dance Night &#8211; Osterspecial! Ab 20 Uhr mit integriertem Workshop (Double U Double D). F\u00fcr Speis und Trank ist gesorgt. Schoggi-Eili etc. Gratis-Eintritt f\u00fcr alle zum 10-J\u00e4hrigen Jubl\u00e4um der Rhein Valley Line Dance Group &#8211; das ganze Jahr \u00fcber!<br \/>ngg_shortcode_3_placeholder\n<p><\/strong><\/p>\n<p>&nbsp;<\/p>\n","protected":false},"excerpt":{"rendered":"<p>Freitag, 30.11.2012: 40. Rhein Valley Line Dance Night, ab 19.30 Uhr mit intergriertem Workshop: Ready To Roll. Jubil\u00e4ums-Weihnachts-Jahresabschluss-Line Dance Night zum 10-j\u00e4hrigen Bestehen der Line Dance Group, gratis Eintritt f\u00fcr alle, als Dankesch\u00f6n f\u00fcr die ganz Zeit, Geschenk f\u00fcr alle und \u00dcberraschungen. Freitag, 29.06.2012: 39. Rhein Valley Line Dance Night, ab 20 Uhr mit integriertem [&hellip;]<\/p>\n","protected":false},"author":2,"featured_media":0,"parent":153,"menu_order":65,"comment_status":"open","ping_status":"closed","template":"","meta":{"ngg_post_thumbnail":0,"footnotes":""},"class_list":["post-2756","page","type-page","status-publish","hentry"],"yoast_head":"<!-- This site is optimized with the Yoast SEO plugin v26.7 - https:\/\/yoast.com\/wordpress\/plugins\/seo\/ -->\n<title>Line Dance Nights 2012 - Rhein Valley Line Dance Group<\/title>\n<meta name=\"robots\" content=\"index, follow, max-snippet:-1, max-image-preview:large, max-video-preview:-1\" \/>\n<link rel=\"canonical\" href=\"https:\/\/www.rheinvalley.li\/?page_id=2756\" \/>\n<meta property=\"og:locale\" content=\"de_DE\" \/>\n<meta property=\"og:type\" content=\"article\" \/>\n<meta property=\"og:title\" content=\"Line Dance Nights 2012 - Rhein Valley Line Dance Group\" \/>\n<meta property=\"og:description\" content=\"Freitag, 30.11.2012: 40. Rhein Valley Line Dance Night, ab 19.30 Uhr mit intergriertem Workshop: Ready To Roll. Jubil\u00e4ums-Weihnachts-Jahresabschluss-Line Dance Night zum 10-j\u00e4hrigen Bestehen der Line Dance Group, gratis Eintritt f\u00fcr alle, als Dankesch\u00f6n f\u00fcr die ganz Zeit, Geschenk f\u00fcr alle und \u00dcberraschungen. Freitag, 29.06.2012: 39. Rhein Valley Line Dance Night, ab 20 Uhr mit integriertem [&hellip;]\" \/>\n<meta property=\"og:url\" content=\"https:\/\/www.rheinvalley.li\/?page_id=2756\" \/>\n<meta property=\"og:site_name\" content=\"Rhein Valley Line Dance Group\" \/>\n<meta property=\"article:modified_time\" content=\"2014-01-25T09:33:58+00:00\" \/>\n<meta name=\"twitter:label1\" content=\"Gesch\u00e4tzte Lesezeit\" \/>\n\t<meta name=\"twitter:data1\" content=\"1\u00a0Minute\" \/>\n<script type=\"application\/ld+json\" class=\"yoast-schema-graph\">{\"@context\":\"https:\/\/schema.org\",\"@graph\":[{\"@type\":\"WebPage\",\"@id\":\"https:\/\/www.rheinvalley.li\/?page_id=2756\",\"url\":\"https:\/\/www.rheinvalley.li\/?page_id=2756\",\"name\":\"Line Dance Nights 2012 - Rhein Valley Line Dance Group\",\"isPartOf\":{\"@id\":\"https:\/\/www.rheinvalley.li\/#website\"},\"datePublished\":\"2012-01-15T20:59:07+00:00\",\"dateModified\":\"2014-01-25T09:33:58+00:00\",\"breadcrumb\":{\"@id\":\"https:\/\/www.rheinvalley.li\/?page_id=2756#breadcrumb\"},\"inLanguage\":\"de\",\"potentialAction\":[{\"@type\":\"ReadAction\",\"target\":[\"https:\/\/www.rheinvalley.li\/?page_id=2756\"]}]},{\"@type\":\"BreadcrumbList\",\"@id\":\"https:\/\/www.rheinvalley.li\/?page_id=2756#breadcrumb\",\"itemListElement\":[{\"@type\":\"ListItem\",\"position\":1,\"name\":\"Home\",\"item\":\"https:\/\/www.rheinvalley.li\/\"},{\"@type\":\"ListItem\",\"position\":2,\"name\":\"Fotos\",\"item\":\"https:\/\/www.rheinvalley.li\/?page_id=153\"},{\"@type\":\"ListItem\",\"position\":3,\"name\":\"Line Dance Nights 2012\"}]},{\"@type\":\"WebSite\",\"@id\":\"https:\/\/www.rheinvalley.li\/#website\",\"url\":\"https:\/\/www.rheinvalley.li\/\",\"name\":\"Rhein Valley Line Dance Group\",\"description\":\"Weil Tanzen einfach Spass macht...(Schweiz-Liechtenstein-Mallorca)\",\"publisher\":{\"@id\":\"https:\/\/www.rheinvalley.li\/#organization\"},\"potentialAction\":[{\"@type\":\"SearchAction\",\"target\":{\"@type\":\"EntryPoint\",\"urlTemplate\":\"https:\/\/www.rheinvalley.li\/?s={search_term_string}\"},\"query-input\":{\"@type\":\"PropertyValueSpecification\",\"valueRequired\":true,\"valueName\":\"search_term_string\"}}],\"inLanguage\":\"de\"},{\"@type\":\"Organization\",\"@id\":\"https:\/\/www.rheinvalley.li\/#organization\",\"name\":\"Rhein Valley Line Dance Group\",\"url\":\"https:\/\/www.rheinvalley.li\/\",\"logo\":{\"@type\":\"ImageObject\",\"inLanguage\":\"de\",\"@id\":\"https:\/\/www.rheinvalley.li\/#\/schema\/logo\/image\/\",\"url\":\"https:\/\/www.rheinvalley.li\/wp-content\/uploads\/2008\/08\/rheinvalley-hell.jpg\",\"contentUrl\":\"https:\/\/www.rheinvalley.li\/wp-content\/uploads\/2008\/08\/rheinvalley-hell.jpg\",\"width\":112,\"height\":100,\"caption\":\"Rhein Valley Line Dance Group\"},\"image\":{\"@id\":\"https:\/\/www.rheinvalley.li\/#\/schema\/logo\/image\/\"}}]}<\/script>\n<!-- \/ Yoast SEO plugin. -->","yoast_head_json":{"title":"Line Dance Nights 2012 - Rhein Valley Line Dance Group","robots":{"index":"index","follow":"follow","max-snippet":"max-snippet:-1","max-image-preview":"max-image-preview:large","max-video-preview":"max-video-preview:-1"},"canonical":"https:\/\/www.rheinvalley.li\/?page_id=2756","og_locale":"de_DE","og_type":"article","og_title":"Line Dance Nights 2012 - Rhein Valley Line Dance Group","og_description":"Freitag, 30.11.2012: 40. Rhein Valley Line Dance Night, ab 19.30 Uhr mit intergriertem Workshop: Ready To Roll. Jubil\u00e4ums-Weihnachts-Jahresabschluss-Line Dance Night zum 10-j\u00e4hrigen Bestehen der Line Dance Group, gratis Eintritt f\u00fcr alle, als Dankesch\u00f6n f\u00fcr die ganz Zeit, Geschenk f\u00fcr alle und \u00dcberraschungen. Freitag, 29.06.2012: 39. Rhein Valley Line Dance Night, ab 20 Uhr mit integriertem [&hellip;]","og_url":"https:\/\/www.rheinvalley.li\/?page_id=2756","og_site_name":"Rhein Valley Line Dance Group","article_modified_time":"2014-01-25T09:33:58+00:00","twitter_misc":{"Gesch\u00e4tzte Lesezeit":"1\u00a0Minute"},"schema":{"@context":"https:\/\/schema.org","@graph":[{"@type":"WebPage","@id":"https:\/\/www.rheinvalley.li\/?page_id=2756","url":"https:\/\/www.rheinvalley.li\/?page_id=2756","name":"Line Dance Nights 2012 - Rhein Valley Line Dance Group","isPartOf":{"@id":"https:\/\/www.rheinvalley.li\/#website"},"datePublished":"2012-01-15T20:59:07+00:00","dateModified":"2014-01-25T09:33:58+00:00","breadcrumb":{"@id":"https:\/\/www.rheinvalley.li\/?page_id=2756#breadcrumb"},"inLanguage":"de","potentialAction":[{"@type":"ReadAction","target":["https:\/\/www.rheinvalley.li\/?page_id=2756"]}]},{"@type":"BreadcrumbList","@id":"https:\/\/www.rheinvalley.li\/?page_id=2756#breadcrumb","itemListElement":[{"@type":"ListItem","position":1,"name":"Home","item":"https:\/\/www.rheinvalley.li\/"},{"@type":"ListItem","position":2,"name":"Fotos","item":"https:\/\/www.rheinvalley.li\/?page_id=153"},{"@type":"ListItem","position":3,"name":"Line Dance Nights 2012"}]},{"@type":"WebSite","@id":"https:\/\/www.rheinvalley.li\/#website","url":"https:\/\/www.rheinvalley.li\/","name":"Rhein Valley Line Dance Group","description":"Weil Tanzen einfach Spass macht...(Schweiz-Liechtenstein-Mallorca)","publisher":{"@id":"https:\/\/www.rheinvalley.li\/#organization"},"potentialAction":[{"@type":"SearchAction","target":{"@type":"EntryPoint","urlTemplate":"https:\/\/www.rheinvalley.li\/?s={search_term_string}"},"query-input":{"@type":"PropertyValueSpecification","valueRequired":true,"valueName":"search_term_string"}}],"inLanguage":"de"},{"@type":"Organization","@id":"https:\/\/www.rheinvalley.li\/#organization","name":"Rhein Valley Line Dance Group","url":"https:\/\/www.rheinvalley.li\/","logo":{"@type":"ImageObject","inLanguage":"de","@id":"https:\/\/www.rheinvalley.li\/#\/schema\/logo\/image\/","url":"https:\/\/www.rheinvalley.li\/wp-content\/uploads\/2008\/08\/rheinvalley-hell.jpg","contentUrl":"https:\/\/www.rheinvalley.li\/wp-content\/uploads\/2008\/08\/rheinvalley-hell.jpg","width":112,"height":100,"caption":"Rhein Valley Line Dance Group"},"image":{"@id":"https:\/\/www.rheinvalley.li\/#\/schema\/logo\/image\/"}}]}},"_links":{"self":[{"href":"https:\/\/www.rheinvalley.li\/index.php?rest_route=\/wp\/v2\/pages\/2756","targetHints":{"allow":["GET"]}}],"collection":[{"href":"https:\/\/www.rheinvalley.li\/index.php?rest_route=\/wp\/v2\/pages"}],"about":[{"href":"https:\/\/www.rheinvalley.li\/index.php?rest_route=\/wp\/v2\/types\/page"}],"author":[{"embeddable":true,"href":"https:\/\/www.rheinvalley.li\/index.php?rest_route=\/wp\/v2\/users\/2"}],"replies":[{"embeddable":true,"href":"https:\/\/www.rheinvalley.li\/index.php?rest_route=%2Fwp%2Fv2%2Fcomments&post=2756"}],"version-history":[{"count":10,"href":"https:\/\/www.rheinvalley.li\/index.php?rest_route=\/wp\/v2\/pages\/2756\/revisions"}],"predecessor-version":[{"id":3516,"href":"https:\/\/www.rheinvalley.li\/index.php?rest_route=\/wp\/v2\/pages\/2756\/revisions\/3516"}],"up":[{"embeddable":true,"href":"https:\/\/www.rheinvalley.li\/index.php?rest_route=\/wp\/v2\/pages\/153"}],"wp:attachment":[{"href":"https:\/\/www.rheinvalley.li\/index.php?rest_route=%2Fwp%2Fv2%2Fmedia&parent=2756"}],"curies":[{"name":"wp","href":"https:\/\/api.w.org\/{rel}","templated":true}]}}