{"id":2760,"date":"2012-01-15T23:00:45","date_gmt":"2012-01-15T21:00:45","guid":{"rendered":"http:\/\/www.rheinvalley.li\/?page_id=2760"},"modified":"2013-02-19T16:51:17","modified_gmt":"2013-02-19T14:51:17","slug":"events-2012","status":"publish","type":"page","link":"https:\/\/www.rheinvalley.li\/?page_id=2760","title":{"rendered":"Events 2012"},"content":{"rendered":"<p><span style=\"color: #ff6600;\"><strong>Sonntag, 15. Januar 2012:<\/strong><\/span><\/p>\n<p>36. Dance Tag: Auf ins neue Jahr! Tanzend begr\u00fcssen wir das neue Jahr 2012 \u00a0in der Dance Hall in Bendern mit integriertem Workshop &#8211;&gt;\u00a0<strong>15 bis 19 Uhr<\/strong>\u00a0Tanzen bei Kaffee und Kuchen<\/p>\n<p><span style=\"color: #ff6600;\"><strong>Samstag, 21. Januar 2012:<\/strong><\/span><br \/>\nLine Dance Workshop f\u00fcr Einsteiger und leicht Fortgeschrittene<br \/>\nGemeindesaal, Dorfstrasse 20, 8717 Benken\/SG, 14 &#8211; 17 Uhr<br \/>\nKosten: FR 50.&#8211; \/ Anmeldung: ivana@fahrschule-bertossa.ch 079 254 39 76 und<br \/>\nmaria@stratmann.ch 076 575 20 18 oder linedance@rheinvalley.li 078\/790 23 28<\/p>\n<p><span style=\"color: #ff6600;\"><strong>Sonntag, 22. Januar 2012:<\/strong><\/span><br \/>\nFotoshooting Showgroup<\/p>\n<p><span style=\"color: #ff6600;\"><strong>Samstag, 04. Februar 2012:<\/strong><\/span><br \/>\nAuftritte und Workshops in Jona\/Rapperswil (geschlossene Gesellschaft) Firma sunrise &#8211; Thema Wild Wild West<\/p>\n<p><strong><span style=\"color: #ff6600;\">Freitag, 10. Februar 2012:<\/span><\/strong><\/p>\n<p>Workshop f\u00fcr Lehrerschaft Mauren ca 20 Uhr &#8211; im Freihof in Mauren<\/p>\n<p>Auftritt in Mels (Frauenverein, geschl. Gesellschaft) 90 Jahre Frauen- und M\u00fcttervereinigung Mels &#8211; ca 23 Uhr im Hotel L\u00f6wen &#8211; L\u00f6wensaal<\/p>\n<p><span style=\"color: #ff6600;\"><strong>Sonntag, 12.02.12:<\/strong><\/span> Film- und Studioaufnahmen im Naturpark Gachenblick &#8211; Tirol &#8211; Kaunergrat. Unter eisigen Bedingungen &#8211; mehr als 15\u00b0 unter Null &#8211; wurde im Schnee getobt, gelegen &#8211; Engel gemacht, Schneeschuhlaufen, vom Dach springen und vieles mehr &#8211; alles weitere zu einem sp\u00e4teren Zeitpunkt &#8211; Zwischen 11.00 Uhr und gut 17 Uhr wurde gefilmt. Danach ging es ins Studio um die St\u00fccke aufzunehmen. Um 20.15 Uhr konnte dann nach Hause gefahren werden &#8211; ist ja Schule am n\u00e4chsten Tag. Danke Joe und alle \ud83d\ude42<\/p>\n<p><span style=\"color: #ff6600;\"><strong>Freitag, 23. M\u00e4rz 2012:<\/strong><\/span><br \/>\n37. Dance Night in der Dance Hall in Bendern mit integriertem Workshop ab 20 Uhr<br \/>\nF\u00fcr Speis und Trank ist gesorgt.<\/p>\n<p><span style=\"color: #ff6600;\"><strong>Sonntag, 01. April 2012:<\/strong><\/span><br \/>\nWorkshoptag in Samedan mit Elisabeth Elkuch-Heid von 10.30 bis 18 Uhr<\/p>\n<p><span style=\"color: #ff6600;\"><strong>Samstag, 28. April 2012:\u00a0<\/strong><\/span><\/p>\n<p>Victoria&#8217;s Auftritt mit TCL &#8211; Dachverband &#8211; Vaduz &#8211; Vaduzersaal: 11.10 Uhr<\/p>\n<p>Auftritte in Chur: US Car Meeting auf dem Rossboden in Chur, mehrere Auftritte am Samstag und Sonntag<\/p>\n<p>Auftritte: 15 Uhr und 17.15 Uhr<\/p>\n<p><span style=\"color: #ff6600;\"><strong>Sonntag, 29. April 2012:<\/strong>\u00a0<\/span>Auftritte in Chur am US Car Meeting: 10.30 Uhr, 13 Uhr und 14 Uhr<\/p>\n<p><span style=\"color: #ff6600;\"><strong>Sonntag, 06. Mai &#8211; Sonntag, 13. Mai 2012:<\/strong><\/span><br \/>\n9. Rhein Valley Line Dance Woche auf Mallorca &#8211; in Zusammenarbeit mit Universal Reisen &#8211; Vaduz<\/p>\n<p><span style=\"color: #ff6600;\"><strong>Freitag, 25. Mai 2012<\/strong><\/span><br \/>\n38. Dance Night in der Rhein Valley Dance Hall, ab 20 Uhr mit integriertem Workshop f\u00fcr alle Tanzbegeisterten. F\u00fcr Speis und Trank ist gesorgt.<\/p>\n<p><strong><span style=\"color: #ff6600;\">Samstag, 16. Juni 2012<br \/>\n<\/span><\/strong><span style=\"color: #ff6600;\"><span style=\"color: #000000;\">Victoria&#8217;s Auftritte am Sommernachtsball des TCL Schaan\u00a0<\/span><\/span>ab 19.30 Uhr<\/p>\n<p>ca. 21 Uhr Auftritte in Trun\/GR (geschlossene Gesellschaft &#8211; private Geburtstagsfeier von Martin)<\/p>\n<p><strong><span style=\"color: #ff6600;\">Freitag, 22. Juni 2012<\/span><\/strong><br \/>\nAuftritt in Z\u00fcrich &#8211; Kongresshaus: 20 Uhr \u00a0\/ SDV Award 2012: Moderation: Melanie Winiger<\/p>\n<p>Auftritt und Workshops in Vaduz &#8211; RidammCity &#8211; private Geburtstagsfeier (Horst B\u00fcchel) : 23 Uhr <\/p>\n<p><strong><span style=\"color: #ff6600;\">Freitag, 29. Juni 2012:<\/span><\/strong> \u00a039. Dance Night in der Dance Hall in Bendern. Mit Workshop und f\u00fcr Speis und Trank ist gesorgt ab 20 Uhr<\/p>\n<p><strong><span style=\"color: #ff6600;\">Freitag, 24. August 2012:<\/span><\/strong> Auftritte am Country Festival in Unterwasser &#8211; Country City Toggenburg- Auftritte (neues Programm) und Workshops<br \/>\nFreitag, 24. August 2012: 18.00 &#8211; 18.30 Uhr Show &#038; Workshop im Festzelt<br \/>\n                          22.30 &#8211; 23.00 Uhr Show in der Halle<\/p>\n<p>Samstag, 25. August 2012: 13.15 Uhr Workshop f\u00fcr Anf\u00e4nger im Zelt<br \/>\n                          15.30 Uhr Workshop im Zelt<br \/>\n                          17.00 Uhr Workshop im Zelt (geschlossene Gesellschaft)<br \/>\n                          17.30 Uhr Workshop im Zelt<\/p>\n<p>Sonntag, 26. August 2012: 12.00 Uhr Workshop f\u00fcr Anf\u00e4nger im Zelt<br \/>\n                          13.00 Uhr Workshop im Zelt f\u00fcr Fortgeschrittene<\/p>\n<p>Alle Workshops mit Elisabeth Elkuch-Heid &#8211; Rhein Valley Line Dance Group<\/p>\n<p><strong><span style=\"color: #ff6600;\">Samstag, 01. September und Sonntag, 02. September:<\/span><\/strong> Auftritte in Meiningen &#8211; Country Open Air<\/p>\n<p><strong>Freitag, 07. September und Samstag, 08. September 2012:<\/strong> Auftritte am TATTOO &#8211; in Liechtenstein-Schellenberg-Burgruine &#8211; The Princely Liechtenstein Tattoo (Freitag: 20.30 Uhr, Samstag: 15.30 Uhr und 20.30 Uhr) Mit dem Musikverein C\u00e4cilia Schellenberg wird die Rhein Valley Line Dance Group eine einzig f\u00fcr&#8217;s TATTOO einstudierte Show vorf\u00fchren. <\/p>\n<p><strong>Sonntag, 09. September 2012: Auftritt <\/strong> in Aarburg: Route 66, 19.00 Uhr<\/p>\n<p><strong>Donnerstag, 13. September 2012:<\/strong> Auftritt Ridamm City f\u00fcr die Firma HOVAL (geschlossene Gesellschaft) 21.15 Uhr<\/p>\n<p><strong>Freitag, 14. September 2012:<\/strong> Line Dance Workshop &#8211; Ap\u00e9ro f\u00fcr die Firma Kaiser Partner Trust, Vaduz &#8211; in der Dance Hall in Bendern ab 18 Uhr (geschlossene Gesellschaft)<\/p>\n<p><strong><span style=\"color: #ff6600;\">Samstag, 15. September 2012: Auftritt Ridamm City (private Feier) 22.00 Uhr<\/p>\n<p>Sonntag, 16. September 2012:<\/span><\/strong> Tanzen am Weltrekordversuch in St. Anton &#8211; Tirol (Austria)<\/p>\n<p><strong>Samstag, 29. September 2012: Auftritt im Country Lokal Bonanza &#8211; Bissegg\/Thurgau, ca. 21.30 Uhr<br \/>\n<\/strong><br \/>\n<strong><span style=\"color: #ff6600;\">Sonntag, 07. Oktober &#8211; 14. Oktober 2012 und 14. Oktober &#8211; 21. Oktober 2012:<\/span><\/strong><br \/>\n10. und 11. Rhein Valley Line Dance Woche auf Mallorca<\/p>\n<p><strong>Samstag, 20. Oktober 2012:<\/strong> Auftritt und Workshop in Salez &#8211; (private Feier)<\/p>\n<p><span style=\"color: #000000;\"><strong>Freitag, 26. Oktober 2012<\/strong>: Auftritte f\u00fcr die Firma Bell &#8211; Sport-, Kultur- und Freizeitanlage Hiltbrunnen Altb\u00fcron\/Grossdietwil, 6147 Altb\u00fcron &#8211; 21 Uhr und 23 Uhr<\/span><\/p>\n<p><span style=\"color: #000000;\"><strong>Sonntag, 28. Oktober 2012<\/strong><\/span><br \/>\n<span style=\"color: #000000;\"> Workshoptag in Samedan mit Elisabeth Elkuch-Heid<\/span><\/p>\n<p><span style=\"color: #000000;\"><strong>Samstag, 03. November 2012:<\/strong> Internationaler Bodensee Line Dance Cup &#8211; Contest im Konzil in Konstanz<\/span><\/p>\n<p><span style=\"color: #000000;\"><strong>Sonntag, 11. November 2012:<\/strong> Auftritt an der Rheintaler Herbstmesse in Heerbrugg beim Radio L &#8211; Family-Tag um 15 Uhr<\/span><\/p>\n<p><span style=\"color: #000000;\"><strong>Donnerstag, 22. November 2012:<\/strong> Interview mit Elisabeth Elkuch-Heid &#8211; Radio L &#8211; von 13 &#8211; 14 Uhr<\/span><\/p>\n<p><span style=\"color: #000000;\"><strong>Freitag, 30. November 2012:<\/strong>\u00a040. Line Dance Night: Weihnachts-Jubil\u00e4ums-Jahresabschluss-Line Dance Night in der Dance Hall in Bendern ab 19.30 Uhr mit Ueberraschungen und Geschenke f\u00fcr alle. F\u00fcr Speis und Trank ist nat\u00fcrlich auch gesorgt &#8211; inklusive Workshop.<\/span><\/p>\n<p><span style=\"color: #000000;\"><strong>Samstag, Sonntag, 01. und 02. Dezember 2012:<\/strong> Auftritte am Schellenberger Weihnachtsmarkt &#8211; Weihnachtsshow (Zeiten werden noch bekannt gegeben)<\/span><\/p>\n<p><span style=\"color: #000000;\"><strong>Sonntag, 16. Dezember 2012:<\/strong> Auftritte in der Mall &#8211; Pizol Park Mels\/Sargans &#8211; verkaufsoffener Sonntag &#8211; Weihnachtsshow &#8211; Zwischen 12 und 17 Uhr<\/span><br \/>\n13 Uhr, 14 Uhr, 15 Uhr und 16 Uhr<\/p>\n<p><span style=\"color: #000000;\">Donnerstag, 20. Dezember und Freitag, 21. Dezember 2012: Vormittags &#8211; Projekttage Realschule Vaduz &#8211; Cooles Line Dance \ud83d\ude42<\/span><\/p>\n","protected":false},"excerpt":{"rendered":"<p>Sonntag, 15. Januar 2012: 36. Dance Tag: Auf ins neue Jahr! Tanzend begr\u00fcssen wir das neue Jahr 2012 \u00a0in der Dance Hall in Bendern mit integriertem Workshop &#8211;&gt;\u00a015 bis 19 Uhr\u00a0Tanzen bei Kaffee und Kuchen Samstag, 21. Januar 2012: Line Dance Workshop f\u00fcr Einsteiger und leicht Fortgeschrittene Gemeindesaal, Dorfstrasse 20, 8717 Benken\/SG, 14 &#8211; 17 [&hellip;]<\/p>\n","protected":false},"author":2,"featured_media":0,"parent":249,"menu_order":10,"comment_status":"open","ping_status":"closed","template":"","meta":{"ngg_post_thumbnail":0,"footnotes":""},"class_list":["post-2760","page","type-page","status-publish","hentry"],"yoast_head":"<!-- This site is optimized with the Yoast SEO plugin v26.7 - https:\/\/yoast.com\/wordpress\/plugins\/seo\/ -->\n<title>Events 2012 - Rhein Valley Line Dance Group<\/title>\n<meta name=\"robots\" content=\"index, follow, max-snippet:-1, max-image-preview:large, max-video-preview:-1\" \/>\n<link rel=\"canonical\" href=\"https:\/\/www.rheinvalley.li\/?page_id=2760\" \/>\n<meta property=\"og:locale\" content=\"de_DE\" \/>\n<meta property=\"og:type\" content=\"article\" \/>\n<meta property=\"og:title\" content=\"Events 2012 - Rhein Valley Line Dance Group\" \/>\n<meta property=\"og:description\" content=\"Sonntag, 15. Januar 2012: 36. Dance Tag: Auf ins neue Jahr! Tanzend begr\u00fcssen wir das neue Jahr 2012 \u00a0in der Dance Hall in Bendern mit integriertem Workshop &#8211;&gt;\u00a015 bis 19 Uhr\u00a0Tanzen bei Kaffee und Kuchen Samstag, 21. Januar 2012: Line Dance Workshop f\u00fcr Einsteiger und leicht Fortgeschrittene Gemeindesaal, Dorfstrasse 20, 8717 Benken\/SG, 14 &#8211; 17 [&hellip;]\" \/>\n<meta property=\"og:url\" content=\"https:\/\/www.rheinvalley.li\/?page_id=2760\" \/>\n<meta property=\"og:site_name\" content=\"Rhein Valley Line Dance Group\" \/>\n<meta property=\"article:modified_time\" content=\"2013-02-19T14:51:17+00:00\" \/>\n<meta name=\"twitter:label1\" content=\"Gesch\u00e4tzte Lesezeit\" \/>\n\t<meta name=\"twitter:data1\" content=\"4\u00a0Minuten\" \/>\n<script type=\"application\/ld+json\" class=\"yoast-schema-graph\">{\"@context\":\"https:\/\/schema.org\",\"@graph\":[{\"@type\":\"WebPage\",\"@id\":\"https:\/\/www.rheinvalley.li\/?page_id=2760\",\"url\":\"https:\/\/www.rheinvalley.li\/?page_id=2760\",\"name\":\"Events 2012 - Rhein Valley Line Dance Group\",\"isPartOf\":{\"@id\":\"https:\/\/www.rheinvalley.li\/#website\"},\"datePublished\":\"2012-01-15T21:00:45+00:00\",\"dateModified\":\"2013-02-19T14:51:17+00:00\",\"breadcrumb\":{\"@id\":\"https:\/\/www.rheinvalley.li\/?page_id=2760#breadcrumb\"},\"inLanguage\":\"de\",\"potentialAction\":[{\"@type\":\"ReadAction\",\"target\":[\"https:\/\/www.rheinvalley.li\/?page_id=2760\"]}]},{\"@type\":\"BreadcrumbList\",\"@id\":\"https:\/\/www.rheinvalley.li\/?page_id=2760#breadcrumb\",\"itemListElement\":[{\"@type\":\"ListItem\",\"position\":1,\"name\":\"Home\",\"item\":\"https:\/\/www.rheinvalley.li\/\"},{\"@type\":\"ListItem\",\"position\":2,\"name\":\"Events &#8211; R\u00fcckblick\",\"item\":\"https:\/\/www.rheinvalley.li\/?page_id=249\"},{\"@type\":\"ListItem\",\"position\":3,\"name\":\"Events 2012\"}]},{\"@type\":\"WebSite\",\"@id\":\"https:\/\/www.rheinvalley.li\/#website\",\"url\":\"https:\/\/www.rheinvalley.li\/\",\"name\":\"Rhein Valley Line Dance Group\",\"description\":\"Weil Tanzen einfach Spass macht...(Schweiz-Liechtenstein-Mallorca)\",\"publisher\":{\"@id\":\"https:\/\/www.rheinvalley.li\/#organization\"},\"potentialAction\":[{\"@type\":\"SearchAction\",\"target\":{\"@type\":\"EntryPoint\",\"urlTemplate\":\"https:\/\/www.rheinvalley.li\/?s={search_term_string}\"},\"query-input\":{\"@type\":\"PropertyValueSpecification\",\"valueRequired\":true,\"valueName\":\"search_term_string\"}}],\"inLanguage\":\"de\"},{\"@type\":\"Organization\",\"@id\":\"https:\/\/www.rheinvalley.li\/#organization\",\"name\":\"Rhein Valley Line Dance Group\",\"url\":\"https:\/\/www.rheinvalley.li\/\",\"logo\":{\"@type\":\"ImageObject\",\"inLanguage\":\"de\",\"@id\":\"https:\/\/www.rheinvalley.li\/#\/schema\/logo\/image\/\",\"url\":\"https:\/\/www.rheinvalley.li\/wp-content\/uploads\/2008\/08\/rheinvalley-hell.jpg\",\"contentUrl\":\"https:\/\/www.rheinvalley.li\/wp-content\/uploads\/2008\/08\/rheinvalley-hell.jpg\",\"width\":112,\"height\":100,\"caption\":\"Rhein Valley Line Dance Group\"},\"image\":{\"@id\":\"https:\/\/www.rheinvalley.li\/#\/schema\/logo\/image\/\"}}]}<\/script>\n<!-- \/ Yoast SEO plugin. -->","yoast_head_json":{"title":"Events 2012 - Rhein Valley Line Dance Group","robots":{"index":"index","follow":"follow","max-snippet":"max-snippet:-1","max-image-preview":"max-image-preview:large","max-video-preview":"max-video-preview:-1"},"canonical":"https:\/\/www.rheinvalley.li\/?page_id=2760","og_locale":"de_DE","og_type":"article","og_title":"Events 2012 - Rhein Valley Line Dance Group","og_description":"Sonntag, 15. Januar 2012: 36. Dance Tag: Auf ins neue Jahr! Tanzend begr\u00fcssen wir das neue Jahr 2012 \u00a0in der Dance Hall in Bendern mit integriertem Workshop &#8211;&gt;\u00a015 bis 19 Uhr\u00a0Tanzen bei Kaffee und Kuchen Samstag, 21. Januar 2012: Line Dance Workshop f\u00fcr Einsteiger und leicht Fortgeschrittene Gemeindesaal, Dorfstrasse 20, 8717 Benken\/SG, 14 &#8211; 17 [&hellip;]","og_url":"https:\/\/www.rheinvalley.li\/?page_id=2760","og_site_name":"Rhein Valley Line Dance Group","article_modified_time":"2013-02-19T14:51:17+00:00","twitter_misc":{"Gesch\u00e4tzte Lesezeit":"4\u00a0Minuten"},"schema":{"@context":"https:\/\/schema.org","@graph":[{"@type":"WebPage","@id":"https:\/\/www.rheinvalley.li\/?page_id=2760","url":"https:\/\/www.rheinvalley.li\/?page_id=2760","name":"Events 2012 - Rhein Valley Line Dance Group","isPartOf":{"@id":"https:\/\/www.rheinvalley.li\/#website"},"datePublished":"2012-01-15T21:00:45+00:00","dateModified":"2013-02-19T14:51:17+00:00","breadcrumb":{"@id":"https:\/\/www.rheinvalley.li\/?page_id=2760#breadcrumb"},"inLanguage":"de","potentialAction":[{"@type":"ReadAction","target":["https:\/\/www.rheinvalley.li\/?page_id=2760"]}]},{"@type":"BreadcrumbList","@id":"https:\/\/www.rheinvalley.li\/?page_id=2760#breadcrumb","itemListElement":[{"@type":"ListItem","position":1,"name":"Home","item":"https:\/\/www.rheinvalley.li\/"},{"@type":"ListItem","position":2,"name":"Events &#8211; R\u00fcckblick","item":"https:\/\/www.rheinvalley.li\/?page_id=249"},{"@type":"ListItem","position":3,"name":"Events 2012"}]},{"@type":"WebSite","@id":"https:\/\/www.rheinvalley.li\/#website","url":"https:\/\/www.rheinvalley.li\/","name":"Rhein Valley Line Dance Group","description":"Weil Tanzen einfach Spass macht...(Schweiz-Liechtenstein-Mallorca)","publisher":{"@id":"https:\/\/www.rheinvalley.li\/#organization"},"potentialAction":[{"@type":"SearchAction","target":{"@type":"EntryPoint","urlTemplate":"https:\/\/www.rheinvalley.li\/?s={search_term_string}"},"query-input":{"@type":"PropertyValueSpecification","valueRequired":true,"valueName":"search_term_string"}}],"inLanguage":"de"},{"@type":"Organization","@id":"https:\/\/www.rheinvalley.li\/#organization","name":"Rhein Valley Line Dance Group","url":"https:\/\/www.rheinvalley.li\/","logo":{"@type":"ImageObject","inLanguage":"de","@id":"https:\/\/www.rheinvalley.li\/#\/schema\/logo\/image\/","url":"https:\/\/www.rheinvalley.li\/wp-content\/uploads\/2008\/08\/rheinvalley-hell.jpg","contentUrl":"https:\/\/www.rheinvalley.li\/wp-content\/uploads\/2008\/08\/rheinvalley-hell.jpg","width":112,"height":100,"caption":"Rhein Valley Line Dance Group"},"image":{"@id":"https:\/\/www.rheinvalley.li\/#\/schema\/logo\/image\/"}}]}},"_links":{"self":[{"href":"https:\/\/www.rheinvalley.li\/index.php?rest_route=\/wp\/v2\/pages\/2760","targetHints":{"allow":["GET"]}}],"collection":[{"href":"https:\/\/www.rheinvalley.li\/index.php?rest_route=\/wp\/v2\/pages"}],"about":[{"href":"https:\/\/www.rheinvalley.li\/index.php?rest_route=\/wp\/v2\/types\/page"}],"author":[{"embeddable":true,"href":"https:\/\/www.rheinvalley.li\/index.php?rest_route=\/wp\/v2\/users\/2"}],"replies":[{"embeddable":true,"href":"https:\/\/www.rheinvalley.li\/index.php?rest_route=%2Fwp%2Fv2%2Fcomments&post=2760"}],"version-history":[{"count":14,"href":"https:\/\/www.rheinvalley.li\/index.php?rest_route=\/wp\/v2\/pages\/2760\/revisions"}],"predecessor-version":[{"id":2789,"href":"https:\/\/www.rheinvalley.li\/index.php?rest_route=\/wp\/v2\/pages\/2760\/revisions\/2789"}],"up":[{"embeddable":true,"href":"https:\/\/www.rheinvalley.li\/index.php?rest_route=\/wp\/v2\/pages\/249"}],"wp:attachment":[{"href":"https:\/\/www.rheinvalley.li\/index.php?rest_route=%2Fwp%2Fv2%2Fmedia&parent=2760"}],"curies":[{"name":"wp","href":"https:\/\/api.w.org\/{rel}","templated":true}]}}