{"id":2771,"date":"2012-01-15T23:08:58","date_gmt":"2012-01-15T21:08:58","guid":{"rendered":"http:\/\/www.rheinvalley.li\/?page_id=2771"},"modified":"2012-12-17T22:45:43","modified_gmt":"2012-12-17T20:45:43","slug":"auftritte-2012","status":"publish","type":"page","link":"https:\/\/www.rheinvalley.li\/?page_id=2771","title":{"rendered":"Auftritte 2012"},"content":{"rendered":"<p><strong>Sonntag, 16. Dezember 2012:<\/strong> Rhein Valley Line Dance Weihnachtsshow am verkaufsoffenen Sonntag im PizolPark in Mels\/Sargans. Auftritte um 13, 14, 15 und 16 Uhr mit Tanz und Gesang. Danke an Monika f\u00fcr die Fotos.<br \/>ngg_shortcode_0_placeholder\n<p><strong>Sonntag, 16. Dezember 2012:<\/strong> Zwischen den Shows und nach den Shows &#8211; Danke Roswita f\u00fcr die Fotos.<br \/>ngg_shortcode_1_placeholder\n<p><strong>Sonntag, 16. Dezember 2012:<\/strong> Rhein Valley Weihnachtsshow im PizolPark &#8211; Mels\/Sargans. Spezial Show mit Tanz und Gesang. Danke an Umberto f\u00fcr die Fotos.<br \/>ngg_shortcode_2_placeholder\n<p><strong>Samstag, 1. Dezember und Sonntag, 2. Dezember 2012:<\/strong> Jubil\u00e4ums-Weihnachtsmarkt in Schellenberg &#8211; 10 Jahre: Auftritt am Samstag: 16.35 Uhr, Auftritt am Sonntag bei herrlichem Schneefall um 14.30 Uhr<br \/>ngg_shortcode_3_placeholder\n<p><strong>Sonntag, 11. November 2012<\/strong>: Auftritt an der Rheintaler Herbstmesse in Heerbrugg &#8211; Radio L &#8211; Familientag, ca. 15 Uhr<br \/>ngg_shortcode_4_placeholder\n<p><strong>Samstag, 03. November 2012:<\/strong> Teilnahme am internationalen Bodenseecup im Konzil in Konstanz &#8211; Rhein Valley Line Dance Show Group wurde guter 3. Platz!! \ud83d\ude42 (Danke allen, die uns unterst\u00fctzt haben)<br \/>ngg_shortcode_5_placeholder\n<p><strong>Freitag, 26.Oktober 2012:<\/strong> Auftritte und Workshop f\u00fcr die Firma BELL AG in Altb\u00fcron.<br \/>ngg_shortcode_6_placeholderngg_shortcode_7_placeholderShowgroup Fotos &#8211; Fotos Ruedi Amrein &#8211; Fotograf (herzlichen Dank)<\/p>\n<p><strong>Samstag, 20. Oktober 2012:<\/strong> Auftritte und Workshops in Salez (private Feier &#8211; Esther Beerle)<br \/>ngg_shortcode_8_placeholder\n<p><strong>Samstag, 29. September 2012: <\/strong>Auftritt im Bonanza &#8211; Bissegg\/Thurgau (Danke an Monica f\u00fcr die Showfotos)<br \/>ngg_shortcode_9_placeholder\n<p><strong>14.-16. September 2012:<\/strong> 3. Weltrekordversuch in St. Anton am Arlberg\/A &#8211; Mit 939 T\u00e4nzer\/innen wurde der Weltrekord haushoch geschafft. \ud83d\ude42 Teilnehmer aus Deutschland, \u00d6sterreich, S\u00fcdtirol, der Schweiz und wir aus Liechtenstein. \ud83d\ude09<br \/>ngg_shortcode_10_placeholder\n<p><strong>Samstag, 15. September 2012:<\/strong> Geburtstagsshow &#8211; Ridamm-City, Vaduz, ca 22 Uhr<br \/>ngg_shortcode_11_placeholder\n<p><strong>Donnerstag, 13. September 2012:<\/strong> Auftritt f\u00fcr die Firma Hoval in Ridamm City, Vaduz, ca 21.15 Uhr<br \/>ngg_shortcode_12_placeholder\n<p><strong>Sonntag, 09. September 2012:<\/strong> Auftritt in Aarburg\/CH &#8211; Old Car Festival &#8211; Route 66<br \/>ngg_shortcode_13_placeholder\n<p><strong>Freitag, Samstag &#8211; 07. und 08. September 2012:<\/strong> The 1st Princely Liechtenstein Tattoo in der Burgruine Schellenberg &#8211; F\u00fcrstentum Liechtenstein<br \/>ngg_shortcode_14_placeholder\n<p>Volksblatt Fotos vom Princely Tattoo &#8211; Michael Zanghellini<br \/>ngg_shortcode_15_placeholder\n<p>Rund ums Tattoo &#8211;<br \/>ngg_shortcode_16_placeholder\n<p><strong>Samstag, Sonntag &#8211; 01. und 02. September 2012: <\/strong>Auftritte am Country Open Air in Meiningen\/A (Showfotos vom Sonntag &#8211; Danke Moni f\u00fcr die Fotos)<br \/>ngg_shortcode_17_placeholder\n<p><strong>Samstag und Sonntag &#8211; 01. und 02. September 2012:<\/strong> Auftritte in Meiningen &#8211; Handy pictures<br \/>ngg_shortcode_18_placeholder\n<p><strong>Freitag, Samstag, Sonntag &#8211; 24. &#8211; 26. August 2012:<\/strong> Country City Toggenburg &#8211; Unterwasser: Rhein Valley Line Dance Group mit Auftritten und Workshops das ganze Wochenende \u00fcber &#8211; toll war es auch wenn es manchmal dem Namen &#8222;Unterwasser&#8220; gerecht wurde \ud83d\ude42<br \/>\nEinige Showfotos folgen noch!<br \/>ngg_shortcode_19_placeholder\n<p><strong>Freitag, 22. Juni 2012:<\/strong> Ridamm City (private Geburtstagsfeier Horst B\u00fcchel-geschlossene Gesellschaft) 23 Uhr: Auftritte und Workshops<br \/>ngg_shortcode_20_placeholder\n<p><strong>Freitag, 22. Juni 2012: <\/strong> Schweizer Dialogmarketing Preis &#8211; SDV Award 2012 im Kongresshaus in Z\u00fcrich &#8211; Moderation: Melanie Winiger<br \/>\n20.15 Uhr. Danach war noch kurz Zeit f\u00fcr einen Spaziergang am See und was Kleines zu essen, bevor es zum n\u00e4chsten Auftritt nach Vaduz ging.<br \/>ngg_shortcode_21_placeholder\n<p><strong>Samstag, 16. Juni 2012:<\/strong> Auftritt und Workshop in Trun\/GR (private Veranstaltung, Geburtstagsfeier von Martin)<br \/>ngg_shortcode_22_placeholder\n<p><strong>Samstag, 16. Juni 2012:<\/strong> Sommernachtsball des TCL im SAL in Schaan &#8211; Victoria mit zwei Auftritten: Irish und Zumba-HipHop<br \/>ngg_shortcode_23_placeholder\n<p><strong>28. und 29. April 2012:<\/strong> Auftritte am US Car Meeting in Chur. Samstag 15 Uhr und 17.15 Uhr, Sonntag 10.30 Uhr, 13 und 15 Uhr &#8211; Toll war es!<br \/>ngg_shortcode_24_placeholder\n<p><strong>Samstag, 28. April 2012:<\/strong> EPA &#8211; Victoria&#8217;s Auftritt mit anderen Girls vom Tanzclub &#8211; Dachverband &#8211; Vaduzersaal, 11 Uhr<br \/>ngg_shortcode_25_placeholder\n<p><strong>Sonntag, 12.02.12: <\/strong>Film- und Studioaufnahmen im Naturpark Gachenblick &#8211; Tirol &#8211; Kaunergrat &#8211; zwischen 11 und 17 Uhr wurden Aussenaufnahmen in der sch\u00f6nen Winterlandschaft im Kaunertal gedreht &#8211; eisig kalt &#8211; gut -15\u00b0Grad unter Null oder mehr &#8211; aber herrlicher Sonnenschein, danach ging es bis gut 20 Uhr ins Studio &#8211; Fotos davon folgen noch &#8211; Danke an Joe &#8211; Th\u00f6ni-Film &#8211; und allen anderen<br \/>ngg_shortcode_26_placeholder\n<p><strong>Freitag, 10.02.12:<\/strong> Auftritt am Jubil\u00e4umsanlass &#8222;90 Jahre Frauenverein Mels&#8220; im Hotel L\u00f6wen &#8211; L\u00f6wensaal in Mels<br \/>ngg_shortcode_27_placeholder\n<p><strong>Samstag, 04.02.12:<\/strong> Auftritt und Workshop in Jona\/Rapperswil-B\u00e4chlihof<br \/>\n22.30 Uhr (geschlossene Gesellschaft &#8211; Firma sunrise Kick Off RCSC &#8211; Wild Wild West)<\/p>ngg_shortcode_28_placeholder","protected":false},"excerpt":{"rendered":"<p>Sonntag, 16. Dezember 2012: Rhein Valley Line Dance Weihnachtsshow am verkaufsoffenen Sonntag im PizolPark in Mels\/Sargans. Auftritte um 13, 14, 15 und 16 Uhr mit Tanz und Gesang. Danke an Monika f\u00fcr die Fotos. Sonntag, 16. Dezember 2012: Zwischen den Shows und nach den Shows &#8211; Danke Roswita f\u00fcr die Fotos. Sonntag, 16. Dezember 2012: [&hellip;]<\/p>\n","protected":false},"author":2,"featured_media":0,"parent":153,"menu_order":7,"comment_status":"open","ping_status":"closed","template":"","meta":{"ngg_post_thumbnail":0,"footnotes":""},"class_list":["post-2771","page","type-page","status-publish","hentry"],"yoast_head":"<!-- This site is optimized with the Yoast SEO plugin v26.7 - https:\/\/yoast.com\/wordpress\/plugins\/seo\/ -->\n<title>Auftritte 2012 - Rhein Valley Line Dance Group<\/title>\n<meta name=\"robots\" content=\"index, follow, max-snippet:-1, max-image-preview:large, max-video-preview:-1\" \/>\n<link rel=\"canonical\" href=\"https:\/\/www.rheinvalley.li\/?page_id=2771\" \/>\n<meta property=\"og:locale\" content=\"de_DE\" \/>\n<meta property=\"og:type\" content=\"article\" \/>\n<meta property=\"og:title\" content=\"Auftritte 2012 - Rhein Valley Line Dance Group\" \/>\n<meta property=\"og:description\" content=\"Sonntag, 16. Dezember 2012: Rhein Valley Line Dance Weihnachtsshow am verkaufsoffenen Sonntag im PizolPark in Mels\/Sargans. Auftritte um 13, 14, 15 und 16 Uhr mit Tanz und Gesang. Danke an Monika f\u00fcr die Fotos. Sonntag, 16. Dezember 2012: Zwischen den Shows und nach den Shows &#8211; Danke Roswita f\u00fcr die Fotos. Sonntag, 16. Dezember 2012: [&hellip;]\" \/>\n<meta property=\"og:url\" content=\"https:\/\/www.rheinvalley.li\/?page_id=2771\" \/>\n<meta property=\"og:site_name\" content=\"Rhein Valley Line Dance Group\" \/>\n<meta property=\"article:modified_time\" content=\"2012-12-17T20:45:43+00:00\" \/>\n<meta name=\"twitter:label1\" content=\"Gesch\u00e4tzte Lesezeit\" \/>\n\t<meta name=\"twitter:data1\" content=\"3\u00a0Minuten\" \/>\n<script type=\"application\/ld+json\" class=\"yoast-schema-graph\">{\"@context\":\"https:\/\/schema.org\",\"@graph\":[{\"@type\":\"WebPage\",\"@id\":\"https:\/\/www.rheinvalley.li\/?page_id=2771\",\"url\":\"https:\/\/www.rheinvalley.li\/?page_id=2771\",\"name\":\"Auftritte 2012 - Rhein Valley Line Dance Group\",\"isPartOf\":{\"@id\":\"https:\/\/www.rheinvalley.li\/#website\"},\"datePublished\":\"2012-01-15T21:08:58+00:00\",\"dateModified\":\"2012-12-17T20:45:43+00:00\",\"breadcrumb\":{\"@id\":\"https:\/\/www.rheinvalley.li\/?page_id=2771#breadcrumb\"},\"inLanguage\":\"de\",\"potentialAction\":[{\"@type\":\"ReadAction\",\"target\":[\"https:\/\/www.rheinvalley.li\/?page_id=2771\"]}]},{\"@type\":\"BreadcrumbList\",\"@id\":\"https:\/\/www.rheinvalley.li\/?page_id=2771#breadcrumb\",\"itemListElement\":[{\"@type\":\"ListItem\",\"position\":1,\"name\":\"Home\",\"item\":\"https:\/\/www.rheinvalley.li\/\"},{\"@type\":\"ListItem\",\"position\":2,\"name\":\"Fotos\",\"item\":\"https:\/\/www.rheinvalley.li\/?page_id=153\"},{\"@type\":\"ListItem\",\"position\":3,\"name\":\"Auftritte 2012\"}]},{\"@type\":\"WebSite\",\"@id\":\"https:\/\/www.rheinvalley.li\/#website\",\"url\":\"https:\/\/www.rheinvalley.li\/\",\"name\":\"Rhein Valley Line Dance Group\",\"description\":\"Weil Tanzen einfach Spass macht...(Schweiz-Liechtenstein-Mallorca)\",\"publisher\":{\"@id\":\"https:\/\/www.rheinvalley.li\/#organization\"},\"potentialAction\":[{\"@type\":\"SearchAction\",\"target\":{\"@type\":\"EntryPoint\",\"urlTemplate\":\"https:\/\/www.rheinvalley.li\/?s={search_term_string}\"},\"query-input\":{\"@type\":\"PropertyValueSpecification\",\"valueRequired\":true,\"valueName\":\"search_term_string\"}}],\"inLanguage\":\"de\"},{\"@type\":\"Organization\",\"@id\":\"https:\/\/www.rheinvalley.li\/#organization\",\"name\":\"Rhein Valley Line Dance Group\",\"url\":\"https:\/\/www.rheinvalley.li\/\",\"logo\":{\"@type\":\"ImageObject\",\"inLanguage\":\"de\",\"@id\":\"https:\/\/www.rheinvalley.li\/#\/schema\/logo\/image\/\",\"url\":\"https:\/\/www.rheinvalley.li\/wp-content\/uploads\/2008\/08\/rheinvalley-hell.jpg\",\"contentUrl\":\"https:\/\/www.rheinvalley.li\/wp-content\/uploads\/2008\/08\/rheinvalley-hell.jpg\",\"width\":112,\"height\":100,\"caption\":\"Rhein Valley Line Dance Group\"},\"image\":{\"@id\":\"https:\/\/www.rheinvalley.li\/#\/schema\/logo\/image\/\"}}]}<\/script>\n<!-- \/ Yoast SEO plugin. -->","yoast_head_json":{"title":"Auftritte 2012 - Rhein Valley Line Dance Group","robots":{"index":"index","follow":"follow","max-snippet":"max-snippet:-1","max-image-preview":"max-image-preview:large","max-video-preview":"max-video-preview:-1"},"canonical":"https:\/\/www.rheinvalley.li\/?page_id=2771","og_locale":"de_DE","og_type":"article","og_title":"Auftritte 2012 - Rhein Valley Line Dance Group","og_description":"Sonntag, 16. Dezember 2012: Rhein Valley Line Dance Weihnachtsshow am verkaufsoffenen Sonntag im PizolPark in Mels\/Sargans. Auftritte um 13, 14, 15 und 16 Uhr mit Tanz und Gesang. Danke an Monika f\u00fcr die Fotos. Sonntag, 16. Dezember 2012: Zwischen den Shows und nach den Shows &#8211; Danke Roswita f\u00fcr die Fotos. Sonntag, 16. Dezember 2012: [&hellip;]","og_url":"https:\/\/www.rheinvalley.li\/?page_id=2771","og_site_name":"Rhein Valley Line Dance Group","article_modified_time":"2012-12-17T20:45:43+00:00","twitter_misc":{"Gesch\u00e4tzte Lesezeit":"3\u00a0Minuten"},"schema":{"@context":"https:\/\/schema.org","@graph":[{"@type":"WebPage","@id":"https:\/\/www.rheinvalley.li\/?page_id=2771","url":"https:\/\/www.rheinvalley.li\/?page_id=2771","name":"Auftritte 2012 - Rhein Valley Line Dance Group","isPartOf":{"@id":"https:\/\/www.rheinvalley.li\/#website"},"datePublished":"2012-01-15T21:08:58+00:00","dateModified":"2012-12-17T20:45:43+00:00","breadcrumb":{"@id":"https:\/\/www.rheinvalley.li\/?page_id=2771#breadcrumb"},"inLanguage":"de","potentialAction":[{"@type":"ReadAction","target":["https:\/\/www.rheinvalley.li\/?page_id=2771"]}]},{"@type":"BreadcrumbList","@id":"https:\/\/www.rheinvalley.li\/?page_id=2771#breadcrumb","itemListElement":[{"@type":"ListItem","position":1,"name":"Home","item":"https:\/\/www.rheinvalley.li\/"},{"@type":"ListItem","position":2,"name":"Fotos","item":"https:\/\/www.rheinvalley.li\/?page_id=153"},{"@type":"ListItem","position":3,"name":"Auftritte 2012"}]},{"@type":"WebSite","@id":"https:\/\/www.rheinvalley.li\/#website","url":"https:\/\/www.rheinvalley.li\/","name":"Rhein Valley Line Dance Group","description":"Weil Tanzen einfach Spass macht...(Schweiz-Liechtenstein-Mallorca)","publisher":{"@id":"https:\/\/www.rheinvalley.li\/#organization"},"potentialAction":[{"@type":"SearchAction","target":{"@type":"EntryPoint","urlTemplate":"https:\/\/www.rheinvalley.li\/?s={search_term_string}"},"query-input":{"@type":"PropertyValueSpecification","valueRequired":true,"valueName":"search_term_string"}}],"inLanguage":"de"},{"@type":"Organization","@id":"https:\/\/www.rheinvalley.li\/#organization","name":"Rhein Valley Line Dance Group","url":"https:\/\/www.rheinvalley.li\/","logo":{"@type":"ImageObject","inLanguage":"de","@id":"https:\/\/www.rheinvalley.li\/#\/schema\/logo\/image\/","url":"https:\/\/www.rheinvalley.li\/wp-content\/uploads\/2008\/08\/rheinvalley-hell.jpg","contentUrl":"https:\/\/www.rheinvalley.li\/wp-content\/uploads\/2008\/08\/rheinvalley-hell.jpg","width":112,"height":100,"caption":"Rhein Valley Line Dance Group"},"image":{"@id":"https:\/\/www.rheinvalley.li\/#\/schema\/logo\/image\/"}}]}},"_links":{"self":[{"href":"https:\/\/www.rheinvalley.li\/index.php?rest_route=\/wp\/v2\/pages\/2771","targetHints":{"allow":["GET"]}}],"collection":[{"href":"https:\/\/www.rheinvalley.li\/index.php?rest_route=\/wp\/v2\/pages"}],"about":[{"href":"https:\/\/www.rheinvalley.li\/index.php?rest_route=\/wp\/v2\/types\/page"}],"author":[{"embeddable":true,"href":"https:\/\/www.rheinvalley.li\/index.php?rest_route=\/wp\/v2\/users\/2"}],"replies":[{"embeddable":true,"href":"https:\/\/www.rheinvalley.li\/index.php?rest_route=%2Fwp%2Fv2%2Fcomments&post=2771"}],"version-history":[{"count":41,"href":"https:\/\/www.rheinvalley.li\/index.php?rest_route=\/wp\/v2\/pages\/2771\/revisions"}],"predecessor-version":[{"id":2835,"href":"https:\/\/www.rheinvalley.li\/index.php?rest_route=\/wp\/v2\/pages\/2771\/revisions\/2835"}],"up":[{"embeddable":true,"href":"https:\/\/www.rheinvalley.li\/index.php?rest_route=\/wp\/v2\/pages\/153"}],"wp:attachment":[{"href":"https:\/\/www.rheinvalley.li\/index.php?rest_route=%2Fwp%2Fv2%2Fmedia&parent=2771"}],"curies":[{"name":"wp","href":"https:\/\/api.w.org\/{rel}","templated":true}]}}