{"id":2773,"date":"2012-01-15T23:09:55","date_gmt":"2012-01-15T21:09:55","guid":{"rendered":"http:\/\/www.rheinvalley.li\/?page_id=2773"},"modified":"2014-01-25T11:27:42","modified_gmt":"2014-01-25T09:27:42","slug":"kurse-2012","status":"publish","type":"page","link":"https:\/\/www.rheinvalley.li\/?page_id=2773","title":{"rendered":"Kurse 2012"},"content":{"rendered":"<p><strong>Donnerstag, 20. und Freitag, 21. Dezember 2012:<\/strong> Musische Tage &#8211; Realschule Vaduz &#8211; 9-11 Uhr in der Dance Hall Bendern &#8211; super war&#8217;s \ud83d\ude42<br \/>ngg_shortcode_0_placeholder\n<p><strong>Sonntag, 28.10.12:<\/strong> Workshoptag in Samedan &#8211; Abenteuerliche Anreise mit Schneekettenmontage \u00fcber den Julierpass &#8211; Heimreise dann durch den Vereina-Tunnel. Es war ein super Tag mit euch allen &#8211; w\u00fcnsche euch eine sch\u00f6ne Zeit &#8211; bis zum n\u00e4chsten Mal.<br \/>ngg_shortcode_1_placeholder\n<p><strong>Freitag, 26.10.12:<\/strong> Impressionen vom Freitag Vormittag Kurs &#8211; Dance Hall in Bendern\/FL<br \/>ngg_shortcode_2_placeholder\n<p><strong>Freitag, 14.09.12:<\/strong> Line Dance Ap\u00e9ro f\u00fcr die Firma Kaiser Partner ab 18 Uhr in der Dance Hall in Bendern<br \/>ngg_shortcode_3_placeholder\n<p><strong>Freitag, 10.02.12:<\/strong> Workshop f\u00fcr die Lehrerschaft in Mauren &#8211; Freihof Mauren &#8211; 20 Uhr<br \/>ngg_shortcode_4_placeholder\n<p><strong>Samstag, 21.01.12:<\/strong> Workshop in Benken\/SG<br \/>ngg_shortcode_5_placeholder\n<p><strong>Freitag Kurs Vormittag, 09.03.12<\/strong><br \/>ngg_shortcode_6_placeholder\nImpressionen vom Kurs &#8211; aufgenommen mit iPhone<\/p>\n<p><strong>Dienstag 20.03. und Mittwoch 21.03.12:<\/strong> Kursimpressionen von Kursen am Dienstag Vormittag und Nachmittag und Mittwoch Abend in der Dance Hall in Bendern<br \/>ngg_shortcode_7_placeholder\n<p><strong>Freitag Kurs Abend Chur, 30.03.12<\/strong><br \/>ngg_shortcode_8_placeholder\n<p><strong>Sonntag, 01.04.12: Workshoptag in Samedan 10.30 bis 18 Uhr<\/strong><br \/>ngg_shortcode_9_placeholder\nFotos (aufgenommen w\u00e4hrend dem Fahren &#8211; fahren und fotografieren) vom Weg \u00fcber Savognin \u00fcber den Julier durch St. Moritz nach Samedan &#8211; dann Kursimpressionen<\/p>\n<p><strong>Dienstag 03.04.12<\/strong>: Kursimpressionen in Bendern und Landquart<br \/>ngg_shortcode_10_placeholder\n<p><strong>Mittwoch, 04.04.12:<\/strong> Kurs in Bendern<br \/>ngg_shortcode_11_placeholder\n<p><strong>Mittwoch, 27.06.12:<\/strong> Line Dance Kurs in der Grossab\u00fcnt in Gamprin &#8211; herrlich unter dem Zelt und draussen zu tanzen.<br \/>ngg_shortcode_12_placeholder\n<p><strong>Samstag, 30. Juni 2012<\/strong>: Pool Party bei Roswita &#8211; Badeplausch bei 36,5\u00b0C &#8211; Grillen und Tanzen<br \/>ngg_shortcode_13_placeholder\n","protected":false},"excerpt":{"rendered":"<p>Donnerstag, 20. und Freitag, 21. Dezember 2012: Musische Tage &#8211; Realschule Vaduz &#8211; 9-11 Uhr in der Dance Hall Bendern &#8211; super war&#8217;s \ud83d\ude42 Sonntag, 28.10.12: Workshoptag in Samedan &#8211; Abenteuerliche Anreise mit Schneekettenmontage \u00fcber den Julierpass &#8211; Heimreise dann durch den Vereina-Tunnel. Es war ein super Tag mit euch allen &#8211; w\u00fcnsche euch eine [&hellip;]<\/p>\n","protected":false},"author":2,"featured_media":0,"parent":153,"menu_order":25,"comment_status":"open","ping_status":"closed","template":"","meta":{"ngg_post_thumbnail":0,"footnotes":""},"class_list":["post-2773","page","type-page","status-publish","hentry"],"yoast_head":"<!-- This site is optimized with the Yoast SEO plugin v26.7 - https:\/\/yoast.com\/wordpress\/plugins\/seo\/ -->\n<title>Kurse 2012 - Rhein Valley Line Dance Group<\/title>\n<meta name=\"robots\" content=\"index, follow, max-snippet:-1, max-image-preview:large, max-video-preview:-1\" \/>\n<link rel=\"canonical\" href=\"https:\/\/www.rheinvalley.li\/?page_id=2773\" \/>\n<meta property=\"og:locale\" content=\"de_DE\" \/>\n<meta property=\"og:type\" content=\"article\" \/>\n<meta property=\"og:title\" content=\"Kurse 2012 - Rhein Valley Line Dance Group\" \/>\n<meta property=\"og:description\" content=\"Donnerstag, 20. und Freitag, 21. Dezember 2012: Musische Tage &#8211; Realschule Vaduz &#8211; 9-11 Uhr in der Dance Hall Bendern &#8211; super war&#8217;s \ud83d\ude42 Sonntag, 28.10.12: Workshoptag in Samedan &#8211; Abenteuerliche Anreise mit Schneekettenmontage \u00fcber den Julierpass &#8211; Heimreise dann durch den Vereina-Tunnel. Es war ein super Tag mit euch allen &#8211; w\u00fcnsche euch eine [&hellip;]\" \/>\n<meta property=\"og:url\" content=\"https:\/\/www.rheinvalley.li\/?page_id=2773\" \/>\n<meta property=\"og:site_name\" content=\"Rhein Valley Line Dance Group\" \/>\n<meta property=\"article:modified_time\" content=\"2014-01-25T09:27:42+00:00\" \/>\n<meta name=\"twitter:label1\" content=\"Gesch\u00e4tzte Lesezeit\" \/>\n\t<meta name=\"twitter:data1\" content=\"1\u00a0Minute\" \/>\n<script type=\"application\/ld+json\" class=\"yoast-schema-graph\">{\"@context\":\"https:\/\/schema.org\",\"@graph\":[{\"@type\":\"WebPage\",\"@id\":\"https:\/\/www.rheinvalley.li\/?page_id=2773\",\"url\":\"https:\/\/www.rheinvalley.li\/?page_id=2773\",\"name\":\"Kurse 2012 - Rhein Valley Line Dance Group\",\"isPartOf\":{\"@id\":\"https:\/\/www.rheinvalley.li\/#website\"},\"datePublished\":\"2012-01-15T21:09:55+00:00\",\"dateModified\":\"2014-01-25T09:27:42+00:00\",\"breadcrumb\":{\"@id\":\"https:\/\/www.rheinvalley.li\/?page_id=2773#breadcrumb\"},\"inLanguage\":\"de\",\"potentialAction\":[{\"@type\":\"ReadAction\",\"target\":[\"https:\/\/www.rheinvalley.li\/?page_id=2773\"]}]},{\"@type\":\"BreadcrumbList\",\"@id\":\"https:\/\/www.rheinvalley.li\/?page_id=2773#breadcrumb\",\"itemListElement\":[{\"@type\":\"ListItem\",\"position\":1,\"name\":\"Home\",\"item\":\"https:\/\/www.rheinvalley.li\/\"},{\"@type\":\"ListItem\",\"position\":2,\"name\":\"Fotos\",\"item\":\"https:\/\/www.rheinvalley.li\/?page_id=153\"},{\"@type\":\"ListItem\",\"position\":3,\"name\":\"Kurse 2012\"}]},{\"@type\":\"WebSite\",\"@id\":\"https:\/\/www.rheinvalley.li\/#website\",\"url\":\"https:\/\/www.rheinvalley.li\/\",\"name\":\"Rhein Valley Line Dance Group\",\"description\":\"Weil Tanzen einfach Spass macht...(Schweiz-Liechtenstein-Mallorca)\",\"publisher\":{\"@id\":\"https:\/\/www.rheinvalley.li\/#organization\"},\"potentialAction\":[{\"@type\":\"SearchAction\",\"target\":{\"@type\":\"EntryPoint\",\"urlTemplate\":\"https:\/\/www.rheinvalley.li\/?s={search_term_string}\"},\"query-input\":{\"@type\":\"PropertyValueSpecification\",\"valueRequired\":true,\"valueName\":\"search_term_string\"}}],\"inLanguage\":\"de\"},{\"@type\":\"Organization\",\"@id\":\"https:\/\/www.rheinvalley.li\/#organization\",\"name\":\"Rhein Valley Line Dance Group\",\"url\":\"https:\/\/www.rheinvalley.li\/\",\"logo\":{\"@type\":\"ImageObject\",\"inLanguage\":\"de\",\"@id\":\"https:\/\/www.rheinvalley.li\/#\/schema\/logo\/image\/\",\"url\":\"https:\/\/www.rheinvalley.li\/wp-content\/uploads\/2008\/08\/rheinvalley-hell.jpg\",\"contentUrl\":\"https:\/\/www.rheinvalley.li\/wp-content\/uploads\/2008\/08\/rheinvalley-hell.jpg\",\"width\":112,\"height\":100,\"caption\":\"Rhein Valley Line Dance Group\"},\"image\":{\"@id\":\"https:\/\/www.rheinvalley.li\/#\/schema\/logo\/image\/\"}}]}<\/script>\n<!-- \/ Yoast SEO plugin. -->","yoast_head_json":{"title":"Kurse 2012 - Rhein Valley Line Dance Group","robots":{"index":"index","follow":"follow","max-snippet":"max-snippet:-1","max-image-preview":"max-image-preview:large","max-video-preview":"max-video-preview:-1"},"canonical":"https:\/\/www.rheinvalley.li\/?page_id=2773","og_locale":"de_DE","og_type":"article","og_title":"Kurse 2012 - Rhein Valley Line Dance Group","og_description":"Donnerstag, 20. und Freitag, 21. Dezember 2012: Musische Tage &#8211; Realschule Vaduz &#8211; 9-11 Uhr in der Dance Hall Bendern &#8211; super war&#8217;s \ud83d\ude42 Sonntag, 28.10.12: Workshoptag in Samedan &#8211; Abenteuerliche Anreise mit Schneekettenmontage \u00fcber den Julierpass &#8211; Heimreise dann durch den Vereina-Tunnel. Es war ein super Tag mit euch allen &#8211; w\u00fcnsche euch eine [&hellip;]","og_url":"https:\/\/www.rheinvalley.li\/?page_id=2773","og_site_name":"Rhein Valley Line Dance Group","article_modified_time":"2014-01-25T09:27:42+00:00","twitter_misc":{"Gesch\u00e4tzte Lesezeit":"1\u00a0Minute"},"schema":{"@context":"https:\/\/schema.org","@graph":[{"@type":"WebPage","@id":"https:\/\/www.rheinvalley.li\/?page_id=2773","url":"https:\/\/www.rheinvalley.li\/?page_id=2773","name":"Kurse 2012 - Rhein Valley Line Dance Group","isPartOf":{"@id":"https:\/\/www.rheinvalley.li\/#website"},"datePublished":"2012-01-15T21:09:55+00:00","dateModified":"2014-01-25T09:27:42+00:00","breadcrumb":{"@id":"https:\/\/www.rheinvalley.li\/?page_id=2773#breadcrumb"},"inLanguage":"de","potentialAction":[{"@type":"ReadAction","target":["https:\/\/www.rheinvalley.li\/?page_id=2773"]}]},{"@type":"BreadcrumbList","@id":"https:\/\/www.rheinvalley.li\/?page_id=2773#breadcrumb","itemListElement":[{"@type":"ListItem","position":1,"name":"Home","item":"https:\/\/www.rheinvalley.li\/"},{"@type":"ListItem","position":2,"name":"Fotos","item":"https:\/\/www.rheinvalley.li\/?page_id=153"},{"@type":"ListItem","position":3,"name":"Kurse 2012"}]},{"@type":"WebSite","@id":"https:\/\/www.rheinvalley.li\/#website","url":"https:\/\/www.rheinvalley.li\/","name":"Rhein Valley Line Dance Group","description":"Weil Tanzen einfach Spass macht...(Schweiz-Liechtenstein-Mallorca)","publisher":{"@id":"https:\/\/www.rheinvalley.li\/#organization"},"potentialAction":[{"@type":"SearchAction","target":{"@type":"EntryPoint","urlTemplate":"https:\/\/www.rheinvalley.li\/?s={search_term_string}"},"query-input":{"@type":"PropertyValueSpecification","valueRequired":true,"valueName":"search_term_string"}}],"inLanguage":"de"},{"@type":"Organization","@id":"https:\/\/www.rheinvalley.li\/#organization","name":"Rhein Valley Line Dance Group","url":"https:\/\/www.rheinvalley.li\/","logo":{"@type":"ImageObject","inLanguage":"de","@id":"https:\/\/www.rheinvalley.li\/#\/schema\/logo\/image\/","url":"https:\/\/www.rheinvalley.li\/wp-content\/uploads\/2008\/08\/rheinvalley-hell.jpg","contentUrl":"https:\/\/www.rheinvalley.li\/wp-content\/uploads\/2008\/08\/rheinvalley-hell.jpg","width":112,"height":100,"caption":"Rhein Valley Line Dance Group"},"image":{"@id":"https:\/\/www.rheinvalley.li\/#\/schema\/logo\/image\/"}}]}},"_links":{"self":[{"href":"https:\/\/www.rheinvalley.li\/index.php?rest_route=\/wp\/v2\/pages\/2773","targetHints":{"allow":["GET"]}}],"collection":[{"href":"https:\/\/www.rheinvalley.li\/index.php?rest_route=\/wp\/v2\/pages"}],"about":[{"href":"https:\/\/www.rheinvalley.li\/index.php?rest_route=\/wp\/v2\/types\/page"}],"author":[{"embeddable":true,"href":"https:\/\/www.rheinvalley.li\/index.php?rest_route=\/wp\/v2\/users\/2"}],"replies":[{"embeddable":true,"href":"https:\/\/www.rheinvalley.li\/index.php?rest_route=%2Fwp%2Fv2%2Fcomments&post=2773"}],"version-history":[{"count":21,"href":"https:\/\/www.rheinvalley.li\/index.php?rest_route=\/wp\/v2\/pages\/2773\/revisions"}],"predecessor-version":[{"id":3501,"href":"https:\/\/www.rheinvalley.li\/index.php?rest_route=\/wp\/v2\/pages\/2773\/revisions\/3501"}],"up":[{"embeddable":true,"href":"https:\/\/www.rheinvalley.li\/index.php?rest_route=\/wp\/v2\/pages\/153"}],"wp:attachment":[{"href":"https:\/\/www.rheinvalley.li\/index.php?rest_route=%2Fwp%2Fv2%2Fmedia&parent=2773"}],"curies":[{"name":"wp","href":"https:\/\/api.w.org\/{rel}","templated":true}]}}