{"id":3518,"date":"2014-01-25T11:34:34","date_gmt":"2014-01-25T09:34:34","guid":{"rendered":"http:\/\/www.rheinvalley.li\/?page_id=3518"},"modified":"2014-12-18T12:26:53","modified_gmt":"2014-12-18T10:26:53","slug":"line-dance-nights-2014","status":"publish","type":"page","link":"https:\/\/www.rheinvalley.li\/?page_id=3518","title":{"rendered":"Line Dance Nights 2014"},"content":{"rendered":"<p><strong>Mittwoch, 17. Dezember 2014:<\/strong> 50. Rhein Valley Line Dance Night &#8211;<br \/>\nX-Mas Dance Night &#8211; als Dank f\u00fcr das ganze Jahr \u00fcber &#8211; Workshop: Shout Shout<br \/>ngg_shortcode_0_placeholder\n<p><strong>Freitag, 31. Oktober 2014:<\/strong> 49. Rhein Valley Line Dance Night &#8211; Halloween Line Dance Night &#8211; Workshop: Douglas Douglass<br \/>ngg_shortcode_1_placeholder\n<p><strong>Freitag, 26. September 2014:<\/strong> 48. Rhein Valley Line Dance Night &#8211; Workshop: Feels like Rock&#8217;n&#8217;Roll<\/p>ngg_shortcode_2_placeholder<p><strong>Freitag, 27. Juni 2014:<\/strong> 47. Rhein Valley Line Dance Night &#8211; Workshop: Just A Little Love &#8211; und HAPPY gesungen von Victoria &#8211;<\/p>ngg_shortcode_3_placeholder<p><strong>Freitag, 30. Mai 2014:<\/strong> 46. Rhein Valley Line Dance Night &#8211; mit integriertem Workshop: Wade In The Water<\/p>ngg_shortcode_4_placeholder<p><strong>Mittwoch, 30. April 2014:<\/strong> WALPURGISNACHT-DANCE NIGHT &#8211; TANZ IN DEN MAI &#8211; TANZ IN DEN GEBURTSTAG HINEIN..AB CA 20:30 UHR, DANKE ALLEN F\u00dcRS KOMMEN, F\u00dcR DIE GESCHENKE, F\u00dcR DIE FEINE PIZZA, F\u00dcR DIE GEBURTSTAGSTORTE UND EINFACH DASS IHR DA WARD UND MIT MIR HINEIN IN DEN 1. MAI GEFEIERT HABT \ud83d\ude42 WORKSHOPTANZ: LOVING YOU IS FUN<\/p>ngg_shortcode_5_placeholder<p><strong>Freitag, 28. M\u00e4rz 2014:<\/strong> 45. Rhein Valley Line Dance Night in der Dance Hall in Bendern. Danke euch f\u00fcr&#8217;s Kommen. Ein wundersch\u00f6ner Abend schon wieder vorbei&#8230;.Workshoptanz: Baby Bubbles<\/p>ngg_shortcode_6_placeholder<p><strong>Freitag, 28. Februar 2014: <\/strong>Fasnachts-Line-Dance-Night &#8211; 44. Rhein Valley Line Dance Night in der Dance Hall in Bendern, Liechtenstein. Es war eine ganz ganz spezielle Line Dance Night!!!! \ud83d\ude42 Workshoptanz: White Rose<\/p>ngg_shortcode_7_placeholder<p><strong>Freitag, 31. Januar 2014:<\/strong> 43. Rhein Valley Line Dance Night in der Dance Hall in Bendern, Liechtenstein. Es war ein lustiger, ganz toller Abend mit euch. Danke allen die gekommen waren. Der Workshoptanz: Slipped &amp; Fell<\/p>ngg_shortcode_8_placeholder","protected":false},"excerpt":{"rendered":"<p>Mittwoch, 17. Dezember 2014: 50. Rhein Valley Line Dance Night &#8211; X-Mas Dance Night &#8211; als Dank f\u00fcr das ganze Jahr \u00fcber &#8211; Workshop: Shout Shout Freitag, 31. Oktober 2014: 49. Rhein Valley Line Dance Night &#8211; Halloween Line Dance Night &#8211; Workshop: Douglas Douglass Freitag, 26. September 2014: 48. Rhein Valley Line Dance Night [&hellip;]<\/p>\n","protected":false},"author":2,"featured_media":0,"parent":153,"menu_order":67,"comment_status":"open","ping_status":"closed","template":"","meta":{"ngg_post_thumbnail":0,"footnotes":""},"class_list":["post-3518","page","type-page","status-publish","hentry"],"yoast_head":"<!-- This site is optimized with the Yoast SEO plugin v26.7 - https:\/\/yoast.com\/wordpress\/plugins\/seo\/ -->\n<title>Line Dance Nights 2014 - Rhein Valley Line Dance Group<\/title>\n<meta name=\"robots\" content=\"index, follow, max-snippet:-1, max-image-preview:large, max-video-preview:-1\" \/>\n<link rel=\"canonical\" href=\"https:\/\/www.rheinvalley.li\/?page_id=3518\" \/>\n<meta property=\"og:locale\" content=\"de_DE\" \/>\n<meta property=\"og:type\" content=\"article\" \/>\n<meta property=\"og:title\" content=\"Line Dance Nights 2014 - Rhein Valley Line Dance Group\" \/>\n<meta property=\"og:description\" content=\"Mittwoch, 17. Dezember 2014: 50. Rhein Valley Line Dance Night &#8211; X-Mas Dance Night &#8211; als Dank f\u00fcr das ganze Jahr \u00fcber &#8211; Workshop: Shout Shout Freitag, 31. Oktober 2014: 49. Rhein Valley Line Dance Night &#8211; Halloween Line Dance Night &#8211; Workshop: Douglas Douglass Freitag, 26. September 2014: 48. Rhein Valley Line Dance Night [&hellip;]\" \/>\n<meta property=\"og:url\" content=\"https:\/\/www.rheinvalley.li\/?page_id=3518\" \/>\n<meta property=\"og:site_name\" content=\"Rhein Valley Line Dance Group\" \/>\n<meta property=\"article:modified_time\" content=\"2014-12-18T10:26:53+00:00\" \/>\n<meta name=\"twitter:label1\" content=\"Gesch\u00e4tzte Lesezeit\" \/>\n\t<meta name=\"twitter:data1\" content=\"1\u00a0Minute\" \/>\n<script type=\"application\/ld+json\" class=\"yoast-schema-graph\">{\"@context\":\"https:\/\/schema.org\",\"@graph\":[{\"@type\":\"WebPage\",\"@id\":\"https:\/\/www.rheinvalley.li\/?page_id=3518\",\"url\":\"https:\/\/www.rheinvalley.li\/?page_id=3518\",\"name\":\"Line Dance Nights 2014 - Rhein Valley Line Dance Group\",\"isPartOf\":{\"@id\":\"https:\/\/www.rheinvalley.li\/#website\"},\"datePublished\":\"2014-01-25T09:34:34+00:00\",\"dateModified\":\"2014-12-18T10:26:53+00:00\",\"breadcrumb\":{\"@id\":\"https:\/\/www.rheinvalley.li\/?page_id=3518#breadcrumb\"},\"inLanguage\":\"de\",\"potentialAction\":[{\"@type\":\"ReadAction\",\"target\":[\"https:\/\/www.rheinvalley.li\/?page_id=3518\"]}]},{\"@type\":\"BreadcrumbList\",\"@id\":\"https:\/\/www.rheinvalley.li\/?page_id=3518#breadcrumb\",\"itemListElement\":[{\"@type\":\"ListItem\",\"position\":1,\"name\":\"Home\",\"item\":\"https:\/\/www.rheinvalley.li\/\"},{\"@type\":\"ListItem\",\"position\":2,\"name\":\"Fotos\",\"item\":\"https:\/\/www.rheinvalley.li\/?page_id=153\"},{\"@type\":\"ListItem\",\"position\":3,\"name\":\"Line Dance Nights 2014\"}]},{\"@type\":\"WebSite\",\"@id\":\"https:\/\/www.rheinvalley.li\/#website\",\"url\":\"https:\/\/www.rheinvalley.li\/\",\"name\":\"Rhein Valley Line Dance Group\",\"description\":\"Weil Tanzen einfach Spass macht...(Schweiz-Liechtenstein-Mallorca)\",\"publisher\":{\"@id\":\"https:\/\/www.rheinvalley.li\/#organization\"},\"potentialAction\":[{\"@type\":\"SearchAction\",\"target\":{\"@type\":\"EntryPoint\",\"urlTemplate\":\"https:\/\/www.rheinvalley.li\/?s={search_term_string}\"},\"query-input\":{\"@type\":\"PropertyValueSpecification\",\"valueRequired\":true,\"valueName\":\"search_term_string\"}}],\"inLanguage\":\"de\"},{\"@type\":\"Organization\",\"@id\":\"https:\/\/www.rheinvalley.li\/#organization\",\"name\":\"Rhein Valley Line Dance Group\",\"url\":\"https:\/\/www.rheinvalley.li\/\",\"logo\":{\"@type\":\"ImageObject\",\"inLanguage\":\"de\",\"@id\":\"https:\/\/www.rheinvalley.li\/#\/schema\/logo\/image\/\",\"url\":\"https:\/\/www.rheinvalley.li\/wp-content\/uploads\/2008\/08\/rheinvalley-hell.jpg\",\"contentUrl\":\"https:\/\/www.rheinvalley.li\/wp-content\/uploads\/2008\/08\/rheinvalley-hell.jpg\",\"width\":112,\"height\":100,\"caption\":\"Rhein Valley Line Dance Group\"},\"image\":{\"@id\":\"https:\/\/www.rheinvalley.li\/#\/schema\/logo\/image\/\"}}]}<\/script>\n<!-- \/ Yoast SEO plugin. -->","yoast_head_json":{"title":"Line Dance Nights 2014 - Rhein Valley Line Dance Group","robots":{"index":"index","follow":"follow","max-snippet":"max-snippet:-1","max-image-preview":"max-image-preview:large","max-video-preview":"max-video-preview:-1"},"canonical":"https:\/\/www.rheinvalley.li\/?page_id=3518","og_locale":"de_DE","og_type":"article","og_title":"Line Dance Nights 2014 - Rhein Valley Line Dance Group","og_description":"Mittwoch, 17. Dezember 2014: 50. Rhein Valley Line Dance Night &#8211; X-Mas Dance Night &#8211; als Dank f\u00fcr das ganze Jahr \u00fcber &#8211; Workshop: Shout Shout Freitag, 31. Oktober 2014: 49. Rhein Valley Line Dance Night &#8211; Halloween Line Dance Night &#8211; Workshop: Douglas Douglass Freitag, 26. September 2014: 48. Rhein Valley Line Dance Night [&hellip;]","og_url":"https:\/\/www.rheinvalley.li\/?page_id=3518","og_site_name":"Rhein Valley Line Dance Group","article_modified_time":"2014-12-18T10:26:53+00:00","twitter_misc":{"Gesch\u00e4tzte Lesezeit":"1\u00a0Minute"},"schema":{"@context":"https:\/\/schema.org","@graph":[{"@type":"WebPage","@id":"https:\/\/www.rheinvalley.li\/?page_id=3518","url":"https:\/\/www.rheinvalley.li\/?page_id=3518","name":"Line Dance Nights 2014 - Rhein Valley Line Dance Group","isPartOf":{"@id":"https:\/\/www.rheinvalley.li\/#website"},"datePublished":"2014-01-25T09:34:34+00:00","dateModified":"2014-12-18T10:26:53+00:00","breadcrumb":{"@id":"https:\/\/www.rheinvalley.li\/?page_id=3518#breadcrumb"},"inLanguage":"de","potentialAction":[{"@type":"ReadAction","target":["https:\/\/www.rheinvalley.li\/?page_id=3518"]}]},{"@type":"BreadcrumbList","@id":"https:\/\/www.rheinvalley.li\/?page_id=3518#breadcrumb","itemListElement":[{"@type":"ListItem","position":1,"name":"Home","item":"https:\/\/www.rheinvalley.li\/"},{"@type":"ListItem","position":2,"name":"Fotos","item":"https:\/\/www.rheinvalley.li\/?page_id=153"},{"@type":"ListItem","position":3,"name":"Line Dance Nights 2014"}]},{"@type":"WebSite","@id":"https:\/\/www.rheinvalley.li\/#website","url":"https:\/\/www.rheinvalley.li\/","name":"Rhein Valley Line Dance Group","description":"Weil Tanzen einfach Spass macht...(Schweiz-Liechtenstein-Mallorca)","publisher":{"@id":"https:\/\/www.rheinvalley.li\/#organization"},"potentialAction":[{"@type":"SearchAction","target":{"@type":"EntryPoint","urlTemplate":"https:\/\/www.rheinvalley.li\/?s={search_term_string}"},"query-input":{"@type":"PropertyValueSpecification","valueRequired":true,"valueName":"search_term_string"}}],"inLanguage":"de"},{"@type":"Organization","@id":"https:\/\/www.rheinvalley.li\/#organization","name":"Rhein Valley Line Dance Group","url":"https:\/\/www.rheinvalley.li\/","logo":{"@type":"ImageObject","inLanguage":"de","@id":"https:\/\/www.rheinvalley.li\/#\/schema\/logo\/image\/","url":"https:\/\/www.rheinvalley.li\/wp-content\/uploads\/2008\/08\/rheinvalley-hell.jpg","contentUrl":"https:\/\/www.rheinvalley.li\/wp-content\/uploads\/2008\/08\/rheinvalley-hell.jpg","width":112,"height":100,"caption":"Rhein Valley Line Dance Group"},"image":{"@id":"https:\/\/www.rheinvalley.li\/#\/schema\/logo\/image\/"}}]}},"_links":{"self":[{"href":"https:\/\/www.rheinvalley.li\/index.php?rest_route=\/wp\/v2\/pages\/3518","targetHints":{"allow":["GET"]}}],"collection":[{"href":"https:\/\/www.rheinvalley.li\/index.php?rest_route=\/wp\/v2\/pages"}],"about":[{"href":"https:\/\/www.rheinvalley.li\/index.php?rest_route=\/wp\/v2\/types\/page"}],"author":[{"embeddable":true,"href":"https:\/\/www.rheinvalley.li\/index.php?rest_route=\/wp\/v2\/users\/2"}],"replies":[{"embeddable":true,"href":"https:\/\/www.rheinvalley.li\/index.php?rest_route=%2Fwp%2Fv2%2Fcomments&post=3518"}],"version-history":[{"count":16,"href":"https:\/\/www.rheinvalley.li\/index.php?rest_route=\/wp\/v2\/pages\/3518\/revisions"}],"predecessor-version":[{"id":7718,"href":"https:\/\/www.rheinvalley.li\/index.php?rest_route=\/wp\/v2\/pages\/3518\/revisions\/7718"}],"up":[{"embeddable":true,"href":"https:\/\/www.rheinvalley.li\/index.php?rest_route=\/wp\/v2\/pages\/153"}],"wp:attachment":[{"href":"https:\/\/www.rheinvalley.li\/index.php?rest_route=%2Fwp%2Fv2%2Fmedia&parent=3518"}],"curies":[{"name":"wp","href":"https:\/\/api.w.org\/{rel}","templated":true}]}}