{"id":371,"date":"2008-08-17T06:51:19","date_gmt":"2008-08-17T04:51:19","guid":{"rendered":"http:\/\/www.elkuch-heid.li\/?page_id=371"},"modified":"2020-07-11T14:34:04","modified_gmt":"2020-07-11T12:34:04","slug":"stepsheets-u-v-w","status":"publish","type":"page","link":"https:\/\/www.rheinvalley.li\/?page_id=371","title":{"rendered":"Stepsheets U V W"},"content":{"rendered":"\n<h1 class=\"wp-block-heading\">Seite bearbeiten<\/h1>\n\n\n\n<p><a href=\"https:\/\/www.rheinvalley.li\/wp-admin\/edit.php?post_type=page\"><\/a><a href=\"javascript:void();\"> Edit in Colibri <\/a><a href=\"https:\/\/www.rheinvalley.li\/?page_id=371&amp;preview=true\">Vorschau(\u00f6ffnet in neuem Tab)<\/a>Titel hier eingebenStepsheets U V W<\/p>\n\n\n<p>Die Rhein Valley Line Dance Group stellt ihre T\u00e4nze im PDF-Format zur Verf\u00fcgung. Das Archiv wird dabei laufend ausgebaut.<\/p>\n<h1>U<\/h1>\n<ul>\n<li><a href=\"https:\/\/www.rheinvalley.li\/wp-content\/uploads\/2009\/11\/uturn.pdf\">uturn<\/a><\/li>\n<li><a href=\"https:\/\/www.rheinvalley.li\/wp-content\/uploads\/2008\/08\/Unchain-my-heart.pdf\">Unchain my heart<\/a><\/li>\n<li><a href=\"https:\/\/www.rheinvalley.li\/wp-content\/uploads\/2008\/08\/Under-The-Sun.pdf\">Under The Sun<\/a>\n<ul>\n<li><a href=\"https:\/\/youtu.be\/NexHpNQp8fo\"><em>Under The Sun Video<\/em><\/a><\/li>\n<\/ul>\n<\/li>\n<li><a href=\"https:\/\/www.rheinvalley.li\/wp-content\/uploads\/2008\/08\/Unmistakable.pdf\">Unmistakable<\/a><\/li>\n<li><a href=\"https:\/\/www.rheinvalley.li\/wp-content\/uploads\/2008\/08\/Until-The-Dawn-1.pdf\">Until The Dawn<\/a><\/li>\n<li><a href=\"https:\/\/www.rheinvalley.li\/wp-content\/uploads\/2008\/08\/Untamed.pdf\">Untamed<\/a>\n<ul>\n<li><a href=\"https:\/\/youtu.be\/Y_YVW_4eaNI\"><em>Untamed Video<\/em><\/a><\/li>\n<\/ul>\n<\/li>\n<\/ul>\n<p><span class=\"Apple-style-span\" style=\"font-size: 26px; font-weight: bold;\">V<\/span><\/p>\n<ul>\n<li><a href=\"https:\/\/www.rheinvalley.li\/wp-content\/uploads\/2008\/08\/Volare.pdf\">Volare<\/a><\/li>\n<li><a href=\"https:\/\/www.rheinvalley.li\/wp-content\/uploads\/2008\/08\/Vampire-Heart.pdf\">Vampire Heart<\/a><a href=\"https:\/\/www.rheinvalley.li\/wp-content\/uploads\/2008\/08\/Volare.pdf\"><br><\/a><\/li>\n<\/ul>\n<h1>W<\/h1>\n<ul>\n<li><a href=\"https:\/\/www.rheinvalley.li\/wp-content\/uploads\/2008\/08\/western-stomp.pdf\">western-stomp<\/a><\/li>\n<li><a href=\"https:\/\/www.rheinvalley.li\/wp-content\/uploads\/2008\/08\/whole-again.pdf\">whole-again<\/a>\n<ul>\n<li><a href=\"https:\/\/youtu.be\/R1Lk7zmAjxw\"><em>Whole Again Video<\/em><\/a><\/li>\n<\/ul>\n<\/li>\n<li><a href=\"https:\/\/www.rheinvalley.li\/wp-content\/uploads\/2008\/08\/wild-wild-west.pdf\">wild-wild-west<\/a><\/li>\n<li><a href=\"https:\/\/www.rheinvalley.li\/wp-content\/uploads\/2008\/08\/wishful-thinking.pdf\">wishful-thinking<\/a>\n<ul>\n<li><a href=\"https:\/\/youtu.be\/R1Lk7zmAjxw\"><em>Wishful Thinking Video<\/em><\/a><\/li>\n<\/ul>\n<\/li>\n<li><a href=\"https:\/\/www.rheinvalley.li\/wp-content\/uploads\/2008\/08\/wranglers-waltz.pdf\">wranglers-waltz<\/a><\/li>\n<li><a href=\"https:\/\/www.rheinvalley.li\/wp-content\/uploads\/2008\/12\/winterwonderland.pdf\">winterwonderland<\/a><\/li>\n<li><span style=\"color: #551a8b; text-decoration: underline;\"><a href=\"https:\/\/www.rheinvalley.li\/wp-content\/uploads\/2009\/06\/walking-backwards.pdf\">walking-backwards<\/a><\/span>\n<ul>\n<li><a href=\"https:\/\/youtu.be\/3mU4IoOusi4\"><em>Walking Backwards Video<\/em><\/a><\/li>\n<\/ul>\n<\/li>\n<li><a href=\"https:\/\/www.rheinvalley.li\/wp-content\/uploads\/2009\/05\/waltz-across-texas.pdf\">waltz-across-texas<\/a>\n<ul>\n<li><a href=\"https:\/\/youtu.be\/6XD7VM55dBI\"><em>Waltz Across Texas Video<\/em><\/a><\/li>\n<\/ul>\n<\/li>\n<li><a href=\"https:\/\/www.rheinvalley.li\/wp-content\/uploads\/2009\/05\/watermelon-crawl.pdf\">watermelon-crawl<\/a><\/li>\n<li><a href=\"https:\/\/www.rheinvalley.li\/wp-content\/uploads\/2009\/05\/western-barn-dance.pdf\">western-barn-dance<\/a><\/li>\n<li><a href=\"https:\/\/www.rheinvalley.li\/wp-content\/uploads\/2009\/06\/wanna-dance.pdf\">wanna-dance<\/a><\/li>\n<li><a href=\"https:\/\/www.rheinvalley.li\/wp-content\/uploads\/2009\/09\/whats-the-matter.pdf\">whats-the-matter<\/a>\n<ul>\n<li><a href=\"https:\/\/youtu.be\/mEG2Fc0qp7E\"><em>What&#8217;s The Matter Video<\/em><\/a><\/li>\n<\/ul>\n<\/li>\n<li><a href=\"https:\/\/www.rheinvalley.li\/wp-content\/uploads\/2010\/05\/we-danced.pdf\">we-danced<\/a><\/li>\n<li><a href=\"https:\/\/www.rheinvalley.li\/wp-content\/uploads\/2010\/05\/why-havent-i-heard-from-you.pdf\">why-havent-i-heard-from-you<\/a><\/li>\n<li><a href=\"https:\/\/www.rheinvalley.li\/wp-content\/uploads\/2008\/08\/Walking-In-The-Rain.pdf\">Walking In The Rain<\/a><\/li>\n<li><a href=\"https:\/\/www.rheinvalley.li\/wp-content\/uploads\/2008\/08\/Wakira.pdf\">Wakira<\/a><\/li>\n<li><a href=\"https:\/\/www.rheinvalley.li\/wp-content\/uploads\/2008\/08\/Wanna-Be-Elvis.pdf\">Wanna Be Elvis<\/a><\/li>\n<li><a href=\"https:\/\/www.rheinvalley.li\/wp-content\/uploads\/2008\/08\/When.pdf\">When<\/a>\n<ul>\n<li><a href=\"https:\/\/youtu.be\/mEG2Fc0qp7E\"><em>When Video<\/em><\/a><\/li>\n<\/ul>\n<\/li>\n<li><a href=\"https:\/\/www.rheinvalley.li\/wp-content\/uploads\/2008\/08\/Wave-On-Wave1.pdf\">Wave On Wave<\/a>\n<ul>\n<li><a href=\"https:\/\/youtu.be\/mEG2Fc0qp7E\"><em>Wave On Wave Video<\/em><\/a><\/li>\n<\/ul>\n<\/li>\n<li><a href=\"https:\/\/www.rheinvalley.li\/wp-content\/uploads\/2008\/08\/Wildflower.pdf\">Wildflower<\/a><\/li>\n<li><a href=\"https:\/\/www.rheinvalley.li\/wp-content\/uploads\/2020\/07\/Walk-of-Life.pdf\">Walk of Life<\/a><\/li>\n<li><a href=\"https:\/\/www.rheinvalley.li\/wp-content\/uploads\/2008\/08\/Walking-Away.pdf\">Walking Away<\/a>\n<ul>\n<li><a href=\"https:\/\/youtu.be\/tEgVdao3qwI\"><em>Walking Away Video<\/em><\/a><\/li>\n<\/ul>\n<\/li>\n<li><a href=\"https:\/\/www.rheinvalley.li\/wp-content\/uploads\/2008\/08\/Where-I-Belong.pdf\">Where I Belong<\/a>\n<ul>\n<li><a href=\"https:\/\/youtu.be\/AcFr-jWZjgA\"><em>Where I Belong Video<\/em><\/a><\/li>\n<\/ul>\n<\/li>\n<li><a href=\"https:\/\/www.rheinvalley.li\/wp-content\/uploads\/2008\/08\/Watch-your-back.pdf\">Watch your back<\/a><\/li>\n<li><a href=\"https:\/\/www.rheinvalley.li\/wp-content\/uploads\/2008\/08\/When-I-Need-You.pdf\">When I Need You<\/a><\/li>\n<li><a href=\"https:\/\/www.rheinvalley.li\/wp-content\/uploads\/2008\/08\/White-Rose.pdf\">White Rose<\/a>\n<ul>\n<li><a href=\"https:\/\/youtu.be\/yQ_As5mX8fw\"><em>White Rose Video<\/em><\/a><\/li>\n<\/ul>\n<\/li>\n<li><a href=\"https:\/\/www.rheinvalley.li\/wp-content\/uploads\/2008\/08\/Wade-In-The-Water.pdf\">Wade In The Water<\/a><\/li>\n<li><a href=\"https:\/\/www.rheinvalley.li\/wp-content\/uploads\/2008\/08\/We-Are-Tonight.pdf\">We Are Tonight<\/a>\n<ul>\n<li><a href=\"https:\/\/youtu.be\/AcFr-jWZjgA\"><em>We Are Tonight Video<\/em><\/a><\/li>\n<\/ul>\n<\/li>\n<li><a href=\"https:\/\/www.rheinvalley.li\/wp-content\/uploads\/2008\/08\/Wasted-Tears.pdf\">Wasted Tears<\/a><\/li>\n<li><a href=\"https:\/\/www.rheinvalley.li\/wp-content\/uploads\/2008\/08\/We-Only-Live-Once.pdf\">We Only Live Once<\/a>\n<ul>\n<li><a href=\"https:\/\/youtu.be\/UR1hkI27BqE\"><em>We Only Live Once Video<\/em><\/a><\/li>\n<\/ul>\n<\/li>\n<li><a href=\"https:\/\/www.rheinvalley.li\/wp-content\/uploads\/2008\/08\/We-Do-Care.pdf\">We Do Care<\/a>\n<ul>\n<li><a href=\"https:\/\/youtu.be\/L16UO7q5sYE\"><em>We Do Care Video<\/em><\/a><\/li>\n<\/ul>\n<\/li>\n<li><a href=\"https:\/\/www.rheinvalley.li\/wp-content\/uploads\/2008\/08\/Winnebago.pdf\">Winnebago<\/a>\n<ul>\n<li><a href=\"https:\/\/youtu.be\/pDYDBpBZd4g\"><em>Winnebago Video<\/em><\/a><\/li>\n<\/ul>\n<\/li>\n<li><a href=\"https:\/\/www.rheinvalley.li\/wp-content\/uploads\/2008\/08\/We-Go-Home.pdf\">We Go Home<\/a><\/li>\n<li><a href=\"https:\/\/www.rheinvalley.li\/wp-content\/uploads\/2020\/06\/Whiskey-Bridges.pdf\">Whiskey Bridges<\/a>\n<ul>\n<li><a href=\"https:\/\/youtu.be\/AD4F7wPWFLk\"><em>Whiskey Bridges Video<\/em><\/a><\/li>\n<\/ul>\n<\/li>\n<li><a href=\"https:\/\/www.rheinvalley.li\/wp-content\/uploads\/2019\/02\/When-Im-Drunk.pdf\">When I&#8217;m Drunk<\/a>\n<ul>\n<li><a href=\"https:\/\/youtu.be\/pDYDBpBZd4g\"><em>When I&#8217;m Drunk Video<\/em><\/a><\/li>\n<\/ul>\n<\/li>\n<li><a href=\"https:\/\/www.rheinvalley.li\/wp-content\/uploads\/2019\/10\/Well-Be-Dancing.pdf\">We&#8217;ll Be Dancing<\/a>\n<ul>\n<li><a href=\"https:\/\/youtu.be\/GyxUYATFw7k\"><em>We&#8217;ll Be Dancing Video<\/em><\/a><\/li>\n<\/ul>\n<\/li>\n<li><a href=\"https:\/\/www.rheinvalley.li\/wp-content\/uploads\/2019\/10\/Why-Walk-When-You-Can-Fly.pdf\">Why Walk When You Can Fly<\/a>\n<ul>\n<li><a href=\"https:\/\/youtu.be\/j_XdZoAcBS8\"><em>Why Walk When You Can Fly Video<\/em><\/a><\/li>\n<\/ul>\n<\/li>\n<li><a href=\"https:\/\/www.rheinvalley.li\/wp-content\/uploads\/2019\/10\/Woman.pdf\">Woman<\/a>\n<ul>\n<li><a href=\"https:\/\/youtu.be\/zND6ZwEp-4I\"><em>Woman Video<\/em><\/a><\/li>\n<\/ul>\n<\/li>\n<li><a href=\"https:\/\/www.rheinvalley.li\/wp-content\/uploads\/2020\/04\/Wagon-Wheel-Rock.pdf\">Wagon Wheel Rock<\/a>\n<ul>\n<li><a href=\"https:\/\/youtu.be\/TJhigVuWtLc\"><em>Wagon Wheel Rock Video<\/em><\/a><\/li>\n<\/ul>\n<\/li>\n<li><a href=\"https:\/\/www.rheinvalley.li\/wp-content\/uploads\/2020\/04\/What-A-Man-Gotta-Do.pdf\">What A Man Gotta Do<\/a>\n<ul>\n<li><a href=\"https:\/\/youtu.be\/zUzu56m1--Q\"><em>What A Man Gotta Do Video<\/em><\/a>\n<ul>\n<li><a href=\"https:\/\/youtu.be\/NYVWGLPnTHE\"><em>What A Man Gotta Do Video<\/em><\/a><\/li>\n<\/ul>\n<\/li>\n<\/ul>\n<\/li>\n<\/ul>\n\n","protected":false},"excerpt":{"rendered":"<p>Seite bearbeiten Edit in Colibri Vorschau(\u00f6ffnet in neuem Tab)Titel hier eingebenStepsheets U V W Die Rhein Valley Line Dance Group stellt ihre T\u00e4nze im PDF-Format zur Verf\u00fcgung. Das Archiv wird dabei laufend ausgebaut. U uturn Unchain my heart Under The Sun Under The Sun Video Unmistakable Until The Dawn Untamed Untamed Video V Volare Vampire [&hellip;]<\/p>\n","protected":false},"author":2,"featured_media":0,"parent":57,"menu_order":0,"comment_status":"open","ping_status":"closed","template":"","meta":{"ngg_post_thumbnail":0,"footnotes":""},"class_list":["post-371","page","type-page","status-publish","hentry"],"yoast_head":"<!-- This site is optimized with the Yoast SEO plugin v26.7 - https:\/\/yoast.com\/wordpress\/plugins\/seo\/ -->\n<title>Stepsheets U V W - Rhein Valley Line Dance Group<\/title>\n<meta name=\"robots\" content=\"index, follow, max-snippet:-1, max-image-preview:large, max-video-preview:-1\" \/>\n<link rel=\"canonical\" href=\"https:\/\/www.rheinvalley.li\/?page_id=371\" \/>\n<meta property=\"og:locale\" content=\"de_DE\" \/>\n<meta property=\"og:type\" content=\"article\" \/>\n<meta property=\"og:title\" content=\"Stepsheets U V W - Rhein Valley Line Dance Group\" \/>\n<meta property=\"og:description\" content=\"Seite bearbeiten Edit in Colibri Vorschau(\u00f6ffnet in neuem Tab)Titel hier eingebenStepsheets U V W Die Rhein Valley Line Dance Group stellt ihre T\u00e4nze im PDF-Format zur Verf\u00fcgung. Das Archiv wird dabei laufend ausgebaut. U uturn Unchain my heart Under The Sun Under The Sun Video Unmistakable Until The Dawn Untamed Untamed Video V Volare Vampire [&hellip;]\" \/>\n<meta property=\"og:url\" content=\"https:\/\/www.rheinvalley.li\/?page_id=371\" \/>\n<meta property=\"og:site_name\" content=\"Rhein Valley Line Dance Group\" \/>\n<meta property=\"article:modified_time\" content=\"2020-07-11T12:34:04+00:00\" \/>\n<meta name=\"twitter:label1\" content=\"Gesch\u00e4tzte Lesezeit\" \/>\n\t<meta name=\"twitter:data1\" content=\"1\u00a0Minute\" \/>\n<script type=\"application\/ld+json\" class=\"yoast-schema-graph\">{\"@context\":\"https:\/\/schema.org\",\"@graph\":[{\"@type\":\"WebPage\",\"@id\":\"https:\/\/www.rheinvalley.li\/?page_id=371\",\"url\":\"https:\/\/www.rheinvalley.li\/?page_id=371\",\"name\":\"Stepsheets U V W - Rhein Valley Line Dance Group\",\"isPartOf\":{\"@id\":\"https:\/\/www.rheinvalley.li\/#website\"},\"datePublished\":\"2008-08-17T04:51:19+00:00\",\"dateModified\":\"2020-07-11T12:34:04+00:00\",\"breadcrumb\":{\"@id\":\"https:\/\/www.rheinvalley.li\/?page_id=371#breadcrumb\"},\"inLanguage\":\"de\",\"potentialAction\":[{\"@type\":\"ReadAction\",\"target\":[\"https:\/\/www.rheinvalley.li\/?page_id=371\"]}]},{\"@type\":\"BreadcrumbList\",\"@id\":\"https:\/\/www.rheinvalley.li\/?page_id=371#breadcrumb\",\"itemListElement\":[{\"@type\":\"ListItem\",\"position\":1,\"name\":\"Home\",\"item\":\"https:\/\/www.rheinvalley.li\/\"},{\"@type\":\"ListItem\",\"position\":2,\"name\":\"Stepsheets\",\"item\":\"https:\/\/www.rheinvalley.li\/?page_id=57\"},{\"@type\":\"ListItem\",\"position\":3,\"name\":\"Stepsheets U V W\"}]},{\"@type\":\"WebSite\",\"@id\":\"https:\/\/www.rheinvalley.li\/#website\",\"url\":\"https:\/\/www.rheinvalley.li\/\",\"name\":\"Rhein Valley Line Dance Group\",\"description\":\"Weil Tanzen einfach Spass macht...(Schweiz-Liechtenstein-Mallorca)\",\"publisher\":{\"@id\":\"https:\/\/www.rheinvalley.li\/#organization\"},\"potentialAction\":[{\"@type\":\"SearchAction\",\"target\":{\"@type\":\"EntryPoint\",\"urlTemplate\":\"https:\/\/www.rheinvalley.li\/?s={search_term_string}\"},\"query-input\":{\"@type\":\"PropertyValueSpecification\",\"valueRequired\":true,\"valueName\":\"search_term_string\"}}],\"inLanguage\":\"de\"},{\"@type\":\"Organization\",\"@id\":\"https:\/\/www.rheinvalley.li\/#organization\",\"name\":\"Rhein Valley Line Dance Group\",\"url\":\"https:\/\/www.rheinvalley.li\/\",\"logo\":{\"@type\":\"ImageObject\",\"inLanguage\":\"de\",\"@id\":\"https:\/\/www.rheinvalley.li\/#\/schema\/logo\/image\/\",\"url\":\"https:\/\/www.rheinvalley.li\/wp-content\/uploads\/2008\/08\/rheinvalley-hell.jpg\",\"contentUrl\":\"https:\/\/www.rheinvalley.li\/wp-content\/uploads\/2008\/08\/rheinvalley-hell.jpg\",\"width\":112,\"height\":100,\"caption\":\"Rhein Valley Line Dance Group\"},\"image\":{\"@id\":\"https:\/\/www.rheinvalley.li\/#\/schema\/logo\/image\/\"}}]}<\/script>\n<!-- \/ Yoast SEO plugin. -->","yoast_head_json":{"title":"Stepsheets U V W - Rhein Valley Line Dance Group","robots":{"index":"index","follow":"follow","max-snippet":"max-snippet:-1","max-image-preview":"max-image-preview:large","max-video-preview":"max-video-preview:-1"},"canonical":"https:\/\/www.rheinvalley.li\/?page_id=371","og_locale":"de_DE","og_type":"article","og_title":"Stepsheets U V W - Rhein Valley Line Dance Group","og_description":"Seite bearbeiten Edit in Colibri Vorschau(\u00f6ffnet in neuem Tab)Titel hier eingebenStepsheets U V W Die Rhein Valley Line Dance Group stellt ihre T\u00e4nze im PDF-Format zur Verf\u00fcgung. Das Archiv wird dabei laufend ausgebaut. U uturn Unchain my heart Under The Sun Under The Sun Video Unmistakable Until The Dawn Untamed Untamed Video V Volare Vampire [&hellip;]","og_url":"https:\/\/www.rheinvalley.li\/?page_id=371","og_site_name":"Rhein Valley Line Dance Group","article_modified_time":"2020-07-11T12:34:04+00:00","twitter_misc":{"Gesch\u00e4tzte Lesezeit":"1\u00a0Minute"},"schema":{"@context":"https:\/\/schema.org","@graph":[{"@type":"WebPage","@id":"https:\/\/www.rheinvalley.li\/?page_id=371","url":"https:\/\/www.rheinvalley.li\/?page_id=371","name":"Stepsheets U V W - Rhein Valley Line Dance Group","isPartOf":{"@id":"https:\/\/www.rheinvalley.li\/#website"},"datePublished":"2008-08-17T04:51:19+00:00","dateModified":"2020-07-11T12:34:04+00:00","breadcrumb":{"@id":"https:\/\/www.rheinvalley.li\/?page_id=371#breadcrumb"},"inLanguage":"de","potentialAction":[{"@type":"ReadAction","target":["https:\/\/www.rheinvalley.li\/?page_id=371"]}]},{"@type":"BreadcrumbList","@id":"https:\/\/www.rheinvalley.li\/?page_id=371#breadcrumb","itemListElement":[{"@type":"ListItem","position":1,"name":"Home","item":"https:\/\/www.rheinvalley.li\/"},{"@type":"ListItem","position":2,"name":"Stepsheets","item":"https:\/\/www.rheinvalley.li\/?page_id=57"},{"@type":"ListItem","position":3,"name":"Stepsheets U V W"}]},{"@type":"WebSite","@id":"https:\/\/www.rheinvalley.li\/#website","url":"https:\/\/www.rheinvalley.li\/","name":"Rhein Valley Line Dance Group","description":"Weil Tanzen einfach Spass macht...(Schweiz-Liechtenstein-Mallorca)","publisher":{"@id":"https:\/\/www.rheinvalley.li\/#organization"},"potentialAction":[{"@type":"SearchAction","target":{"@type":"EntryPoint","urlTemplate":"https:\/\/www.rheinvalley.li\/?s={search_term_string}"},"query-input":{"@type":"PropertyValueSpecification","valueRequired":true,"valueName":"search_term_string"}}],"inLanguage":"de"},{"@type":"Organization","@id":"https:\/\/www.rheinvalley.li\/#organization","name":"Rhein Valley Line Dance Group","url":"https:\/\/www.rheinvalley.li\/","logo":{"@type":"ImageObject","inLanguage":"de","@id":"https:\/\/www.rheinvalley.li\/#\/schema\/logo\/image\/","url":"https:\/\/www.rheinvalley.li\/wp-content\/uploads\/2008\/08\/rheinvalley-hell.jpg","contentUrl":"https:\/\/www.rheinvalley.li\/wp-content\/uploads\/2008\/08\/rheinvalley-hell.jpg","width":112,"height":100,"caption":"Rhein Valley Line Dance Group"},"image":{"@id":"https:\/\/www.rheinvalley.li\/#\/schema\/logo\/image\/"}}]}},"_links":{"self":[{"href":"https:\/\/www.rheinvalley.li\/index.php?rest_route=\/wp\/v2\/pages\/371","targetHints":{"allow":["GET"]}}],"collection":[{"href":"https:\/\/www.rheinvalley.li\/index.php?rest_route=\/wp\/v2\/pages"}],"about":[{"href":"https:\/\/www.rheinvalley.li\/index.php?rest_route=\/wp\/v2\/types\/page"}],"author":[{"embeddable":true,"href":"https:\/\/www.rheinvalley.li\/index.php?rest_route=\/wp\/v2\/users\/2"}],"replies":[{"embeddable":true,"href":"https:\/\/www.rheinvalley.li\/index.php?rest_route=%2Fwp%2Fv2%2Fcomments&post=371"}],"version-history":[{"count":66,"href":"https:\/\/www.rheinvalley.li\/index.php?rest_route=\/wp\/v2\/pages\/371\/revisions"}],"predecessor-version":[{"id":66192,"href":"https:\/\/www.rheinvalley.li\/index.php?rest_route=\/wp\/v2\/pages\/371\/revisions\/66192"}],"up":[{"embeddable":true,"href":"https:\/\/www.rheinvalley.li\/index.php?rest_route=\/wp\/v2\/pages\/57"}],"wp:attachment":[{"href":"https:\/\/www.rheinvalley.li\/index.php?rest_route=%2Fwp%2Fv2%2Fmedia&parent=371"}],"curies":[{"name":"wp","href":"https:\/\/api.w.org\/{rel}","templated":true}]}}