{"id":37773,"date":"2017-02-28T12:38:10","date_gmt":"2017-02-28T10:38:10","guid":{"rendered":"http:\/\/www.rheinvalley.li\/?page_id=37773"},"modified":"2017-02-28T12:38:10","modified_gmt":"2017-02-28T10:38:10","slug":"herzlich-willkommen","status":"publish","type":"page","link":"https:\/\/www.rheinvalley.li\/?page_id=37773","title":{"rendered":"Herzlich Willkommen"},"content":{"rendered":"<p>Die Rhein Valley Line Dance Group ist in diesem Jahr 15 Jahre alt geworden. Am 25. M\u00e4rz 2017 findet zum Jubil\u00e4um im Gemeindesaal Gamprin (F\u00fcrstentum Liechtenstein) eine Big Line Dance Night statt. Alle Line Dance Freunde aus nah und fern sind recht herzlich dazu eingeladen, zusammen mit uns dieses Jubil\u00e4um zu feiern. Bereits jetzt haben sich Linedancerinnen und Linedancer aus der Schweiz, aus \u00d6sterreich, aus Deutschland, aus Mallorca und selbstverst\u00e4ndlich auch aus Liechtenstein angemeldet.<\/p>\n<p>Auf den nachfolgenden Seiten erfahrt ihr mehr \u00fcber das Programm, die Workshops, die teilnehmenden Stores und die grosse Verlosung mit tollen Preisen. F\u00fcr Ortsunkundige haben wir den Anfahrtsweg sowie die Koordinaten f\u00fcr das Navi hinterlegt.<\/p>\n<p>Wer also gerne dabei sein m\u00f6chte, sichert sich am besten gleich noch eine Eintrittskarte. Einfach Formular ausf\u00fcllen, E-Mail-Schreiben oder anrufen und schon ist man dabei.<\/p>\n<p>Also nicht z\u00f6gern! Ein unvergesslicher Abend ist garantiert.<\/p>\n","protected":false},"excerpt":{"rendered":"<p>Die Rhein Valley Line Dance Group ist in diesem Jahr 15 Jahre alt geworden. Am 25. M\u00e4rz 2017 findet zum Jubil\u00e4um im Gemeindesaal Gamprin (F\u00fcrstentum Liechtenstein) eine Big Line Dance Night statt. Alle Line Dance Freunde aus nah und fern sind recht herzlich dazu eingeladen, zusammen mit uns dieses Jubil\u00e4um zu feiern. Bereits jetzt haben [&hellip;]<\/p>\n","protected":false},"author":2,"featured_media":0,"parent":0,"menu_order":1,"comment_status":"closed","ping_status":"closed","template":"","meta":{"ngg_post_thumbnail":0,"footnotes":""},"class_list":["post-37773","page","type-page","status-publish","hentry"],"yoast_head":"<!-- This site is optimized with the Yoast SEO plugin v26.7 - https:\/\/yoast.com\/wordpress\/plugins\/seo\/ -->\n<title>Herzlich Willkommen - Rhein Valley Line Dance Group<\/title>\n<meta name=\"robots\" content=\"index, follow, max-snippet:-1, max-image-preview:large, max-video-preview:-1\" \/>\n<link rel=\"canonical\" href=\"https:\/\/www.rheinvalley.li\/?page_id=37773\" \/>\n<meta property=\"og:locale\" content=\"de_DE\" \/>\n<meta property=\"og:type\" content=\"article\" \/>\n<meta property=\"og:title\" content=\"Herzlich Willkommen - Rhein Valley Line Dance Group\" \/>\n<meta property=\"og:description\" content=\"Die Rhein Valley Line Dance Group ist in diesem Jahr 15 Jahre alt geworden. Am 25. M\u00e4rz 2017 findet zum Jubil\u00e4um im Gemeindesaal Gamprin (F\u00fcrstentum Liechtenstein) eine Big Line Dance Night statt. Alle Line Dance Freunde aus nah und fern sind recht herzlich dazu eingeladen, zusammen mit uns dieses Jubil\u00e4um zu feiern. Bereits jetzt haben [&hellip;]\" \/>\n<meta property=\"og:url\" content=\"https:\/\/www.rheinvalley.li\/?page_id=37773\" \/>\n<meta property=\"og:site_name\" content=\"Rhein Valley Line Dance Group\" \/>\n<meta name=\"twitter:label1\" content=\"Gesch\u00e4tzte Lesezeit\" \/>\n\t<meta name=\"twitter:data1\" content=\"1\u00a0Minute\" \/>\n<script type=\"application\/ld+json\" class=\"yoast-schema-graph\">{\"@context\":\"https:\/\/schema.org\",\"@graph\":[{\"@type\":\"WebPage\",\"@id\":\"https:\/\/www.rheinvalley.li\/?page_id=37773\",\"url\":\"https:\/\/www.rheinvalley.li\/?page_id=37773\",\"name\":\"Herzlich Willkommen - Rhein Valley Line Dance Group\",\"isPartOf\":{\"@id\":\"https:\/\/www.rheinvalley.li\/#website\"},\"datePublished\":\"2017-02-28T10:38:10+00:00\",\"breadcrumb\":{\"@id\":\"https:\/\/www.rheinvalley.li\/?page_id=37773#breadcrumb\"},\"inLanguage\":\"de\",\"potentialAction\":[{\"@type\":\"ReadAction\",\"target\":[\"https:\/\/www.rheinvalley.li\/?page_id=37773\"]}]},{\"@type\":\"BreadcrumbList\",\"@id\":\"https:\/\/www.rheinvalley.li\/?page_id=37773#breadcrumb\",\"itemListElement\":[{\"@type\":\"ListItem\",\"position\":1,\"name\":\"Home\",\"item\":\"https:\/\/www.rheinvalley.li\/\"},{\"@type\":\"ListItem\",\"position\":2,\"name\":\"Herzlich Willkommen\"}]},{\"@type\":\"WebSite\",\"@id\":\"https:\/\/www.rheinvalley.li\/#website\",\"url\":\"https:\/\/www.rheinvalley.li\/\",\"name\":\"Rhein Valley Line Dance Group\",\"description\":\"Weil Tanzen einfach Spass macht...(Schweiz-Liechtenstein-Mallorca)\",\"publisher\":{\"@id\":\"https:\/\/www.rheinvalley.li\/#organization\"},\"potentialAction\":[{\"@type\":\"SearchAction\",\"target\":{\"@type\":\"EntryPoint\",\"urlTemplate\":\"https:\/\/www.rheinvalley.li\/?s={search_term_string}\"},\"query-input\":{\"@type\":\"PropertyValueSpecification\",\"valueRequired\":true,\"valueName\":\"search_term_string\"}}],\"inLanguage\":\"de\"},{\"@type\":\"Organization\",\"@id\":\"https:\/\/www.rheinvalley.li\/#organization\",\"name\":\"Rhein Valley Line Dance Group\",\"url\":\"https:\/\/www.rheinvalley.li\/\",\"logo\":{\"@type\":\"ImageObject\",\"inLanguage\":\"de\",\"@id\":\"https:\/\/www.rheinvalley.li\/#\/schema\/logo\/image\/\",\"url\":\"https:\/\/www.rheinvalley.li\/wp-content\/uploads\/2008\/08\/rheinvalley-hell.jpg\",\"contentUrl\":\"https:\/\/www.rheinvalley.li\/wp-content\/uploads\/2008\/08\/rheinvalley-hell.jpg\",\"width\":112,\"height\":100,\"caption\":\"Rhein Valley Line Dance Group\"},\"image\":{\"@id\":\"https:\/\/www.rheinvalley.li\/#\/schema\/logo\/image\/\"}}]}<\/script>\n<!-- \/ Yoast SEO plugin. -->","yoast_head_json":{"title":"Herzlich Willkommen - Rhein Valley Line Dance Group","robots":{"index":"index","follow":"follow","max-snippet":"max-snippet:-1","max-image-preview":"max-image-preview:large","max-video-preview":"max-video-preview:-1"},"canonical":"https:\/\/www.rheinvalley.li\/?page_id=37773","og_locale":"de_DE","og_type":"article","og_title":"Herzlich Willkommen - Rhein Valley Line Dance Group","og_description":"Die Rhein Valley Line Dance Group ist in diesem Jahr 15 Jahre alt geworden. Am 25. M\u00e4rz 2017 findet zum Jubil\u00e4um im Gemeindesaal Gamprin (F\u00fcrstentum Liechtenstein) eine Big Line Dance Night statt. Alle Line Dance Freunde aus nah und fern sind recht herzlich dazu eingeladen, zusammen mit uns dieses Jubil\u00e4um zu feiern. Bereits jetzt haben [&hellip;]","og_url":"https:\/\/www.rheinvalley.li\/?page_id=37773","og_site_name":"Rhein Valley Line Dance Group","twitter_misc":{"Gesch\u00e4tzte Lesezeit":"1\u00a0Minute"},"schema":{"@context":"https:\/\/schema.org","@graph":[{"@type":"WebPage","@id":"https:\/\/www.rheinvalley.li\/?page_id=37773","url":"https:\/\/www.rheinvalley.li\/?page_id=37773","name":"Herzlich Willkommen - Rhein Valley Line Dance Group","isPartOf":{"@id":"https:\/\/www.rheinvalley.li\/#website"},"datePublished":"2017-02-28T10:38:10+00:00","breadcrumb":{"@id":"https:\/\/www.rheinvalley.li\/?page_id=37773#breadcrumb"},"inLanguage":"de","potentialAction":[{"@type":"ReadAction","target":["https:\/\/www.rheinvalley.li\/?page_id=37773"]}]},{"@type":"BreadcrumbList","@id":"https:\/\/www.rheinvalley.li\/?page_id=37773#breadcrumb","itemListElement":[{"@type":"ListItem","position":1,"name":"Home","item":"https:\/\/www.rheinvalley.li\/"},{"@type":"ListItem","position":2,"name":"Herzlich Willkommen"}]},{"@type":"WebSite","@id":"https:\/\/www.rheinvalley.li\/#website","url":"https:\/\/www.rheinvalley.li\/","name":"Rhein Valley Line Dance Group","description":"Weil Tanzen einfach Spass macht...(Schweiz-Liechtenstein-Mallorca)","publisher":{"@id":"https:\/\/www.rheinvalley.li\/#organization"},"potentialAction":[{"@type":"SearchAction","target":{"@type":"EntryPoint","urlTemplate":"https:\/\/www.rheinvalley.li\/?s={search_term_string}"},"query-input":{"@type":"PropertyValueSpecification","valueRequired":true,"valueName":"search_term_string"}}],"inLanguage":"de"},{"@type":"Organization","@id":"https:\/\/www.rheinvalley.li\/#organization","name":"Rhein Valley Line Dance Group","url":"https:\/\/www.rheinvalley.li\/","logo":{"@type":"ImageObject","inLanguage":"de","@id":"https:\/\/www.rheinvalley.li\/#\/schema\/logo\/image\/","url":"https:\/\/www.rheinvalley.li\/wp-content\/uploads\/2008\/08\/rheinvalley-hell.jpg","contentUrl":"https:\/\/www.rheinvalley.li\/wp-content\/uploads\/2008\/08\/rheinvalley-hell.jpg","width":112,"height":100,"caption":"Rhein Valley Line Dance Group"},"image":{"@id":"https:\/\/www.rheinvalley.li\/#\/schema\/logo\/image\/"}}]}},"_links":{"self":[{"href":"https:\/\/www.rheinvalley.li\/index.php?rest_route=\/wp\/v2\/pages\/37773","targetHints":{"allow":["GET"]}}],"collection":[{"href":"https:\/\/www.rheinvalley.li\/index.php?rest_route=\/wp\/v2\/pages"}],"about":[{"href":"https:\/\/www.rheinvalley.li\/index.php?rest_route=\/wp\/v2\/types\/page"}],"author":[{"embeddable":true,"href":"https:\/\/www.rheinvalley.li\/index.php?rest_route=\/wp\/v2\/users\/2"}],"replies":[{"embeddable":true,"href":"https:\/\/www.rheinvalley.li\/index.php?rest_route=%2Fwp%2Fv2%2Fcomments&post=37773"}],"version-history":[{"count":2,"href":"https:\/\/www.rheinvalley.li\/index.php?rest_route=\/wp\/v2\/pages\/37773\/revisions"}],"predecessor-version":[{"id":37775,"href":"https:\/\/www.rheinvalley.li\/index.php?rest_route=\/wp\/v2\/pages\/37773\/revisions\/37775"}],"wp:attachment":[{"href":"https:\/\/www.rheinvalley.li\/index.php?rest_route=%2Fwp%2Fv2%2Fmedia&parent=37773"}],"curies":[{"name":"wp","href":"https:\/\/api.w.org\/{rel}","templated":true}]}}