{"id":37856,"date":"2017-03-03T09:52:12","date_gmt":"2017-03-03T07:52:12","guid":{"rendered":"http:\/\/www.rheinvalley.li\/?page_id=37856"},"modified":"2020-10-05T20:03:24","modified_gmt":"2020-10-05T18:03:24","slug":"herbstwoche-im-hotel-helvetia-intergolf","status":"publish","type":"page","link":"https:\/\/www.rheinvalley.li\/?page_id=37856","title":{"rendered":"Herbstwoche im Hotel Helvetia Intergolf"},"content":{"rendered":"<p>Vorschau Line Dance 2021: vom 5. bis 12. September 2021 findet die 6. Rhein Valley Line Dance Woche im Hotel Helvetia Intergolf im Wallis, Switzerland, statt.<\/p>\n<p>9. &#8211; 15. September 2019: Zum 3. Mal konnten wir eine tolle Line Dance Woche im Hotel Helvetia Intergolf in Crans Montana abhalten. Es war wieder fantastisch und bei tollem Wetter konnte so viel draussen getanzt werden. Ich freue mich bereits auf n\u00e4chstes Jahr Crans Montana zum 4. vom 7. bis 13. September 2020.<\/p>ngg_shortcode_0_placeholderngg_shortcode_1_placeholderngg_shortcode_2_placeholder<strong>10. &#8211; 16. September 2018:<\/strong> Zum 2. Mal konnten wir die Line Dance Woche im Hotel Helvetia Intergolf in Crans Montana durchf\u00fchren. Es war ein voller Erfolg &#8211; danke, f\u00fcr alle die dabei waren, ihr seid toll und ich freue mich schon auf n\u00e4chsten Jahr &#8222;Lizzy&#8217;s Line Dance&#8220; im Wallis vom 9. bis 15. September 2019. Danke auch an B\u00e9atrice und Urs Benz und dem gesamten Team des Helvetia Intergolfs.<\/p>ngg_shortcode_3_placeholderngg_shortcode_4_placeholder<strong>Ich freue mich schon auf n\u00e4chstes Jahr: 10. &#8211; 16. September 2018<\/strong><em> Eure Lizzy<br \/>\n<\/em><\/p>\nngg_shortcode_5_placeholderNach der tollen Septemberwoche 2017 l\u00e4dt die Rhein Valley Line Dance Group auch im 2018 zu Line Dance Ferien ins sonnige Wallis ein. In Zusammenarbeit mit dem 4*Hotel &#8222;Helvetia Intergolf&#8220; in Crans Montana wird wiederum ein spannendes Paket angeboten, mit dem alle Line Dance Freunde voll auf ihre Kosten kommen werden. Das Hotel und Crans Montana haben aber noch viel mehr zu bieten, sodass auch deren Begleitpersonen garantiert nie Langeweile haben werden.<\/p>\n<p>Also g\u00f6nn dir etwas, geniess die Line Dance-Geselligkeit und den goldenen Walliser Herbst! Einfach abschalten und die Seele baumeln lassen \u2026<\/p>\n<p>Mehr Informationen zu unserer ersten Herbstwoche vom 10.-16. September 2018 erhalten Sie bei vorliegen des Flyers an dieser Stelle.<\/p>\n<p>&nbsp;<\/p>\n","protected":false},"excerpt":{"rendered":"<p>Vorschau Line Dance 2021: vom 5. bis 12. September 2021 findet die 6. Rhein Valley Line Dance Woche im Hotel Helvetia Intergolf im Wallis, Switzerland, statt. 9. &#8211; 15. September 2019: Zum 3. Mal konnten wir eine tolle Line Dance Woche im Hotel Helvetia Intergolf in Crans Montana abhalten. Es war wieder fantastisch und bei [&hellip;]<\/p>\n","protected":false},"author":2,"featured_media":37853,"parent":0,"menu_order":0,"comment_status":"closed","ping_status":"closed","template":"","meta":{"ngg_post_thumbnail":0,"footnotes":""},"class_list":["post-37856","page","type-page","status-publish","has-post-thumbnail","hentry"],"yoast_head":"<!-- This site is optimized with the Yoast SEO plugin v26.7 - https:\/\/yoast.com\/wordpress\/plugins\/seo\/ -->\n<title>Herbstwoche im Hotel Helvetia Intergolf - Rhein Valley Line Dance Group<\/title>\n<meta name=\"robots\" content=\"index, follow, max-snippet:-1, max-image-preview:large, max-video-preview:-1\" \/>\n<link rel=\"canonical\" href=\"https:\/\/www.rheinvalley.li\/?page_id=37856\" \/>\n<meta property=\"og:locale\" content=\"de_DE\" \/>\n<meta property=\"og:type\" content=\"article\" \/>\n<meta property=\"og:title\" content=\"Herbstwoche im Hotel Helvetia Intergolf - Rhein Valley Line Dance Group\" \/>\n<meta property=\"og:description\" content=\"Vorschau Line Dance 2021: vom 5. bis 12. September 2021 findet die 6. Rhein Valley Line Dance Woche im Hotel Helvetia Intergolf im Wallis, Switzerland, statt. 9. &#8211; 15. September 2019: Zum 3. Mal konnten wir eine tolle Line Dance Woche im Hotel Helvetia Intergolf in Crans Montana abhalten. Es war wieder fantastisch und bei [&hellip;]\" \/>\n<meta property=\"og:url\" content=\"https:\/\/www.rheinvalley.li\/?page_id=37856\" \/>\n<meta property=\"og:site_name\" content=\"Rhein Valley Line Dance Group\" \/>\n<meta property=\"article:modified_time\" content=\"2020-10-05T18:03:24+00:00\" \/>\n<meta property=\"og:image\" content=\"https:\/\/www.rheinvalley.li\/wp-content\/uploads\/2017\/03\/helvetia-intergolf-1.jpg\" \/>\n\t<meta property=\"og:image:width\" content=\"1280\" \/>\n\t<meta property=\"og:image:height\" content=\"720\" \/>\n\t<meta property=\"og:image:type\" content=\"image\/jpeg\" \/>\n<meta name=\"twitter:label1\" content=\"Gesch\u00e4tzte Lesezeit\" \/>\n\t<meta name=\"twitter:data1\" content=\"1\u00a0Minute\" \/>\n<script type=\"application\/ld+json\" class=\"yoast-schema-graph\">{\"@context\":\"https:\/\/schema.org\",\"@graph\":[{\"@type\":\"WebPage\",\"@id\":\"https:\/\/www.rheinvalley.li\/?page_id=37856\",\"url\":\"https:\/\/www.rheinvalley.li\/?page_id=37856\",\"name\":\"Herbstwoche im Hotel Helvetia Intergolf - Rhein Valley Line Dance Group\",\"isPartOf\":{\"@id\":\"https:\/\/www.rheinvalley.li\/#website\"},\"primaryImageOfPage\":{\"@id\":\"https:\/\/www.rheinvalley.li\/?page_id=37856#primaryimage\"},\"image\":{\"@id\":\"https:\/\/www.rheinvalley.li\/?page_id=37856#primaryimage\"},\"thumbnailUrl\":\"https:\/\/www.rheinvalley.li\/wp-content\/uploads\/2017\/03\/helvetia-intergolf-1.jpg\",\"datePublished\":\"2017-03-03T07:52:12+00:00\",\"dateModified\":\"2020-10-05T18:03:24+00:00\",\"breadcrumb\":{\"@id\":\"https:\/\/www.rheinvalley.li\/?page_id=37856#breadcrumb\"},\"inLanguage\":\"de\",\"potentialAction\":[{\"@type\":\"ReadAction\",\"target\":[\"https:\/\/www.rheinvalley.li\/?page_id=37856\"]}]},{\"@type\":\"ImageObject\",\"inLanguage\":\"de\",\"@id\":\"https:\/\/www.rheinvalley.li\/?page_id=37856#primaryimage\",\"url\":\"https:\/\/www.rheinvalley.li\/wp-content\/uploads\/2017\/03\/helvetia-intergolf-1.jpg\",\"contentUrl\":\"https:\/\/www.rheinvalley.li\/wp-content\/uploads\/2017\/03\/helvetia-intergolf-1.jpg\",\"width\":1280,\"height\":720},{\"@type\":\"BreadcrumbList\",\"@id\":\"https:\/\/www.rheinvalley.li\/?page_id=37856#breadcrumb\",\"itemListElement\":[{\"@type\":\"ListItem\",\"position\":1,\"name\":\"Home\",\"item\":\"https:\/\/www.rheinvalley.li\/\"},{\"@type\":\"ListItem\",\"position\":2,\"name\":\"Herbstwoche im Hotel Helvetia Intergolf\"}]},{\"@type\":\"WebSite\",\"@id\":\"https:\/\/www.rheinvalley.li\/#website\",\"url\":\"https:\/\/www.rheinvalley.li\/\",\"name\":\"Rhein Valley Line Dance Group\",\"description\":\"Weil Tanzen einfach Spass macht...(Schweiz-Liechtenstein-Mallorca)\",\"publisher\":{\"@id\":\"https:\/\/www.rheinvalley.li\/#organization\"},\"potentialAction\":[{\"@type\":\"SearchAction\",\"target\":{\"@type\":\"EntryPoint\",\"urlTemplate\":\"https:\/\/www.rheinvalley.li\/?s={search_term_string}\"},\"query-input\":{\"@type\":\"PropertyValueSpecification\",\"valueRequired\":true,\"valueName\":\"search_term_string\"}}],\"inLanguage\":\"de\"},{\"@type\":\"Organization\",\"@id\":\"https:\/\/www.rheinvalley.li\/#organization\",\"name\":\"Rhein Valley Line Dance Group\",\"url\":\"https:\/\/www.rheinvalley.li\/\",\"logo\":{\"@type\":\"ImageObject\",\"inLanguage\":\"de\",\"@id\":\"https:\/\/www.rheinvalley.li\/#\/schema\/logo\/image\/\",\"url\":\"https:\/\/www.rheinvalley.li\/wp-content\/uploads\/2008\/08\/rheinvalley-hell.jpg\",\"contentUrl\":\"https:\/\/www.rheinvalley.li\/wp-content\/uploads\/2008\/08\/rheinvalley-hell.jpg\",\"width\":112,\"height\":100,\"caption\":\"Rhein Valley Line Dance Group\"},\"image\":{\"@id\":\"https:\/\/www.rheinvalley.li\/#\/schema\/logo\/image\/\"}}]}<\/script>\n<!-- \/ Yoast SEO plugin. -->","yoast_head_json":{"title":"Herbstwoche im Hotel Helvetia Intergolf - Rhein Valley Line Dance Group","robots":{"index":"index","follow":"follow","max-snippet":"max-snippet:-1","max-image-preview":"max-image-preview:large","max-video-preview":"max-video-preview:-1"},"canonical":"https:\/\/www.rheinvalley.li\/?page_id=37856","og_locale":"de_DE","og_type":"article","og_title":"Herbstwoche im Hotel Helvetia Intergolf - Rhein Valley Line Dance Group","og_description":"Vorschau Line Dance 2021: vom 5. bis 12. September 2021 findet die 6. Rhein Valley Line Dance Woche im Hotel Helvetia Intergolf im Wallis, Switzerland, statt. 9. &#8211; 15. September 2019: Zum 3. Mal konnten wir eine tolle Line Dance Woche im Hotel Helvetia Intergolf in Crans Montana abhalten. Es war wieder fantastisch und bei [&hellip;]","og_url":"https:\/\/www.rheinvalley.li\/?page_id=37856","og_site_name":"Rhein Valley Line Dance Group","article_modified_time":"2020-10-05T18:03:24+00:00","og_image":[{"width":1280,"height":720,"url":"https:\/\/www.rheinvalley.li\/wp-content\/uploads\/2017\/03\/helvetia-intergolf-1.jpg","type":"image\/jpeg"}],"twitter_misc":{"Gesch\u00e4tzte Lesezeit":"1\u00a0Minute"},"schema":{"@context":"https:\/\/schema.org","@graph":[{"@type":"WebPage","@id":"https:\/\/www.rheinvalley.li\/?page_id=37856","url":"https:\/\/www.rheinvalley.li\/?page_id=37856","name":"Herbstwoche im Hotel Helvetia Intergolf - Rhein Valley Line Dance Group","isPartOf":{"@id":"https:\/\/www.rheinvalley.li\/#website"},"primaryImageOfPage":{"@id":"https:\/\/www.rheinvalley.li\/?page_id=37856#primaryimage"},"image":{"@id":"https:\/\/www.rheinvalley.li\/?page_id=37856#primaryimage"},"thumbnailUrl":"https:\/\/www.rheinvalley.li\/wp-content\/uploads\/2017\/03\/helvetia-intergolf-1.jpg","datePublished":"2017-03-03T07:52:12+00:00","dateModified":"2020-10-05T18:03:24+00:00","breadcrumb":{"@id":"https:\/\/www.rheinvalley.li\/?page_id=37856#breadcrumb"},"inLanguage":"de","potentialAction":[{"@type":"ReadAction","target":["https:\/\/www.rheinvalley.li\/?page_id=37856"]}]},{"@type":"ImageObject","inLanguage":"de","@id":"https:\/\/www.rheinvalley.li\/?page_id=37856#primaryimage","url":"https:\/\/www.rheinvalley.li\/wp-content\/uploads\/2017\/03\/helvetia-intergolf-1.jpg","contentUrl":"https:\/\/www.rheinvalley.li\/wp-content\/uploads\/2017\/03\/helvetia-intergolf-1.jpg","width":1280,"height":720},{"@type":"BreadcrumbList","@id":"https:\/\/www.rheinvalley.li\/?page_id=37856#breadcrumb","itemListElement":[{"@type":"ListItem","position":1,"name":"Home","item":"https:\/\/www.rheinvalley.li\/"},{"@type":"ListItem","position":2,"name":"Herbstwoche im Hotel Helvetia Intergolf"}]},{"@type":"WebSite","@id":"https:\/\/www.rheinvalley.li\/#website","url":"https:\/\/www.rheinvalley.li\/","name":"Rhein Valley Line Dance Group","description":"Weil Tanzen einfach Spass macht...(Schweiz-Liechtenstein-Mallorca)","publisher":{"@id":"https:\/\/www.rheinvalley.li\/#organization"},"potentialAction":[{"@type":"SearchAction","target":{"@type":"EntryPoint","urlTemplate":"https:\/\/www.rheinvalley.li\/?s={search_term_string}"},"query-input":{"@type":"PropertyValueSpecification","valueRequired":true,"valueName":"search_term_string"}}],"inLanguage":"de"},{"@type":"Organization","@id":"https:\/\/www.rheinvalley.li\/#organization","name":"Rhein Valley Line Dance Group","url":"https:\/\/www.rheinvalley.li\/","logo":{"@type":"ImageObject","inLanguage":"de","@id":"https:\/\/www.rheinvalley.li\/#\/schema\/logo\/image\/","url":"https:\/\/www.rheinvalley.li\/wp-content\/uploads\/2008\/08\/rheinvalley-hell.jpg","contentUrl":"https:\/\/www.rheinvalley.li\/wp-content\/uploads\/2008\/08\/rheinvalley-hell.jpg","width":112,"height":100,"caption":"Rhein Valley Line Dance Group"},"image":{"@id":"https:\/\/www.rheinvalley.li\/#\/schema\/logo\/image\/"}}]}},"_links":{"self":[{"href":"https:\/\/www.rheinvalley.li\/index.php?rest_route=\/wp\/v2\/pages\/37856","targetHints":{"allow":["GET"]}}],"collection":[{"href":"https:\/\/www.rheinvalley.li\/index.php?rest_route=\/wp\/v2\/pages"}],"about":[{"href":"https:\/\/www.rheinvalley.li\/index.php?rest_route=\/wp\/v2\/types\/page"}],"author":[{"embeddable":true,"href":"https:\/\/www.rheinvalley.li\/index.php?rest_route=\/wp\/v2\/users\/2"}],"replies":[{"embeddable":true,"href":"https:\/\/www.rheinvalley.li\/index.php?rest_route=%2Fwp%2Fv2%2Fcomments&post=37856"}],"version-history":[{"count":18,"href":"https:\/\/www.rheinvalley.li\/index.php?rest_route=\/wp\/v2\/pages\/37856\/revisions"}],"predecessor-version":[{"id":67569,"href":"https:\/\/www.rheinvalley.li\/index.php?rest_route=\/wp\/v2\/pages\/37856\/revisions\/67569"}],"wp:featuredmedia":[{"embeddable":true,"href":"https:\/\/www.rheinvalley.li\/index.php?rest_route=\/wp\/v2\/media\/37853"}],"wp:attachment":[{"href":"https:\/\/www.rheinvalley.li\/index.php?rest_route=%2Fwp%2Fv2%2Fmedia&parent=37856"}],"curies":[{"name":"wp","href":"https:\/\/api.w.org\/{rel}","templated":true}]}}