{"id":38093,"date":"2017-03-26T19:13:53","date_gmt":"2017-03-26T17:13:53","guid":{"rendered":"http:\/\/www.rheinvalley.li\/?page_id=38093"},"modified":"2017-12-10T19:47:50","modified_gmt":"2017-12-10T17:47:50","slug":"auftritte-2017","status":"publish","type":"page","link":"https:\/\/www.rheinvalley.li\/?page_id=38093","title":{"rendered":"Auftritte 2017"},"content":{"rendered":"<p><strong>Freitag, 24. November 2017:<\/strong> Workshops f\u00fcr die Zahn\u00e4rztekasse &#8211; Weihnachtsfeier im B\u00e4chlihof, Rapperswil-Jona (geschlossene Gesellschaft)<br \/>ngg_shortcode_0_placeholder\n<p><strong>Sonntag, 29. Oktober 2017:<\/strong> Kleiner Showauftritt zu Umberto&#8217;s Geburtstag.<\/p>ngg_shortcode_1_placeholder<p><strong>Mittwoch, 27. September 2017:<\/strong> Auftritte f\u00fcr die Raiffeisenbank Siggenthal-W\u00fcrenlingen, Zurzibieter Raiffeisen Forum (Betriebsfeier \u2013 geschl. Gesellschaft) 19 und 20 Uhr<\/p>ngg_shortcode_2_placeholder<p><strong>Samstag, 23. September 2017:<\/strong> Auftritt und Workshops anl\u00e4sslich Hochzeits-und Geburtstagsfest &#8211; RidammCity, Vaduz 20:30 Uhr (geschlossene Gesellschaft) danke dem Fotografen Hannes Stark f\u00fcr die Fotos.<\/p>ngg_shortcode_3_placeholder<p><strong>Sonntag, 11. Juni 2017:<\/strong> Lizzy &amp; Umberto dance with Jsabella&#8217;s Group in B\u00fchler\/Appenzell<\/p>ngg_shortcode_4_placeholder<p><strong>Donnerstag, 08. Juni 2017:<\/strong> Pensioniertenausflug der ehem. Coopmitarbeiter in der Markthalle in Sargans &#8211; 13.30 Uhr &#8211; es war mega toll vor 1000 Leuten zu tanzen &#8211; danke dem tollen Publikum und danke an D\u00e4niel (Bonanza) und allen die zur Veranstaltung beigetreten haben. Danke Johnny Hill und Bluet &amp; Leberw\u00fcrscht und Makita. Und danke an unsere Fotografin.<\/p>ngg_shortcode_5_placeholder<p>&nbsp;<\/p>ngg_shortcode_6_placeholder<p><strong>Samstag, 03. Juni 2017:<\/strong> Country &amp; BBQ &#8211; Auftritt am Lindenplatz in Schaan\/FL: 18 Uhr<\/p>ngg_shortcode_7_placeholder<p>&nbsp;<\/p>ngg_shortcode_8_placeholder<p><strong>Mittwoch, 26. April 2017:<\/strong> Auftritte an der Fachmesse f\u00fcr Logistik &amp; Distribution in der Messe Z\u00fcrich<\/p>ngg_shortcode_9_placeholder","protected":false},"excerpt":{"rendered":"<p>Freitag, 24. November 2017: Workshops f\u00fcr die Zahn\u00e4rztekasse &#8211; Weihnachtsfeier im B\u00e4chlihof, Rapperswil-Jona (geschlossene Gesellschaft) Sonntag, 29. Oktober 2017: Kleiner Showauftritt zu Umberto&#8217;s Geburtstag. Mittwoch, 27. September 2017: Auftritte f\u00fcr die Raiffeisenbank Siggenthal-W\u00fcrenlingen, Zurzibieter Raiffeisen Forum (Betriebsfeier \u2013 geschl. Gesellschaft) 19 und 20 Uhr Samstag, 23. September 2017: Auftritt und Workshops anl\u00e4sslich Hochzeits-und Geburtstagsfest &#8211; [&hellip;]<\/p>\n","protected":false},"author":2,"featured_media":0,"parent":27022,"menu_order":0,"comment_status":"closed","ping_status":"closed","template":"","meta":{"ngg_post_thumbnail":0,"footnotes":""},"class_list":["post-38093","page","type-page","status-publish","hentry"],"yoast_head":"<!-- This site is optimized with the Yoast SEO plugin v26.7 - https:\/\/yoast.com\/wordpress\/plugins\/seo\/ -->\n<title>Auftritte 2017 - Rhein Valley Line Dance Group<\/title>\n<meta name=\"robots\" content=\"index, follow, max-snippet:-1, max-image-preview:large, max-video-preview:-1\" \/>\n<link rel=\"canonical\" href=\"https:\/\/www.rheinvalley.li\/?page_id=38093\" \/>\n<meta property=\"og:locale\" content=\"de_DE\" \/>\n<meta property=\"og:type\" content=\"article\" \/>\n<meta property=\"og:title\" content=\"Auftritte 2017 - Rhein Valley Line Dance Group\" \/>\n<meta property=\"og:description\" content=\"Freitag, 24. November 2017: Workshops f\u00fcr die Zahn\u00e4rztekasse &#8211; Weihnachtsfeier im B\u00e4chlihof, Rapperswil-Jona (geschlossene Gesellschaft) Sonntag, 29. Oktober 2017: Kleiner Showauftritt zu Umberto&#8217;s Geburtstag. Mittwoch, 27. September 2017: Auftritte f\u00fcr die Raiffeisenbank Siggenthal-W\u00fcrenlingen, Zurzibieter Raiffeisen Forum (Betriebsfeier \u2013 geschl. Gesellschaft) 19 und 20 Uhr Samstag, 23. September 2017: Auftritt und Workshops anl\u00e4sslich Hochzeits-und Geburtstagsfest &#8211; [&hellip;]\" \/>\n<meta property=\"og:url\" content=\"https:\/\/www.rheinvalley.li\/?page_id=38093\" \/>\n<meta property=\"og:site_name\" content=\"Rhein Valley Line Dance Group\" \/>\n<meta property=\"article:modified_time\" content=\"2017-12-10T17:47:50+00:00\" \/>\n<meta name=\"twitter:label1\" content=\"Gesch\u00e4tzte Lesezeit\" \/>\n\t<meta name=\"twitter:data1\" content=\"1\u00a0Minute\" \/>\n<script type=\"application\/ld+json\" class=\"yoast-schema-graph\">{\"@context\":\"https:\/\/schema.org\",\"@graph\":[{\"@type\":\"WebPage\",\"@id\":\"https:\/\/www.rheinvalley.li\/?page_id=38093\",\"url\":\"https:\/\/www.rheinvalley.li\/?page_id=38093\",\"name\":\"Auftritte 2017 - Rhein Valley Line Dance Group\",\"isPartOf\":{\"@id\":\"https:\/\/www.rheinvalley.li\/#website\"},\"datePublished\":\"2017-03-26T17:13:53+00:00\",\"dateModified\":\"2017-12-10T17:47:50+00:00\",\"breadcrumb\":{\"@id\":\"https:\/\/www.rheinvalley.li\/?page_id=38093#breadcrumb\"},\"inLanguage\":\"de\",\"potentialAction\":[{\"@type\":\"ReadAction\",\"target\":[\"https:\/\/www.rheinvalley.li\/?page_id=38093\"]}]},{\"@type\":\"BreadcrumbList\",\"@id\":\"https:\/\/www.rheinvalley.li\/?page_id=38093#breadcrumb\",\"itemListElement\":[{\"@type\":\"ListItem\",\"position\":1,\"name\":\"Home\",\"item\":\"https:\/\/www.rheinvalley.li\/\"},{\"@type\":\"ListItem\",\"position\":2,\"name\":\"Fotos\",\"item\":\"https:\/\/www.rheinvalley.li\/?page_id=153\"},{\"@type\":\"ListItem\",\"position\":3,\"name\":\"Auftritte\",\"item\":\"https:\/\/www.rheinvalley.li\/?page_id=27022\"},{\"@type\":\"ListItem\",\"position\":4,\"name\":\"Auftritte 2017\"}]},{\"@type\":\"WebSite\",\"@id\":\"https:\/\/www.rheinvalley.li\/#website\",\"url\":\"https:\/\/www.rheinvalley.li\/\",\"name\":\"Rhein Valley Line Dance Group\",\"description\":\"Weil Tanzen einfach Spass macht...(Schweiz-Liechtenstein-Mallorca)\",\"publisher\":{\"@id\":\"https:\/\/www.rheinvalley.li\/#organization\"},\"potentialAction\":[{\"@type\":\"SearchAction\",\"target\":{\"@type\":\"EntryPoint\",\"urlTemplate\":\"https:\/\/www.rheinvalley.li\/?s={search_term_string}\"},\"query-input\":{\"@type\":\"PropertyValueSpecification\",\"valueRequired\":true,\"valueName\":\"search_term_string\"}}],\"inLanguage\":\"de\"},{\"@type\":\"Organization\",\"@id\":\"https:\/\/www.rheinvalley.li\/#organization\",\"name\":\"Rhein Valley Line Dance Group\",\"url\":\"https:\/\/www.rheinvalley.li\/\",\"logo\":{\"@type\":\"ImageObject\",\"inLanguage\":\"de\",\"@id\":\"https:\/\/www.rheinvalley.li\/#\/schema\/logo\/image\/\",\"url\":\"https:\/\/www.rheinvalley.li\/wp-content\/uploads\/2008\/08\/rheinvalley-hell.jpg\",\"contentUrl\":\"https:\/\/www.rheinvalley.li\/wp-content\/uploads\/2008\/08\/rheinvalley-hell.jpg\",\"width\":112,\"height\":100,\"caption\":\"Rhein Valley Line Dance Group\"},\"image\":{\"@id\":\"https:\/\/www.rheinvalley.li\/#\/schema\/logo\/image\/\"}}]}<\/script>\n<!-- \/ Yoast SEO plugin. -->","yoast_head_json":{"title":"Auftritte 2017 - Rhein Valley Line Dance Group","robots":{"index":"index","follow":"follow","max-snippet":"max-snippet:-1","max-image-preview":"max-image-preview:large","max-video-preview":"max-video-preview:-1"},"canonical":"https:\/\/www.rheinvalley.li\/?page_id=38093","og_locale":"de_DE","og_type":"article","og_title":"Auftritte 2017 - Rhein Valley Line Dance Group","og_description":"Freitag, 24. November 2017: Workshops f\u00fcr die Zahn\u00e4rztekasse &#8211; Weihnachtsfeier im B\u00e4chlihof, Rapperswil-Jona (geschlossene Gesellschaft) Sonntag, 29. Oktober 2017: Kleiner Showauftritt zu Umberto&#8217;s Geburtstag. Mittwoch, 27. September 2017: Auftritte f\u00fcr die Raiffeisenbank Siggenthal-W\u00fcrenlingen, Zurzibieter Raiffeisen Forum (Betriebsfeier \u2013 geschl. Gesellschaft) 19 und 20 Uhr Samstag, 23. September 2017: Auftritt und Workshops anl\u00e4sslich Hochzeits-und Geburtstagsfest &#8211; [&hellip;]","og_url":"https:\/\/www.rheinvalley.li\/?page_id=38093","og_site_name":"Rhein Valley Line Dance Group","article_modified_time":"2017-12-10T17:47:50+00:00","twitter_misc":{"Gesch\u00e4tzte Lesezeit":"1\u00a0Minute"},"schema":{"@context":"https:\/\/schema.org","@graph":[{"@type":"WebPage","@id":"https:\/\/www.rheinvalley.li\/?page_id=38093","url":"https:\/\/www.rheinvalley.li\/?page_id=38093","name":"Auftritte 2017 - Rhein Valley Line Dance Group","isPartOf":{"@id":"https:\/\/www.rheinvalley.li\/#website"},"datePublished":"2017-03-26T17:13:53+00:00","dateModified":"2017-12-10T17:47:50+00:00","breadcrumb":{"@id":"https:\/\/www.rheinvalley.li\/?page_id=38093#breadcrumb"},"inLanguage":"de","potentialAction":[{"@type":"ReadAction","target":["https:\/\/www.rheinvalley.li\/?page_id=38093"]}]},{"@type":"BreadcrumbList","@id":"https:\/\/www.rheinvalley.li\/?page_id=38093#breadcrumb","itemListElement":[{"@type":"ListItem","position":1,"name":"Home","item":"https:\/\/www.rheinvalley.li\/"},{"@type":"ListItem","position":2,"name":"Fotos","item":"https:\/\/www.rheinvalley.li\/?page_id=153"},{"@type":"ListItem","position":3,"name":"Auftritte","item":"https:\/\/www.rheinvalley.li\/?page_id=27022"},{"@type":"ListItem","position":4,"name":"Auftritte 2017"}]},{"@type":"WebSite","@id":"https:\/\/www.rheinvalley.li\/#website","url":"https:\/\/www.rheinvalley.li\/","name":"Rhein Valley Line Dance Group","description":"Weil Tanzen einfach Spass macht...(Schweiz-Liechtenstein-Mallorca)","publisher":{"@id":"https:\/\/www.rheinvalley.li\/#organization"},"potentialAction":[{"@type":"SearchAction","target":{"@type":"EntryPoint","urlTemplate":"https:\/\/www.rheinvalley.li\/?s={search_term_string}"},"query-input":{"@type":"PropertyValueSpecification","valueRequired":true,"valueName":"search_term_string"}}],"inLanguage":"de"},{"@type":"Organization","@id":"https:\/\/www.rheinvalley.li\/#organization","name":"Rhein Valley Line Dance Group","url":"https:\/\/www.rheinvalley.li\/","logo":{"@type":"ImageObject","inLanguage":"de","@id":"https:\/\/www.rheinvalley.li\/#\/schema\/logo\/image\/","url":"https:\/\/www.rheinvalley.li\/wp-content\/uploads\/2008\/08\/rheinvalley-hell.jpg","contentUrl":"https:\/\/www.rheinvalley.li\/wp-content\/uploads\/2008\/08\/rheinvalley-hell.jpg","width":112,"height":100,"caption":"Rhein Valley Line Dance Group"},"image":{"@id":"https:\/\/www.rheinvalley.li\/#\/schema\/logo\/image\/"}}]}},"_links":{"self":[{"href":"https:\/\/www.rheinvalley.li\/index.php?rest_route=\/wp\/v2\/pages\/38093","targetHints":{"allow":["GET"]}}],"collection":[{"href":"https:\/\/www.rheinvalley.li\/index.php?rest_route=\/wp\/v2\/pages"}],"about":[{"href":"https:\/\/www.rheinvalley.li\/index.php?rest_route=\/wp\/v2\/types\/page"}],"author":[{"embeddable":true,"href":"https:\/\/www.rheinvalley.li\/index.php?rest_route=\/wp\/v2\/users\/2"}],"replies":[{"embeddable":true,"href":"https:\/\/www.rheinvalley.li\/index.php?rest_route=%2Fwp%2Fv2%2Fcomments&post=38093"}],"version-history":[{"count":14,"href":"https:\/\/www.rheinvalley.li\/index.php?rest_route=\/wp\/v2\/pages\/38093\/revisions"}],"predecessor-version":[{"id":44955,"href":"https:\/\/www.rheinvalley.li\/index.php?rest_route=\/wp\/v2\/pages\/38093\/revisions\/44955"}],"up":[{"embeddable":true,"href":"https:\/\/www.rheinvalley.li\/index.php?rest_route=\/wp\/v2\/pages\/27022"}],"wp:attachment":[{"href":"https:\/\/www.rheinvalley.li\/index.php?rest_route=%2Fwp%2Fv2%2Fmedia&parent=38093"}],"curies":[{"name":"wp","href":"https:\/\/api.w.org\/{rel}","templated":true}]}}