{"id":38097,"date":"2017-03-26T19:15:37","date_gmt":"2017-03-26T17:15:37","guid":{"rendered":"http:\/\/www.rheinvalley.li\/?page_id=38097"},"modified":"2017-12-10T19:41:19","modified_gmt":"2017-12-10T17:41:19","slug":"events-2017","status":"publish","type":"page","link":"https:\/\/www.rheinvalley.li\/?page_id=38097","title":{"rendered":"Events 2017"},"content":{"rendered":"<p><strong>Donnerstag, 12. Januar 2017:<\/strong> 20-21 Uhr Line Dance Kurs mit Lizzy in der Nachtigall in Bregenz\/Austria &#8211; danach freies Tanzen f\u00fcr alle &#8211; kommt doch auch &#8211; ein super Ambiente<\/p>\n<p><strong>Donnerstag, 19. Januar 2017:<\/strong> Line Dance Kurs von 20-21 Uhr in der Nachtigall in Bregenz mit Lizzy danach freies Tanzen<\/p>\n<p><strong>Samstag, 25. M\u00e4rz 2017: 15 Jahre Rhein Valley<\/strong> &#8211; Jubil\u00e4umsparty &#8211; BIG LINE DANCE NIGHT &#8211; im Gemeindesaal in Gamprin\/Liechtenstein &#8211; T\u00fcr\u00f6ffnung 17 Uhr &#8211; Beginn 18 Uhr (59. Dance Night)<\/p>\n<p><strong>Samstag, 08. April 2017:<\/strong> Probe Saloon Girls f\u00fcr Winnetou in Engelberg (ganzer Tag)<\/p>\n<p><strong>Donnerstag, 13. April 2017:<\/strong> Line Dance Kurs mit Lizzy in der Nachtigall in Bregenz\/Austria<br \/>\nvon 20 &#8211; 21:30 Uhr, danach freies Tanzen<\/p>\n<p><strong>Mittwoch, 26. April 2017:<\/strong> Auftritte an der Fachmesse Logistisch &amp; Distribution in Z\u00fcrich &#8211; Messe Z\u00fcrich-Oerlikon, Halle 7 &#8211; Auftritte zwischen 18 und 20 Uhr &#8211; Ap\u00e9ro bis 22 Uhr<\/p>\n<p><strong>07. &#8211; 14. Mai 2017:<\/strong> 28. Mallorca Line Dance Woche &#8211; Hotel Marqu\u00e9s, Colonia St. Jordi<\/p>\n<p><strong>14. &#8211; 21. Mai 2017:<\/strong> 29. Mallorca Line Dance Woche &#8211; Hotel Romantica, Colonia St. Jordi<\/p>\n<p><strong>Samstag, 03. Juni 2017: <\/strong>Country &amp; BBQ Festival Schaan Lindeplatz &#8211; SAL &#8211; Auftritt der Rhein Valley Show Group um ca 17:45 Uhr<\/p>\n<p><strong>Donnerstag, 08. Juni 2017:<\/strong> Auftritt anl\u00e4sslich Pensionierten Event der ehemaligen Coop Mitarbeitern &#8211; Country Anlass in Sargans, 13:30 Uhr (geschlossene Gesellschaft)<\/p>\n<p><strong>28.-30. Juli 2017: <\/strong>Star Awards Verleih in Kalkar, Deutschland<br \/>\n<a href=\"https:\/\/www.rheinvalley.li\/wp-content\/uploads\/2017\/03\/Schweizer_Tanzlehrer_Elisabeth-Elkuch-Heid_Urkunde.jpg\" rel=\"lightbox[38097]\"><img loading=\"lazy\" decoding=\"async\" class=\"alignnone size-full wp-image-40984\" src=\"https:\/\/www.rheinvalley.li\/wp-content\/uploads\/2017\/03\/Schweizer_Tanzlehrer_Elisabeth-Elkuch-Heid_Urkunde.jpg\" alt=\"\" width=\"2480\" height=\"3508\"><\/a><\/p>\n<p><strong>Freitag, 04. August 2017:<\/strong> Auftritt in Mallorca mit Ingrid<\/p>\n<p><strong>Montag, 11. bis Sonntag 17. September 2017: <\/strong>Line Dance Ferienwoche in Crans Montana im Hotel Helvetia Intergolf<\/p>\n<p><strong>Samstag, 23. September 2017:<\/strong> Auftritt anl\u00e4sslich Geburtstag und Hochzeitstag &#8211; Ridamm-City, Vaduz (geschlossene Gesellschaft)<\/p>\n<p><strong>Mittwoch, 27. September 2017:<\/strong> Auftritte f\u00fcr die Raiffeisenbank Siggenthal-W\u00fcrenlingen, Zurzibieter Raiffeisen Forum (Betriebsfeier &#8211; geschl. Gesellschaft)<\/p>\n<p><strong>Sonntag, 01. &#8211; 08. Oktober 2017:<\/strong> 30. Mallorca Line Dance Woche &#8211; Hotel Florida, Magaluf<\/p>\n<p><strong>Sonntag, 08. &#8211; 15. Oktober 2017:<\/strong> 31. Mallorca Line Dance Woche &#8211; Hotel Laguna, Canyamel<\/p>\n<p><strong>Sonntag, 15. &#8211; 22. Oktober 2017:<\/strong> 32. Mallorca Line Dance Woche &#8211; Hotel Laguna, Canyamel<\/p>\n<p><strong>Freitag, 24. November 2017:<\/strong> Workshop in Jona-Rapperswil &#8211; Weihnachtsfeier Zahn\u00e4rzteverein &#8211; B\u00e4chlihof&nbsp;<\/p>\n<p><strong>Freitag, 15. Dezember 2017:<\/strong> 60. Rhein Valley Line Dance Night &#8211; X-Mas Line Dance Night in der Dance Hall in Bendern\/FL (Eschnerstrasse 64, 9487 Bendern) T\u00fcr\u00f6ffnung: 19:30, Beginn 20 Uhr, f\u00fcr Speis und Trank ist gesorgt, inklusive Workshop<\/p>\n<p><strong>Dienstag, 19. Dezember 2017:<\/strong> Weihnachtsessen (geschlossene Gesellschaft)<\/p>\n<p>&nbsp;<\/p>\n","protected":false},"excerpt":{"rendered":"<p>Donnerstag, 12. Januar 2017: 20-21 Uhr Line Dance Kurs mit Lizzy in der Nachtigall in Bregenz\/Austria &#8211; danach freies Tanzen f\u00fcr alle &#8211; kommt doch auch &#8211; ein super Ambiente Donnerstag, 19. Januar 2017: Line Dance Kurs von 20-21 Uhr in der Nachtigall in Bregenz mit Lizzy danach freies Tanzen Samstag, 25. M\u00e4rz 2017: 15 [&hellip;]<\/p>\n","protected":false},"author":2,"featured_media":0,"parent":23,"menu_order":0,"comment_status":"closed","ping_status":"closed","template":"","meta":{"ngg_post_thumbnail":0,"footnotes":""},"class_list":["post-38097","page","type-page","status-publish","hentry"],"yoast_head":"<!-- This site is optimized with the Yoast SEO plugin v26.7 - https:\/\/yoast.com\/wordpress\/plugins\/seo\/ -->\n<title>Events 2017 - Rhein Valley Line Dance Group<\/title>\n<meta name=\"robots\" content=\"index, follow, max-snippet:-1, max-image-preview:large, max-video-preview:-1\" \/>\n<link rel=\"canonical\" href=\"https:\/\/www.rheinvalley.li\/?page_id=38097\" \/>\n<meta property=\"og:locale\" content=\"de_DE\" \/>\n<meta property=\"og:type\" content=\"article\" \/>\n<meta property=\"og:title\" content=\"Events 2017 - Rhein Valley Line Dance Group\" \/>\n<meta property=\"og:description\" content=\"Donnerstag, 12. Januar 2017: 20-21 Uhr Line Dance Kurs mit Lizzy in der Nachtigall in Bregenz\/Austria &#8211; danach freies Tanzen f\u00fcr alle &#8211; kommt doch auch &#8211; ein super Ambiente Donnerstag, 19. Januar 2017: Line Dance Kurs von 20-21 Uhr in der Nachtigall in Bregenz mit Lizzy danach freies Tanzen Samstag, 25. M\u00e4rz 2017: 15 [&hellip;]\" \/>\n<meta property=\"og:url\" content=\"https:\/\/www.rheinvalley.li\/?page_id=38097\" \/>\n<meta property=\"og:site_name\" content=\"Rhein Valley Line Dance Group\" \/>\n<meta property=\"article:modified_time\" content=\"2017-12-10T17:41:19+00:00\" \/>\n<meta property=\"og:image\" content=\"http:\/\/www.rheinvalley.li\/wp-content\/uploads\/2017\/03\/Schweizer_Tanzlehrer_Elisabeth-Elkuch-Heid_Urkunde.jpg\" \/>\n<meta name=\"twitter:label1\" content=\"Gesch\u00e4tzte Lesezeit\" \/>\n\t<meta name=\"twitter:data1\" content=\"2\u00a0Minuten\" \/>\n<script type=\"application\/ld+json\" class=\"yoast-schema-graph\">{\"@context\":\"https:\/\/schema.org\",\"@graph\":[{\"@type\":\"WebPage\",\"@id\":\"https:\/\/www.rheinvalley.li\/?page_id=38097\",\"url\":\"https:\/\/www.rheinvalley.li\/?page_id=38097\",\"name\":\"Events 2017 - Rhein Valley Line Dance Group\",\"isPartOf\":{\"@id\":\"https:\/\/www.rheinvalley.li\/#website\"},\"primaryImageOfPage\":{\"@id\":\"https:\/\/www.rheinvalley.li\/?page_id=38097#primaryimage\"},\"image\":{\"@id\":\"https:\/\/www.rheinvalley.li\/?page_id=38097#primaryimage\"},\"thumbnailUrl\":\"http:\/\/www.rheinvalley.li\/wp-content\/uploads\/2017\/03\/Schweizer_Tanzlehrer_Elisabeth-Elkuch-Heid_Urkunde.jpg\",\"datePublished\":\"2017-03-26T17:15:37+00:00\",\"dateModified\":\"2017-12-10T17:41:19+00:00\",\"breadcrumb\":{\"@id\":\"https:\/\/www.rheinvalley.li\/?page_id=38097#breadcrumb\"},\"inLanguage\":\"de\",\"potentialAction\":[{\"@type\":\"ReadAction\",\"target\":[\"https:\/\/www.rheinvalley.li\/?page_id=38097\"]}]},{\"@type\":\"ImageObject\",\"inLanguage\":\"de\",\"@id\":\"https:\/\/www.rheinvalley.li\/?page_id=38097#primaryimage\",\"url\":\"http:\/\/www.rheinvalley.li\/wp-content\/uploads\/2017\/03\/Schweizer_Tanzlehrer_Elisabeth-Elkuch-Heid_Urkunde.jpg\",\"contentUrl\":\"http:\/\/www.rheinvalley.li\/wp-content\/uploads\/2017\/03\/Schweizer_Tanzlehrer_Elisabeth-Elkuch-Heid_Urkunde.jpg\"},{\"@type\":\"BreadcrumbList\",\"@id\":\"https:\/\/www.rheinvalley.li\/?page_id=38097#breadcrumb\",\"itemListElement\":[{\"@type\":\"ListItem\",\"position\":1,\"name\":\"Home\",\"item\":\"https:\/\/www.rheinvalley.li\/\"},{\"@type\":\"ListItem\",\"position\":2,\"name\":\"Events\",\"item\":\"https:\/\/www.rheinvalley.li\/?page_id=23\"},{\"@type\":\"ListItem\",\"position\":3,\"name\":\"Events 2017\"}]},{\"@type\":\"WebSite\",\"@id\":\"https:\/\/www.rheinvalley.li\/#website\",\"url\":\"https:\/\/www.rheinvalley.li\/\",\"name\":\"Rhein Valley Line Dance Group\",\"description\":\"Weil Tanzen einfach Spass macht...(Schweiz-Liechtenstein-Mallorca)\",\"publisher\":{\"@id\":\"https:\/\/www.rheinvalley.li\/#organization\"},\"potentialAction\":[{\"@type\":\"SearchAction\",\"target\":{\"@type\":\"EntryPoint\",\"urlTemplate\":\"https:\/\/www.rheinvalley.li\/?s={search_term_string}\"},\"query-input\":{\"@type\":\"PropertyValueSpecification\",\"valueRequired\":true,\"valueName\":\"search_term_string\"}}],\"inLanguage\":\"de\"},{\"@type\":\"Organization\",\"@id\":\"https:\/\/www.rheinvalley.li\/#organization\",\"name\":\"Rhein Valley Line Dance Group\",\"url\":\"https:\/\/www.rheinvalley.li\/\",\"logo\":{\"@type\":\"ImageObject\",\"inLanguage\":\"de\",\"@id\":\"https:\/\/www.rheinvalley.li\/#\/schema\/logo\/image\/\",\"url\":\"https:\/\/www.rheinvalley.li\/wp-content\/uploads\/2008\/08\/rheinvalley-hell.jpg\",\"contentUrl\":\"https:\/\/www.rheinvalley.li\/wp-content\/uploads\/2008\/08\/rheinvalley-hell.jpg\",\"width\":112,\"height\":100,\"caption\":\"Rhein Valley Line Dance Group\"},\"image\":{\"@id\":\"https:\/\/www.rheinvalley.li\/#\/schema\/logo\/image\/\"}}]}<\/script>\n<!-- \/ Yoast SEO plugin. -->","yoast_head_json":{"title":"Events 2017 - Rhein Valley Line Dance Group","robots":{"index":"index","follow":"follow","max-snippet":"max-snippet:-1","max-image-preview":"max-image-preview:large","max-video-preview":"max-video-preview:-1"},"canonical":"https:\/\/www.rheinvalley.li\/?page_id=38097","og_locale":"de_DE","og_type":"article","og_title":"Events 2017 - Rhein Valley Line Dance Group","og_description":"Donnerstag, 12. Januar 2017: 20-21 Uhr Line Dance Kurs mit Lizzy in der Nachtigall in Bregenz\/Austria &#8211; danach freies Tanzen f\u00fcr alle &#8211; kommt doch auch &#8211; ein super Ambiente Donnerstag, 19. Januar 2017: Line Dance Kurs von 20-21 Uhr in der Nachtigall in Bregenz mit Lizzy danach freies Tanzen Samstag, 25. M\u00e4rz 2017: 15 [&hellip;]","og_url":"https:\/\/www.rheinvalley.li\/?page_id=38097","og_site_name":"Rhein Valley Line Dance Group","article_modified_time":"2017-12-10T17:41:19+00:00","og_image":[{"url":"http:\/\/www.rheinvalley.li\/wp-content\/uploads\/2017\/03\/Schweizer_Tanzlehrer_Elisabeth-Elkuch-Heid_Urkunde.jpg","type":"","width":"","height":""}],"twitter_misc":{"Gesch\u00e4tzte Lesezeit":"2\u00a0Minuten"},"schema":{"@context":"https:\/\/schema.org","@graph":[{"@type":"WebPage","@id":"https:\/\/www.rheinvalley.li\/?page_id=38097","url":"https:\/\/www.rheinvalley.li\/?page_id=38097","name":"Events 2017 - Rhein Valley Line Dance Group","isPartOf":{"@id":"https:\/\/www.rheinvalley.li\/#website"},"primaryImageOfPage":{"@id":"https:\/\/www.rheinvalley.li\/?page_id=38097#primaryimage"},"image":{"@id":"https:\/\/www.rheinvalley.li\/?page_id=38097#primaryimage"},"thumbnailUrl":"http:\/\/www.rheinvalley.li\/wp-content\/uploads\/2017\/03\/Schweizer_Tanzlehrer_Elisabeth-Elkuch-Heid_Urkunde.jpg","datePublished":"2017-03-26T17:15:37+00:00","dateModified":"2017-12-10T17:41:19+00:00","breadcrumb":{"@id":"https:\/\/www.rheinvalley.li\/?page_id=38097#breadcrumb"},"inLanguage":"de","potentialAction":[{"@type":"ReadAction","target":["https:\/\/www.rheinvalley.li\/?page_id=38097"]}]},{"@type":"ImageObject","inLanguage":"de","@id":"https:\/\/www.rheinvalley.li\/?page_id=38097#primaryimage","url":"http:\/\/www.rheinvalley.li\/wp-content\/uploads\/2017\/03\/Schweizer_Tanzlehrer_Elisabeth-Elkuch-Heid_Urkunde.jpg","contentUrl":"http:\/\/www.rheinvalley.li\/wp-content\/uploads\/2017\/03\/Schweizer_Tanzlehrer_Elisabeth-Elkuch-Heid_Urkunde.jpg"},{"@type":"BreadcrumbList","@id":"https:\/\/www.rheinvalley.li\/?page_id=38097#breadcrumb","itemListElement":[{"@type":"ListItem","position":1,"name":"Home","item":"https:\/\/www.rheinvalley.li\/"},{"@type":"ListItem","position":2,"name":"Events","item":"https:\/\/www.rheinvalley.li\/?page_id=23"},{"@type":"ListItem","position":3,"name":"Events 2017"}]},{"@type":"WebSite","@id":"https:\/\/www.rheinvalley.li\/#website","url":"https:\/\/www.rheinvalley.li\/","name":"Rhein Valley Line Dance Group","description":"Weil Tanzen einfach Spass macht...(Schweiz-Liechtenstein-Mallorca)","publisher":{"@id":"https:\/\/www.rheinvalley.li\/#organization"},"potentialAction":[{"@type":"SearchAction","target":{"@type":"EntryPoint","urlTemplate":"https:\/\/www.rheinvalley.li\/?s={search_term_string}"},"query-input":{"@type":"PropertyValueSpecification","valueRequired":true,"valueName":"search_term_string"}}],"inLanguage":"de"},{"@type":"Organization","@id":"https:\/\/www.rheinvalley.li\/#organization","name":"Rhein Valley Line Dance Group","url":"https:\/\/www.rheinvalley.li\/","logo":{"@type":"ImageObject","inLanguage":"de","@id":"https:\/\/www.rheinvalley.li\/#\/schema\/logo\/image\/","url":"https:\/\/www.rheinvalley.li\/wp-content\/uploads\/2008\/08\/rheinvalley-hell.jpg","contentUrl":"https:\/\/www.rheinvalley.li\/wp-content\/uploads\/2008\/08\/rheinvalley-hell.jpg","width":112,"height":100,"caption":"Rhein Valley Line Dance Group"},"image":{"@id":"https:\/\/www.rheinvalley.li\/#\/schema\/logo\/image\/"}}]}},"_links":{"self":[{"href":"https:\/\/www.rheinvalley.li\/index.php?rest_route=\/wp\/v2\/pages\/38097","targetHints":{"allow":["GET"]}}],"collection":[{"href":"https:\/\/www.rheinvalley.li\/index.php?rest_route=\/wp\/v2\/pages"}],"about":[{"href":"https:\/\/www.rheinvalley.li\/index.php?rest_route=\/wp\/v2\/types\/page"}],"author":[{"embeddable":true,"href":"https:\/\/www.rheinvalley.li\/index.php?rest_route=\/wp\/v2\/users\/2"}],"replies":[{"embeddable":true,"href":"https:\/\/www.rheinvalley.li\/index.php?rest_route=%2Fwp%2Fv2%2Fcomments&post=38097"}],"version-history":[{"count":12,"href":"https:\/\/www.rheinvalley.li\/index.php?rest_route=\/wp\/v2\/pages\/38097\/revisions"}],"predecessor-version":[{"id":44923,"href":"https:\/\/www.rheinvalley.li\/index.php?rest_route=\/wp\/v2\/pages\/38097\/revisions\/44923"}],"up":[{"embeddable":true,"href":"https:\/\/www.rheinvalley.li\/index.php?rest_route=\/wp\/v2\/pages\/23"}],"wp:attachment":[{"href":"https:\/\/www.rheinvalley.li\/index.php?rest_route=%2Fwp%2Fv2%2Fmedia&parent=38097"}],"curies":[{"name":"wp","href":"https:\/\/api.w.org\/{rel}","templated":true}]}}