{"id":53755,"date":"2019-02-12T19:18:31","date_gmt":"2019-02-12T17:18:31","guid":{"rendered":"http:\/\/www.rheinvalley.li\/?page_id=53755"},"modified":"2019-11-05T10:55:02","modified_gmt":"2019-11-05T08:55:02","slug":"events-2019","status":"publish","type":"page","link":"https:\/\/www.rheinvalley.li\/?page_id=53755","title":{"rendered":"Events 2019"},"content":{"rendered":"\n<p><\/p>\n\n\n\n<p><\/p>\n\n\n\n<p><\/p>\n\n\n\n<p><\/p>\n\n\n\n<p><\/p>\n\n\n\n<p><\/p>\n\n\n\n<p><\/p>\n\n\n\n<p><\/p>\n\n\n\n<p><\/p>\n\n\n\n<p><\/p>\n\n\n\n<p><\/p>\n\n\n\n<p><\/p>\n\n\n\n<p><\/p>\n\n\n\n<p><\/p>\n\n\n\n<p><\/p>\n\n\n\n<p><\/p>\n\n\n\n<p><\/p>\n\n\n\n<p><strong>Freitag, 22. Februar 2019:<\/strong> Fasnachts-Line-Dance Party ab 19:30 Uhr in der Dance Hall in Bendern &#8211; Eschnerstrasse 64 &#8211; kommt maskiert &#8211; f\u00fcr Spass ist garantiert &#8211; F\u00fcr Speis und Trank ist gesorgt &#8211; CHF 10.&#8211; (ein Getr\u00e4nk ist inkludiert)<\/p>\n\n\n\n<p><strong>Sonntag, 24. M\u00e4rz 2019:<\/strong> Auftritt und Workshop &#8211; Generalversammlung Frauenverein Vaduz &#8211; Foyer des Vaduzersaals, ca 15:15 Uhr (geschlossene Gesellschaft)<\/p>\n\n\n\n<p><strong>Samstag, 04. Mai 2019:<\/strong> Auftritt LIPO Sargans, abends (geschlossene Gesellschaft)<\/p>\n\n\n\n<p><strong>Sonntag, 05. &#8211; 12. Mai 2019:<\/strong> 38. Line Dance Woche auf Mallorca &#8211; Hotel Marqu\u00e9s in Colonia St. Jordi (ausgebucht)<\/p>\n\n\n\n<p><strong>Sonntag, 12. &#8211; 19. Mai 2019:<\/strong> 39. Line Dance Woche auf Mallorca &#8211; Hotel Marqu\u00e9s &#8211; Chiringuito 5 Illes und Restaurant Molt B\u00e9<\/p>\n\n\n\n<p><strong>Donnerstag, 16. Mai 2019:<\/strong> Auftritt &#8211; Jucker Farm &#8211; Rapperswil-Jona 22 Uhr<\/p>\n\n\n\n<p><strong>Samstag, 08. Juni 2019:<\/strong> Auftritt &#8211; BBQ Schaan 22 Uhr<\/p>\n\n\n\n<p><strong>Donnerstag, 01. August 2019<\/strong>: Auftritt zur Bundesfeier &#8211; Bereits zum 5. Mal kann die Showgroup den Schweizer Nationalfeiertag t\u00e4nzerisch untermalen &#8211; B\u00fcrkliplatz, Z\u00fcrich<\/p>\n\n\n\n<p><strong>Donnerstag, 15. August 2019:<\/strong> Auftritt und Workshop am F\u00fcrstenfest in Vaduz &#8211; Zeit: 16 Uhr auf der Rathausb\u00fchne &#8211; 300 Jahr Feier Liechtenstein <\/p>\n\n\n\n<p><strong>Montag, 09. &#8211; 15. September 2019:<\/strong> 3. Line Dance Woche in Crans Montana &#8211; Hotel Helvetia Intergolf<\/p>\n\n\n\n<p><strong>Sonntag, 06. &#8211; 13. Oktober 2019:<\/strong> 40. Line Dance Woche auf Mallorca &#8211; Hotel Romantica in Colonia St. Jordi<\/p>\n\n\n\n<p><strong>Sonntag, 13. &#8211; 20. Oktober 2019:<\/strong> 41. Line Dance Woche auf Mallorca &#8211; Hotel Laguna in Canyamel<\/p>\n\n\n\n<p><strong>Donnerstag, 07. November 2019: <\/strong>Auftritt und Workshop in R\u00fcmlang\/ZH &#8211; Wild West Anlass auf der Eventalm &#8211; ab ca 20 Uhr<\/p>\n\n\n\n<p><strong>Freitag, 08. November 2019:<\/strong> Auftritt im Gemeindesaal Triesen: Turner Kr\u00e4nzle Triesen 2019, Beginn 20 Uhr<\/p>\n\n\n\n<p><strong>Samstag, 09. November 2019: <\/strong>Auftritt am Turnerkr\u00e4nzle Triesen im Gemeindesaal Triesen, Beginn 13 Uhr<\/p>\n\n\n\n<p><strong>Samstag, 09. November 2019:<\/strong> Auftritt am Turnerkr\u00e4nzle Triesen &#8211; Turnverein Triesen &#8211; Gemeindesaal Triesen, Beginn 20 Uhr<\/p>\n\n\n\n<p><strong>Freitag, 22. November 2019: <\/strong>Workshop in Z\u00fcrich &#8211; Quartierzentrum Friesenberg, Gesundheitshaus Schweighofstrasse 230, 8045 Z\u00fcrich &#8211; 19 bis 22 Uhr  &#8211; alle Stufen sind herzlich willkommen, auch Anf\u00e4nger &#8211; Anmeldungen bitte bis 19. November<\/p>\n","protected":false},"excerpt":{"rendered":"<p>Freitag, 22. Februar 2019: Fasnachts-Line-Dance Party ab 19:30 Uhr in der Dance Hall in Bendern &#8211; Eschnerstrasse 64 &#8211; kommt maskiert &#8211; f\u00fcr Spass ist garantiert &#8211; F\u00fcr Speis und Trank ist gesorgt &#8211; CHF 10.&#8211; (ein Getr\u00e4nk ist inkludiert) Sonntag, 24. M\u00e4rz 2019: Auftritt und Workshop &#8211; Generalversammlung Frauenverein Vaduz &#8211; Foyer des Vaduzersaals, [&hellip;]<\/p>\n","protected":false},"author":2,"featured_media":0,"parent":0,"menu_order":0,"comment_status":"closed","ping_status":"closed","template":"","meta":{"ngg_post_thumbnail":0,"footnotes":""},"class_list":["post-53755","page","type-page","status-publish","hentry"],"yoast_head":"<!-- This site is optimized with the Yoast SEO plugin v26.7 - https:\/\/yoast.com\/wordpress\/plugins\/seo\/ -->\n<title>Events 2019 - Rhein Valley Line Dance Group<\/title>\n<meta name=\"robots\" content=\"index, follow, max-snippet:-1, max-image-preview:large, max-video-preview:-1\" \/>\n<link rel=\"canonical\" href=\"https:\/\/www.rheinvalley.li\/?page_id=53755\" \/>\n<meta property=\"og:locale\" content=\"de_DE\" \/>\n<meta property=\"og:type\" content=\"article\" \/>\n<meta property=\"og:title\" content=\"Events 2019 - Rhein Valley Line Dance Group\" \/>\n<meta property=\"og:description\" content=\"Freitag, 22. Februar 2019: Fasnachts-Line-Dance Party ab 19:30 Uhr in der Dance Hall in Bendern &#8211; Eschnerstrasse 64 &#8211; kommt maskiert &#8211; f\u00fcr Spass ist garantiert &#8211; F\u00fcr Speis und Trank ist gesorgt &#8211; CHF 10.&#8211; (ein Getr\u00e4nk ist inkludiert) Sonntag, 24. M\u00e4rz 2019: Auftritt und Workshop &#8211; Generalversammlung Frauenverein Vaduz &#8211; Foyer des Vaduzersaals, [&hellip;]\" \/>\n<meta property=\"og:url\" content=\"https:\/\/www.rheinvalley.li\/?page_id=53755\" \/>\n<meta property=\"og:site_name\" content=\"Rhein Valley Line Dance Group\" \/>\n<meta property=\"article:modified_time\" content=\"2019-11-05T08:55:02+00:00\" \/>\n<meta name=\"twitter:label1\" content=\"Gesch\u00e4tzte Lesezeit\" \/>\n\t<meta name=\"twitter:data1\" content=\"1\u00a0Minute\" \/>\n<script type=\"application\/ld+json\" class=\"yoast-schema-graph\">{\"@context\":\"https:\/\/schema.org\",\"@graph\":[{\"@type\":\"WebPage\",\"@id\":\"https:\/\/www.rheinvalley.li\/?page_id=53755\",\"url\":\"https:\/\/www.rheinvalley.li\/?page_id=53755\",\"name\":\"Events 2019 - Rhein Valley Line Dance Group\",\"isPartOf\":{\"@id\":\"https:\/\/www.rheinvalley.li\/#website\"},\"datePublished\":\"2019-02-12T17:18:31+00:00\",\"dateModified\":\"2019-11-05T08:55:02+00:00\",\"breadcrumb\":{\"@id\":\"https:\/\/www.rheinvalley.li\/?page_id=53755#breadcrumb\"},\"inLanguage\":\"de\",\"potentialAction\":[{\"@type\":\"ReadAction\",\"target\":[\"https:\/\/www.rheinvalley.li\/?page_id=53755\"]}]},{\"@type\":\"BreadcrumbList\",\"@id\":\"https:\/\/www.rheinvalley.li\/?page_id=53755#breadcrumb\",\"itemListElement\":[{\"@type\":\"ListItem\",\"position\":1,\"name\":\"Home\",\"item\":\"https:\/\/www.rheinvalley.li\/\"},{\"@type\":\"ListItem\",\"position\":2,\"name\":\"Events 2019\"}]},{\"@type\":\"WebSite\",\"@id\":\"https:\/\/www.rheinvalley.li\/#website\",\"url\":\"https:\/\/www.rheinvalley.li\/\",\"name\":\"Rhein Valley Line Dance Group\",\"description\":\"Weil Tanzen einfach Spass macht...(Schweiz-Liechtenstein-Mallorca)\",\"publisher\":{\"@id\":\"https:\/\/www.rheinvalley.li\/#organization\"},\"potentialAction\":[{\"@type\":\"SearchAction\",\"target\":{\"@type\":\"EntryPoint\",\"urlTemplate\":\"https:\/\/www.rheinvalley.li\/?s={search_term_string}\"},\"query-input\":{\"@type\":\"PropertyValueSpecification\",\"valueRequired\":true,\"valueName\":\"search_term_string\"}}],\"inLanguage\":\"de\"},{\"@type\":\"Organization\",\"@id\":\"https:\/\/www.rheinvalley.li\/#organization\",\"name\":\"Rhein Valley Line Dance Group\",\"url\":\"https:\/\/www.rheinvalley.li\/\",\"logo\":{\"@type\":\"ImageObject\",\"inLanguage\":\"de\",\"@id\":\"https:\/\/www.rheinvalley.li\/#\/schema\/logo\/image\/\",\"url\":\"https:\/\/www.rheinvalley.li\/wp-content\/uploads\/2008\/08\/rheinvalley-hell.jpg\",\"contentUrl\":\"https:\/\/www.rheinvalley.li\/wp-content\/uploads\/2008\/08\/rheinvalley-hell.jpg\",\"width\":112,\"height\":100,\"caption\":\"Rhein Valley Line Dance Group\"},\"image\":{\"@id\":\"https:\/\/www.rheinvalley.li\/#\/schema\/logo\/image\/\"}}]}<\/script>\n<!-- \/ Yoast SEO plugin. -->","yoast_head_json":{"title":"Events 2019 - Rhein Valley Line Dance Group","robots":{"index":"index","follow":"follow","max-snippet":"max-snippet:-1","max-image-preview":"max-image-preview:large","max-video-preview":"max-video-preview:-1"},"canonical":"https:\/\/www.rheinvalley.li\/?page_id=53755","og_locale":"de_DE","og_type":"article","og_title":"Events 2019 - Rhein Valley Line Dance Group","og_description":"Freitag, 22. Februar 2019: Fasnachts-Line-Dance Party ab 19:30 Uhr in der Dance Hall in Bendern &#8211; Eschnerstrasse 64 &#8211; kommt maskiert &#8211; f\u00fcr Spass ist garantiert &#8211; F\u00fcr Speis und Trank ist gesorgt &#8211; CHF 10.&#8211; (ein Getr\u00e4nk ist inkludiert) Sonntag, 24. M\u00e4rz 2019: Auftritt und Workshop &#8211; Generalversammlung Frauenverein Vaduz &#8211; Foyer des Vaduzersaals, [&hellip;]","og_url":"https:\/\/www.rheinvalley.li\/?page_id=53755","og_site_name":"Rhein Valley Line Dance Group","article_modified_time":"2019-11-05T08:55:02+00:00","twitter_misc":{"Gesch\u00e4tzte Lesezeit":"1\u00a0Minute"},"schema":{"@context":"https:\/\/schema.org","@graph":[{"@type":"WebPage","@id":"https:\/\/www.rheinvalley.li\/?page_id=53755","url":"https:\/\/www.rheinvalley.li\/?page_id=53755","name":"Events 2019 - Rhein Valley Line Dance Group","isPartOf":{"@id":"https:\/\/www.rheinvalley.li\/#website"},"datePublished":"2019-02-12T17:18:31+00:00","dateModified":"2019-11-05T08:55:02+00:00","breadcrumb":{"@id":"https:\/\/www.rheinvalley.li\/?page_id=53755#breadcrumb"},"inLanguage":"de","potentialAction":[{"@type":"ReadAction","target":["https:\/\/www.rheinvalley.li\/?page_id=53755"]}]},{"@type":"BreadcrumbList","@id":"https:\/\/www.rheinvalley.li\/?page_id=53755#breadcrumb","itemListElement":[{"@type":"ListItem","position":1,"name":"Home","item":"https:\/\/www.rheinvalley.li\/"},{"@type":"ListItem","position":2,"name":"Events 2019"}]},{"@type":"WebSite","@id":"https:\/\/www.rheinvalley.li\/#website","url":"https:\/\/www.rheinvalley.li\/","name":"Rhein Valley Line Dance Group","description":"Weil Tanzen einfach Spass macht...(Schweiz-Liechtenstein-Mallorca)","publisher":{"@id":"https:\/\/www.rheinvalley.li\/#organization"},"potentialAction":[{"@type":"SearchAction","target":{"@type":"EntryPoint","urlTemplate":"https:\/\/www.rheinvalley.li\/?s={search_term_string}"},"query-input":{"@type":"PropertyValueSpecification","valueRequired":true,"valueName":"search_term_string"}}],"inLanguage":"de"},{"@type":"Organization","@id":"https:\/\/www.rheinvalley.li\/#organization","name":"Rhein Valley Line Dance Group","url":"https:\/\/www.rheinvalley.li\/","logo":{"@type":"ImageObject","inLanguage":"de","@id":"https:\/\/www.rheinvalley.li\/#\/schema\/logo\/image\/","url":"https:\/\/www.rheinvalley.li\/wp-content\/uploads\/2008\/08\/rheinvalley-hell.jpg","contentUrl":"https:\/\/www.rheinvalley.li\/wp-content\/uploads\/2008\/08\/rheinvalley-hell.jpg","width":112,"height":100,"caption":"Rhein Valley Line Dance Group"},"image":{"@id":"https:\/\/www.rheinvalley.li\/#\/schema\/logo\/image\/"}}]}},"_links":{"self":[{"href":"https:\/\/www.rheinvalley.li\/index.php?rest_route=\/wp\/v2\/pages\/53755","targetHints":{"allow":["GET"]}}],"collection":[{"href":"https:\/\/www.rheinvalley.li\/index.php?rest_route=\/wp\/v2\/pages"}],"about":[{"href":"https:\/\/www.rheinvalley.li\/index.php?rest_route=\/wp\/v2\/types\/page"}],"author":[{"embeddable":true,"href":"https:\/\/www.rheinvalley.li\/index.php?rest_route=\/wp\/v2\/users\/2"}],"replies":[{"embeddable":true,"href":"https:\/\/www.rheinvalley.li\/index.php?rest_route=%2Fwp%2Fv2%2Fcomments&post=53755"}],"version-history":[{"count":11,"href":"https:\/\/www.rheinvalley.li\/index.php?rest_route=\/wp\/v2\/pages\/53755\/revisions"}],"predecessor-version":[{"id":59431,"href":"https:\/\/www.rheinvalley.li\/index.php?rest_route=\/wp\/v2\/pages\/53755\/revisions\/59431"}],"wp:attachment":[{"href":"https:\/\/www.rheinvalley.li\/index.php?rest_route=%2Fwp%2Fv2%2Fmedia&parent=53755"}],"curies":[{"name":"wp","href":"https:\/\/api.w.org\/{rel}","templated":true}]}}