{"id":771,"date":"2008-09-11T12:53:04","date_gmt":"2008-09-11T10:53:04","guid":{"rendered":"http:\/\/www.rheinvalley.li\/?page_id=771"},"modified":"2014-01-25T11:36:15","modified_gmt":"2014-01-25T09:36:15","slug":"musikschule-elisabeth-elkuch-heid","status":"publish","type":"page","link":"https:\/\/www.rheinvalley.li\/?page_id=771","title":{"rendered":"Rhein Valley Music School &#8211; Musikschule Elisabeth Elkuch-Heid"},"content":{"rendered":"<p><strong>Sonntag, 26.06.11:<\/strong> 10.30 Uhr Vorspielstunde der Rhein Valley Music School mit Klavier- und Keyboardsch\u00fclern von Elisabeth Elkuch-Heid<br \/>\nGut 80 Minuten boten sie einen Reigen verschiedener Melodien von Boogie \u00fcber Swing zu Klassik.<br \/>ngg_shortcode_0_placeholder\n<p><em>Ein Klick auf das Bild \u00f6ffnet den Fotostream<\/em><\/p>\n<p>10. September 2008: Vorspielabend im Vereinshaus Gamprin \u00a0<a class=\"tt-flickr tt-flickr-Thumbnail\" href=\"http:\/\/www.flickr.com\/photos\/21287259@N07\/sets\/72157607225203220\/\"><img loading=\"lazy\" decoding=\"async\" src=\"http:\/\/farm4.static.flickr.com\/3144\/2847285785_12d427a40d_t.jpg\" border=\"0\" alt=\"20 Jahre Musikschule Elisabeth Elkuch-Heid\" width=\"100\" height=\"75\" \/><\/a><\/p>\n","protected":false},"excerpt":{"rendered":"<p>Sonntag, 26.06.11: 10.30 Uhr Vorspielstunde der Rhein Valley Music School mit Klavier- und Keyboardsch\u00fclern von Elisabeth Elkuch-Heid Gut 80 Minuten boten sie einen Reigen verschiedener Melodien von Boogie \u00fcber Swing zu Klassik. Ein Klick auf das Bild \u00f6ffnet den Fotostream 10. September 2008: Vorspielabend im Vereinshaus Gamprin \u00a0<\/p>\n","protected":false},"author":2,"featured_media":0,"parent":153,"menu_order":82,"comment_status":"open","ping_status":"closed","template":"","meta":{"ngg_post_thumbnail":0,"footnotes":""},"class_list":["post-771","page","type-page","status-publish","hentry"],"yoast_head":"<!-- This site is optimized with the Yoast SEO plugin v26.7 - https:\/\/yoast.com\/wordpress\/plugins\/seo\/ -->\n<title>Rhein Valley Music School - Musikschule Elisabeth Elkuch-Heid - Rhein Valley Line Dance Group<\/title>\n<meta name=\"robots\" content=\"index, follow, max-snippet:-1, max-image-preview:large, max-video-preview:-1\" \/>\n<link rel=\"canonical\" href=\"https:\/\/www.rheinvalley.li\/?page_id=771\" \/>\n<meta property=\"og:locale\" content=\"de_DE\" \/>\n<meta property=\"og:type\" content=\"article\" \/>\n<meta property=\"og:title\" content=\"Rhein Valley Music School - Musikschule Elisabeth Elkuch-Heid - Rhein Valley Line Dance Group\" \/>\n<meta property=\"og:description\" content=\"Sonntag, 26.06.11: 10.30 Uhr Vorspielstunde der Rhein Valley Music School mit Klavier- und Keyboardsch\u00fclern von Elisabeth Elkuch-Heid Gut 80 Minuten boten sie einen Reigen verschiedener Melodien von Boogie \u00fcber Swing zu Klassik. Ein Klick auf das Bild \u00f6ffnet den Fotostream 10. September 2008: Vorspielabend im Vereinshaus Gamprin \u00a0\" \/>\n<meta property=\"og:url\" content=\"https:\/\/www.rheinvalley.li\/?page_id=771\" \/>\n<meta property=\"og:site_name\" content=\"Rhein Valley Line Dance Group\" \/>\n<meta property=\"article:modified_time\" content=\"2014-01-25T09:36:15+00:00\" \/>\n<meta property=\"og:image\" content=\"http:\/\/farm4.static.flickr.com\/3144\/2847285785_12d427a40d_t.jpg\" \/>\n<script type=\"application\/ld+json\" class=\"yoast-schema-graph\">{\"@context\":\"https:\/\/schema.org\",\"@graph\":[{\"@type\":\"WebPage\",\"@id\":\"https:\/\/www.rheinvalley.li\/?page_id=771\",\"url\":\"https:\/\/www.rheinvalley.li\/?page_id=771\",\"name\":\"Rhein Valley Music School - Musikschule Elisabeth Elkuch-Heid - Rhein Valley Line Dance Group\",\"isPartOf\":{\"@id\":\"https:\/\/www.rheinvalley.li\/#website\"},\"primaryImageOfPage\":{\"@id\":\"https:\/\/www.rheinvalley.li\/?page_id=771#primaryimage\"},\"image\":{\"@id\":\"https:\/\/www.rheinvalley.li\/?page_id=771#primaryimage\"},\"thumbnailUrl\":\"http:\/\/farm4.static.flickr.com\/3144\/2847285785_12d427a40d_t.jpg\",\"datePublished\":\"2008-09-11T10:53:04+00:00\",\"dateModified\":\"2014-01-25T09:36:15+00:00\",\"breadcrumb\":{\"@id\":\"https:\/\/www.rheinvalley.li\/?page_id=771#breadcrumb\"},\"inLanguage\":\"de\",\"potentialAction\":[{\"@type\":\"ReadAction\",\"target\":[\"https:\/\/www.rheinvalley.li\/?page_id=771\"]}]},{\"@type\":\"ImageObject\",\"inLanguage\":\"de\",\"@id\":\"https:\/\/www.rheinvalley.li\/?page_id=771#primaryimage\",\"url\":\"http:\/\/farm4.static.flickr.com\/3144\/2847285785_12d427a40d_t.jpg\",\"contentUrl\":\"http:\/\/farm4.static.flickr.com\/3144\/2847285785_12d427a40d_t.jpg\"},{\"@type\":\"BreadcrumbList\",\"@id\":\"https:\/\/www.rheinvalley.li\/?page_id=771#breadcrumb\",\"itemListElement\":[{\"@type\":\"ListItem\",\"position\":1,\"name\":\"Home\",\"item\":\"https:\/\/www.rheinvalley.li\/\"},{\"@type\":\"ListItem\",\"position\":2,\"name\":\"Fotos\",\"item\":\"https:\/\/www.rheinvalley.li\/?page_id=153\"},{\"@type\":\"ListItem\",\"position\":3,\"name\":\"Rhein Valley Music School &#8211; Musikschule Elisabeth Elkuch-Heid\"}]},{\"@type\":\"WebSite\",\"@id\":\"https:\/\/www.rheinvalley.li\/#website\",\"url\":\"https:\/\/www.rheinvalley.li\/\",\"name\":\"Rhein Valley Line Dance Group\",\"description\":\"Weil Tanzen einfach Spass macht...(Schweiz-Liechtenstein-Mallorca)\",\"publisher\":{\"@id\":\"https:\/\/www.rheinvalley.li\/#organization\"},\"potentialAction\":[{\"@type\":\"SearchAction\",\"target\":{\"@type\":\"EntryPoint\",\"urlTemplate\":\"https:\/\/www.rheinvalley.li\/?s={search_term_string}\"},\"query-input\":{\"@type\":\"PropertyValueSpecification\",\"valueRequired\":true,\"valueName\":\"search_term_string\"}}],\"inLanguage\":\"de\"},{\"@type\":\"Organization\",\"@id\":\"https:\/\/www.rheinvalley.li\/#organization\",\"name\":\"Rhein Valley Line Dance Group\",\"url\":\"https:\/\/www.rheinvalley.li\/\",\"logo\":{\"@type\":\"ImageObject\",\"inLanguage\":\"de\",\"@id\":\"https:\/\/www.rheinvalley.li\/#\/schema\/logo\/image\/\",\"url\":\"https:\/\/www.rheinvalley.li\/wp-content\/uploads\/2008\/08\/rheinvalley-hell.jpg\",\"contentUrl\":\"https:\/\/www.rheinvalley.li\/wp-content\/uploads\/2008\/08\/rheinvalley-hell.jpg\",\"width\":112,\"height\":100,\"caption\":\"Rhein Valley Line Dance Group\"},\"image\":{\"@id\":\"https:\/\/www.rheinvalley.li\/#\/schema\/logo\/image\/\"}}]}<\/script>\n<!-- \/ Yoast SEO plugin. -->","yoast_head_json":{"title":"Rhein Valley Music School - Musikschule Elisabeth Elkuch-Heid - Rhein Valley Line Dance Group","robots":{"index":"index","follow":"follow","max-snippet":"max-snippet:-1","max-image-preview":"max-image-preview:large","max-video-preview":"max-video-preview:-1"},"canonical":"https:\/\/www.rheinvalley.li\/?page_id=771","og_locale":"de_DE","og_type":"article","og_title":"Rhein Valley Music School - Musikschule Elisabeth Elkuch-Heid - Rhein Valley Line Dance Group","og_description":"Sonntag, 26.06.11: 10.30 Uhr Vorspielstunde der Rhein Valley Music School mit Klavier- und Keyboardsch\u00fclern von Elisabeth Elkuch-Heid Gut 80 Minuten boten sie einen Reigen verschiedener Melodien von Boogie \u00fcber Swing zu Klassik. Ein Klick auf das Bild \u00f6ffnet den Fotostream 10. September 2008: Vorspielabend im Vereinshaus Gamprin \u00a0","og_url":"https:\/\/www.rheinvalley.li\/?page_id=771","og_site_name":"Rhein Valley Line Dance Group","article_modified_time":"2014-01-25T09:36:15+00:00","og_image":[{"url":"http:\/\/farm4.static.flickr.com\/3144\/2847285785_12d427a40d_t.jpg","type":"","width":"","height":""}],"schema":{"@context":"https:\/\/schema.org","@graph":[{"@type":"WebPage","@id":"https:\/\/www.rheinvalley.li\/?page_id=771","url":"https:\/\/www.rheinvalley.li\/?page_id=771","name":"Rhein Valley Music School - Musikschule Elisabeth Elkuch-Heid - Rhein Valley Line Dance Group","isPartOf":{"@id":"https:\/\/www.rheinvalley.li\/#website"},"primaryImageOfPage":{"@id":"https:\/\/www.rheinvalley.li\/?page_id=771#primaryimage"},"image":{"@id":"https:\/\/www.rheinvalley.li\/?page_id=771#primaryimage"},"thumbnailUrl":"http:\/\/farm4.static.flickr.com\/3144\/2847285785_12d427a40d_t.jpg","datePublished":"2008-09-11T10:53:04+00:00","dateModified":"2014-01-25T09:36:15+00:00","breadcrumb":{"@id":"https:\/\/www.rheinvalley.li\/?page_id=771#breadcrumb"},"inLanguage":"de","potentialAction":[{"@type":"ReadAction","target":["https:\/\/www.rheinvalley.li\/?page_id=771"]}]},{"@type":"ImageObject","inLanguage":"de","@id":"https:\/\/www.rheinvalley.li\/?page_id=771#primaryimage","url":"http:\/\/farm4.static.flickr.com\/3144\/2847285785_12d427a40d_t.jpg","contentUrl":"http:\/\/farm4.static.flickr.com\/3144\/2847285785_12d427a40d_t.jpg"},{"@type":"BreadcrumbList","@id":"https:\/\/www.rheinvalley.li\/?page_id=771#breadcrumb","itemListElement":[{"@type":"ListItem","position":1,"name":"Home","item":"https:\/\/www.rheinvalley.li\/"},{"@type":"ListItem","position":2,"name":"Fotos","item":"https:\/\/www.rheinvalley.li\/?page_id=153"},{"@type":"ListItem","position":3,"name":"Rhein Valley Music School &#8211; Musikschule Elisabeth Elkuch-Heid"}]},{"@type":"WebSite","@id":"https:\/\/www.rheinvalley.li\/#website","url":"https:\/\/www.rheinvalley.li\/","name":"Rhein Valley Line Dance Group","description":"Weil Tanzen einfach Spass macht...(Schweiz-Liechtenstein-Mallorca)","publisher":{"@id":"https:\/\/www.rheinvalley.li\/#organization"},"potentialAction":[{"@type":"SearchAction","target":{"@type":"EntryPoint","urlTemplate":"https:\/\/www.rheinvalley.li\/?s={search_term_string}"},"query-input":{"@type":"PropertyValueSpecification","valueRequired":true,"valueName":"search_term_string"}}],"inLanguage":"de"},{"@type":"Organization","@id":"https:\/\/www.rheinvalley.li\/#organization","name":"Rhein Valley Line Dance Group","url":"https:\/\/www.rheinvalley.li\/","logo":{"@type":"ImageObject","inLanguage":"de","@id":"https:\/\/www.rheinvalley.li\/#\/schema\/logo\/image\/","url":"https:\/\/www.rheinvalley.li\/wp-content\/uploads\/2008\/08\/rheinvalley-hell.jpg","contentUrl":"https:\/\/www.rheinvalley.li\/wp-content\/uploads\/2008\/08\/rheinvalley-hell.jpg","width":112,"height":100,"caption":"Rhein Valley Line Dance Group"},"image":{"@id":"https:\/\/www.rheinvalley.li\/#\/schema\/logo\/image\/"}}]}},"_links":{"self":[{"href":"https:\/\/www.rheinvalley.li\/index.php?rest_route=\/wp\/v2\/pages\/771","targetHints":{"allow":["GET"]}}],"collection":[{"href":"https:\/\/www.rheinvalley.li\/index.php?rest_route=\/wp\/v2\/pages"}],"about":[{"href":"https:\/\/www.rheinvalley.li\/index.php?rest_route=\/wp\/v2\/types\/page"}],"author":[{"embeddable":true,"href":"https:\/\/www.rheinvalley.li\/index.php?rest_route=\/wp\/v2\/users\/2"}],"replies":[{"embeddable":true,"href":"https:\/\/www.rheinvalley.li\/index.php?rest_route=%2Fwp%2Fv2%2Fcomments&post=771"}],"version-history":[{"count":9,"href":"https:\/\/www.rheinvalley.li\/index.php?rest_route=\/wp\/v2\/pages\/771\/revisions"}],"predecessor-version":[{"id":3522,"href":"https:\/\/www.rheinvalley.li\/index.php?rest_route=\/wp\/v2\/pages\/771\/revisions\/3522"}],"up":[{"embeddable":true,"href":"https:\/\/www.rheinvalley.li\/index.php?rest_route=\/wp\/v2\/pages\/153"}],"wp:attachment":[{"href":"https:\/\/www.rheinvalley.li\/index.php?rest_route=%2Fwp%2Fv2%2Fmedia&parent=771"}],"curies":[{"name":"wp","href":"https:\/\/api.w.org\/{rel}","templated":true}]}}